{"id":751848,"date":"2025-06-13T12:37:00","date_gmt":"2025-06-13T09:37:00","guid":{"rendered":"https:\/\/nextsnkr.com\/product\/ugg-mini-black-suede\/"},"modified":"2026-02-02T15:10:39","modified_gmt":"2026-02-02T12:10:39","slug":"ugg-mini-black-suede","status":"publish","type":"product","link":"https:\/\/nextsnkr.com\/lv\/product\/ugg-mini-black-suede\/","title":{"rendered":"Ugg Mini Black Suede z\u0101baki &#8211; sievie\u0161u zam\u0161\u0101das ar dab\u012bgu ait\u0101du"},"content":{"rendered":"<h2>Ugg Mini Black Suede z\u0101baki &#8211; sievie\u0161u zam\u0161\u0101das ar dab\u012bgu ait\u0101du<\/h2>\n<p>&nbsp;<\/p>\n<p>Ugg Mini Black Suede z\u0101baki ir siltuma, komforta un stil\u012bga minim\u0101lisma dizaina kombin\u0101cija. Modelis ir izgatavots no m\u012bkstas zam\u0161\u0101das un iek\u0161pus\u0113 ir izol\u0113ts ar dab\u012bgu ait\u0101du, kas nodro\u0161ina lielisku siltumizol\u0101ciju pat aukst\u0101 laik\u0101. Viegla un elast\u012bga zole nodro\u0161ina komfortu ikdienas lieto\u0161anas laik\u0101. Klasisk\u0101 meln\u0101 kr\u0101sa ir viegli savienojama ar jebkuru izskatu. Izv\u0113lieties Ugg Mini-siltumu, stilu un maksim\u0101lu \u0113rt\u012bbu katru dienu.<\/p>\n","protected":false},"excerpt":{"rendered":"<p>Ugg Mini Black Suede z\u0101baki ir siltuma, komforta un stil\u012bga minim\u0101lisma dizaina kombin\u0101cija. Modelis ir izgatavots no m\u012bkstas zam\u0161\u0101das un iek\u0161pus\u0113 ir izol\u0113ts ar dab\u012bgu ait\u0101du, kas nodro\u0161ina lielisku siltumizol\u0101ciju pat aukst\u0101 laik\u0101. Viegla un elast\u012bga zole nodro\u0161ina komfortu ikdienas lieto\u0161anas laik\u0101. Klasisk\u0101 meln\u0101 kr\u0101sa ir viegli savienojama ar jebkuru izskatu. Izv\u0113lieties Ugg Mini-siltumu, stilu un maksim\u0101lu \u0113rt\u012bbu katru dienu.<\/p>\n","protected":false},"featured_media":751849,"comment_status":"open","ping_status":"open","template":"","meta":[],"product_brand":[],"product_cat":[3411,3251],"product_tag":[],"class_list":{"0":"post-751848","1":"product","2":"type-product","3":"status-publish","4":"has-post-thumbnail","6":"product_cat-ugg","7":"product_cat-all-product","8":"pa_rozmir-910","9":"pa_rozmir-912","10":"pa_rozmir-914","11":"pa_rozmir-915","12":"pa_rozmir-916","13":"pa_rozmir-917","14":"pa_rozmir-918","15":"pa_rozmir-919","16":"pa_rozmir-920","17":"pa_rozmir-921","18":"pa_rozmir-922","20":"first","21":"onbackorder","22":"purchasable","23":"product-type-variable"},"_links":{"self":[{"href":"https:\/\/nextsnkr.com\/lv\/wp-json\/wp\/v2\/product\/751848","targetHints":{"allow":["GET"]}}],"collection":[{"href":"https:\/\/nextsnkr.com\/lv\/wp-json\/wp\/v2\/product"}],"about":[{"href":"https:\/\/nextsnkr.com\/lv\/wp-json\/wp\/v2\/types\/product"}],"replies":[{"embeddable":true,"href":"https:\/\/nextsnkr.com\/lv\/wp-json\/wp\/v2\/comments?post=751848"}],"version-history":[{"count":0,"href":"https:\/\/nextsnkr.com\/lv\/wp-json\/wp\/v2\/product\/751848\/revisions"}],"wp:featuredmedia":[{"embeddable":true,"href":"https:\/\/nextsnkr.com\/lv\/wp-json\/wp\/v2\/media\/751849"}],"wp:attachment":[{"href":"https:\/\/nextsnkr.com\/lv\/wp-json\/wp\/v2\/media?parent=751848"}],"wp:term":[{"taxonomy":"product_brand","embeddable":true,"href":"https:\/\/nextsnkr.com\/lv\/wp-json\/wp\/v2\/product_brand?post=751848"},{"taxonomy":"product_cat","embeddable":true,"href":"https:\/\/nextsnkr.com\/lv\/wp-json\/wp\/v2\/product_cat?post=751848"},{"taxonomy":"product_tag","embeddable":true,"href":"https:\/\/nextsnkr.com\/lv\/wp-json\/wp\/v2\/product_tag?post=751848"}],"curies":[{"name":"wp","href":"https:\/\/api.w.org\/{rel}","templated":true}]}}