{"id":751341,"date":"2025-06-13T12:38:20","date_gmt":"2025-06-13T09:38:20","guid":{"rendered":"https:\/\/nextsnkr.com\/product\/ugg-mini-grey-lux\/"},"modified":"2026-02-02T15:10:25","modified_gmt":"2026-02-02T12:10:25","slug":"ugg-mini-grey-lux","status":"publish","type":"product","link":"https:\/\/nextsnkr.com\/lv\/product\/ugg-mini-grey-lux\/","title":{"rendered":"Ugg Mini Grey Lux &#8211; stil\u012bgs sievie\u0161u uggs pel\u0113k\u0101 kr\u0101s\u0101"},"content":{"rendered":"<h2>Ugg Mini Grey Lux &#8211; stil\u012bgs sievie\u0161u uggs pel\u0113k\u0101 kr\u0101s\u0101<\/h2>\n<p>&nbsp;<\/p>\n<p>Ugg Mini Grey Lux ir elegants un silts sievie\u0161u uggs, kas paredz\u0113ts \u0113rtai pastaigai aukstaj\u0101 sezon\u0101. M\u012bkstais iek\u0161\u0113jais sl\u0101nis nodro\u0161ina m\u0101j\u012bgumu, un stil\u012bgais pel\u0113kais tonis viegli sader ar jebkuru dr\u0113bju skapi. Viegl\u0101 zole nodro\u0161ina amortiz\u0101ciju un p\u0101rliecino\u0161u soli. Ugg Mini Grey Lux ir ide\u0101la izv\u0113le tiem, kas nov\u0113rt\u0113 siltumu, komfortu un m\u016bsdien\u012bgu minim\u0101lisma stilu.<\/p>\n","protected":false},"excerpt":{"rendered":"<p>Ugg Mini Grey Lux ir elegants un silts sievie\u0161u uggs, kas paredz\u0113ts \u0113rtai pastaigai aukstaj\u0101 sezon\u0101. M\u012bkstais iek\u0161\u0113jais sl\u0101nis nodro\u0161ina m\u0101j\u012bgumu, un stil\u012bgais pel\u0113kais tonis viegli sader ar jebkuru dr\u0113bju skapi. Viegl\u0101 zole nodro\u0161ina amortiz\u0101ciju un p\u0101rliecino\u0161u soli. Ugg Mini Grey Lux ir ide\u0101la izv\u0113le tiem, kas nov\u0113rt\u0113 siltumu, komfortu un m\u016bsdien\u012bgu minim\u0101lisma stilu.<\/p>\n","protected":false},"featured_media":751342,"comment_status":"open","ping_status":"open","template":"","meta":[],"product_brand":[],"product_cat":[3411,3251],"product_tag":[],"class_list":{"0":"post-751341","1":"product","2":"type-product","3":"status-publish","4":"has-post-thumbnail","6":"product_cat-ugg","7":"product_cat-all-product","8":"pa_rozmir-910","9":"pa_rozmir-912","10":"pa_rozmir-914","11":"pa_rozmir-915","12":"pa_rozmir-916","13":"pa_rozmir-917","14":"pa_rozmir-918","15":"pa_rozmir-919","16":"pa_rozmir-920","17":"pa_rozmir-921","18":"pa_rozmir-922","20":"first","21":"instock","22":"purchasable","23":"product-type-variable"},"_links":{"self":[{"href":"https:\/\/nextsnkr.com\/lv\/wp-json\/wp\/v2\/product\/751341","targetHints":{"allow":["GET"]}}],"collection":[{"href":"https:\/\/nextsnkr.com\/lv\/wp-json\/wp\/v2\/product"}],"about":[{"href":"https:\/\/nextsnkr.com\/lv\/wp-json\/wp\/v2\/types\/product"}],"replies":[{"embeddable":true,"href":"https:\/\/nextsnkr.com\/lv\/wp-json\/wp\/v2\/comments?post=751341"}],"version-history":[{"count":0,"href":"https:\/\/nextsnkr.com\/lv\/wp-json\/wp\/v2\/product\/751341\/revisions"}],"wp:featuredmedia":[{"embeddable":true,"href":"https:\/\/nextsnkr.com\/lv\/wp-json\/wp\/v2\/media\/751342"}],"wp:attachment":[{"href":"https:\/\/nextsnkr.com\/lv\/wp-json\/wp\/v2\/media?parent=751341"}],"wp:term":[{"taxonomy":"product_brand","embeddable":true,"href":"https:\/\/nextsnkr.com\/lv\/wp-json\/wp\/v2\/product_brand?post=751341"},{"taxonomy":"product_cat","embeddable":true,"href":"https:\/\/nextsnkr.com\/lv\/wp-json\/wp\/v2\/product_cat?post=751341"},{"taxonomy":"product_tag","embeddable":true,"href":"https:\/\/nextsnkr.com\/lv\/wp-json\/wp\/v2\/product_tag?post=751341"}],"curies":[{"name":"wp","href":"https:\/\/api.w.org\/{rel}","templated":true}]}}