{"id":750158,"date":"2025-06-13T12:41:15","date_gmt":"2025-06-13T09:41:15","guid":{"rendered":"https:\/\/nextsnkr.com\/product\/ugg-classic-mini-ii-boot-beige-pink-rasprodazha\/"},"modified":"2026-02-02T15:09:40","modified_gmt":"2026-02-02T12:09:40","slug":"ugg-classic-mini-ii-boot-beige-pink-rasprodazha","status":"publish","type":"product","link":"https:\/\/nextsnkr.com\/lv\/product\/ugg-classic-mini-ii-boot-beige-pink-rasprodazha\/","title":{"rendered":"UGG Classic Mini II Boot Beige Pink-sievie\u0161u ziemas uggs ar ait\u0101du"},"content":{"rendered":"<h2>UGG Classic Mini II Boot Beige Pink-sievie\u0161u ziemas uggs ar ait\u0101du<\/h2>\n<p>&nbsp;<\/p>\n<p>UGG Classic Mini II Boot Beige Pink ir stil\u012bgs un silts sievie\u0161u uggs, kas izgatavots no dab\u012bgas zam\u0161\u0101das un m\u012bkstas ait\u0101das. Tie nodro\u0161ina izcilu siltumizol\u0101ciju un komfortu aukstaj\u0101 sezon\u0101. Austr\u0101lijas modelim ir maiga smil\u0161kr\u0101sas un roz\u0101 kombin\u0101cija, kas viegli atbilst Ziemas izskatam. Viegls, m\u0101j\u012bgs un iztur\u012bgs, \u0161ie uggs b\u016bs ide\u0101la izv\u0113le ikdienas valk\u0101\u0161anai.<\/p>\n","protected":false},"excerpt":{"rendered":"<p>UGG Classic Mini II Boot Beige Pink ir stil\u012bgs un silts sievie\u0161u uggs, kas izgatavots no dab\u012bgas zam\u0161\u0101das un m\u012bkstas ait\u0101das. Tie nodro\u0161ina izcilu siltumizol\u0101ciju un komfortu aukstaj\u0101 sezon\u0101. Austr\u0101lijas modelim ir maiga smil\u0161kr\u0101sas un roz\u0101 kombin\u0101cija, kas viegli atbilst Ziemas izskatam. Viegls, m\u0101j\u012bgs un iztur\u012bgs, \u0161ie uggs b\u016bs ide\u0101la izv\u0113le ikdienas valk\u0101\u0161anai.<\/p>\n","protected":false},"featured_media":750159,"comment_status":"open","ping_status":"open","template":"","meta":[],"product_brand":[],"product_cat":[3411,3251],"product_tag":[],"class_list":{"0":"post-750158","1":"product","2":"type-product","3":"status-publish","4":"has-post-thumbnail","6":"product_cat-ugg","7":"product_cat-all-product","8":"pa_rozmir-923","9":"pa_rozmir-910","10":"pa_rozmir-912","11":"pa_rozmir-914","12":"pa_rozmir-915","13":"pa_rozmir-916","14":"pa_rozmir-917","15":"pa_rozmir-918","16":"pa_rozmir-919","17":"pa_rozmir-920","18":"pa_rozmir-921","20":"first","21":"onbackorder","22":"purchasable","23":"product-type-variable"},"_links":{"self":[{"href":"https:\/\/nextsnkr.com\/lv\/wp-json\/wp\/v2\/product\/750158","targetHints":{"allow":["GET"]}}],"collection":[{"href":"https:\/\/nextsnkr.com\/lv\/wp-json\/wp\/v2\/product"}],"about":[{"href":"https:\/\/nextsnkr.com\/lv\/wp-json\/wp\/v2\/types\/product"}],"replies":[{"embeddable":true,"href":"https:\/\/nextsnkr.com\/lv\/wp-json\/wp\/v2\/comments?post=750158"}],"version-history":[{"count":0,"href":"https:\/\/nextsnkr.com\/lv\/wp-json\/wp\/v2\/product\/750158\/revisions"}],"wp:featuredmedia":[{"embeddable":true,"href":"https:\/\/nextsnkr.com\/lv\/wp-json\/wp\/v2\/media\/750159"}],"wp:attachment":[{"href":"https:\/\/nextsnkr.com\/lv\/wp-json\/wp\/v2\/media?parent=750158"}],"wp:term":[{"taxonomy":"product_brand","embeddable":true,"href":"https:\/\/nextsnkr.com\/lv\/wp-json\/wp\/v2\/product_brand?post=750158"},{"taxonomy":"product_cat","embeddable":true,"href":"https:\/\/nextsnkr.com\/lv\/wp-json\/wp\/v2\/product_cat?post=750158"},{"taxonomy":"product_tag","embeddable":true,"href":"https:\/\/nextsnkr.com\/lv\/wp-json\/wp\/v2\/product_tag?post=750158"}],"curies":[{"name":"wp","href":"https:\/\/api.w.org\/{rel}","templated":true}]}}