{"id":748124,"date":"2025-06-14T16:02:56","date_gmt":"2025-06-14T13:02:56","guid":{"rendered":"https:\/\/nextsnkr.com\/product\/adidas-yeezy-350-zyon\/"},"modified":"2026-02-02T15:08:27","modified_gmt":"2026-02-02T12:08:27","slug":"adidas-yeezy-350-zyon","status":"publish","type":"product","link":"https:\/\/nextsnkr.com\/lv\/product\/adidas-yeezy-350-zyon\/","title":{"rendered":"Adidas Yeezy 350 Zyon \u010d\u012bbas &#8211; v\u012brie\u0161u tekstila \u010d\u012bbas"},"content":{"rendered":"<h2>Adidas Yeezy 350 Zyon \u010d\u012bbas &#8211; v\u012brie\u0161u tekstila \u010d\u012bbas<\/h2>\n<p>&nbsp;<\/p>\n<p>Adidas Yeezy 350 Zyon ir stil\u012bgas v\u012brie\u0161u \u010d\u012bbas, kas izgatavotas no augstas kvalit\u0101tes tekstilizstr\u0101d\u0101jumiem, apvienojot komfortu, vieglumu un modernu dizainu. Modelis ir ide\u0101li piem\u0113rots ikdienas valk\u0101\u0161anai, \u0101ra aktivit\u0101t\u0113m un pils\u0113tas stilam. M\u012bkst\u0101 triecienu absorb\u0113jo\u0161\u0101 zole nodro\u0161ina atbalstu un \u0113rt\u012bbas pastaigas laik\u0101, un p\u0101rdom\u0101t\u0101 konstrukcija garant\u0113 ilgu kalpo\u0161anas laiku. Ra\u017eo\u0161ana \u0136\u012bn\u0101 apstiprina materi\u0101lu kvalit\u0101ti. Izv\u0113lieties Adidas Yeezy 350 Zyon, lai ieg\u016btu stil\u012bgu un \u0113rtu izskatu katru dienu.<\/p>\n","protected":false},"excerpt":{"rendered":"<p>Adidas Yeezy 350 Zyon ir stil\u012bgas v\u012brie\u0161u \u010d\u012bbas, kas izgatavotas no augstas kvalit\u0101tes tekstilizstr\u0101d\u0101jumiem, apvienojot komfortu, vieglumu un modernu dizainu. Modelis ir ide\u0101li piem\u0113rots ikdienas valk\u0101\u0161anai, \u0101ra aktivit\u0101t\u0113m un pils\u0113tas stilam. M\u012bkst\u0101 triecienu absorb\u0113jo\u0161\u0101 zole nodro\u0161ina atbalstu un \u0113rt\u012bbas pastaigas laik\u0101, un p\u0101rdom\u0101t\u0101 konstrukcija garant\u0113 ilgu kalpo\u0161anas laiku. Ra\u017eo\u0161ana \u0136\u012bn\u0101 apstiprina materi\u0101lu kvalit\u0101ti. Izv\u0113lieties Adidas Yeezy 350 Zyon, lai ieg\u016btu stil\u012bgu un \u0113rtu izskatu katru dienu.<\/p>\n","protected":false},"featured_media":748125,"comment_status":"open","ping_status":"open","template":"","meta":[],"product_brand":[],"product_cat":[3400,3251,3252],"product_tag":[],"class_list":{"0":"post-748124","1":"product","2":"type-product","3":"status-publish","4":"has-post-thumbnail","6":"product_cat-adidas-yeezy","7":"product_cat-all-product","8":"product_cat-krosivky","9":"pa_rozmir-910","10":"pa_rozmir-912","11":"pa_rozmir-914","12":"pa_rozmir-915","13":"pa_rozmir-916","14":"pa_rozmir-917","15":"pa_rozmir-918","16":"pa_rozmir-919","17":"pa_rozmir-920","18":"pa_rozmir-921","19":"pa_rozmir-922","21":"first","22":"onbackorder","23":"purchasable","24":"product-type-variable"},"_links":{"self":[{"href":"https:\/\/nextsnkr.com\/lv\/wp-json\/wp\/v2\/product\/748124","targetHints":{"allow":["GET"]}}],"collection":[{"href":"https:\/\/nextsnkr.com\/lv\/wp-json\/wp\/v2\/product"}],"about":[{"href":"https:\/\/nextsnkr.com\/lv\/wp-json\/wp\/v2\/types\/product"}],"replies":[{"embeddable":true,"href":"https:\/\/nextsnkr.com\/lv\/wp-json\/wp\/v2\/comments?post=748124"}],"version-history":[{"count":0,"href":"https:\/\/nextsnkr.com\/lv\/wp-json\/wp\/v2\/product\/748124\/revisions"}],"wp:featuredmedia":[{"embeddable":true,"href":"https:\/\/nextsnkr.com\/lv\/wp-json\/wp\/v2\/media\/748125"}],"wp:attachment":[{"href":"https:\/\/nextsnkr.com\/lv\/wp-json\/wp\/v2\/media?parent=748124"}],"wp:term":[{"taxonomy":"product_brand","embeddable":true,"href":"https:\/\/nextsnkr.com\/lv\/wp-json\/wp\/v2\/product_brand?post=748124"},{"taxonomy":"product_cat","embeddable":true,"href":"https:\/\/nextsnkr.com\/lv\/wp-json\/wp\/v2\/product_cat?post=748124"},{"taxonomy":"product_tag","embeddable":true,"href":"https:\/\/nextsnkr.com\/lv\/wp-json\/wp\/v2\/product_tag?post=748124"}],"curies":[{"name":"wp","href":"https:\/\/api.w.org\/{rel}","templated":true}]}}