{"id":746850,"date":"2025-06-14T16:08:07","date_gmt":"2025-06-14T13:08:07","guid":{"rendered":"https:\/\/nextsnkr.com\/product\/nike-air-jordan-1-low-x-travis-scott-beige-gray\/"},"modified":"2026-02-02T15:07:47","modified_gmt":"2026-02-02T12:07:47","slug":"nike-air-jordan-1-low-x-travis-scott-beige-gray","status":"publish","type":"product","link":"https:\/\/nextsnkr.com\/lv\/product\/nike-air-jordan-1-low-x-travis-scott-beige-gray\/","title":{"rendered":"Nike Air Jordan 1 zems x Travis Scott b\u0113\u0161s \/ pel\u0113ks"},"content":{"rendered":"<h2>Nike Air Jordan 1 zems x Travis Scott b\u0113\u0161s \/ pel\u0113ks<\/h2>\n<p>&nbsp;<\/p>\n<p>Nike Air Jordan 1 Low x Travis Scott Beige\/Gray stil\u012bg\u0101s \u010d\u012bbas ir izgatavotas no augstas kvalit\u0101tes \u0101das, kas nodro\u0161ina komfortu un iztur\u012bbu. Modelim ir unik\u0101ls smil\u0161kr\u0101sas un pel\u0113ks dizains sadarb\u012bb\u0101 ar Travis Scott, apvienojot le\u0123end\u0101ro Air Jordan stilu un m\u016bsdienu tendences. \u0160\u012bs \u010d\u012bbas, kas ra\u017eotas \u0136\u012bn\u0101, ir ide\u0101li piem\u0113rotas ikdienas valk\u0101\u0161anai un akt\u012bvam pils\u0113tas stilam, uzsverot \u012bpa\u0161nieka person\u012bbu un gaumi.<\/p>\n","protected":false},"excerpt":{"rendered":"<p>Nike Air Jordan 1 Low x Travis Scott Beige\/Gray stil\u012bg\u0101s \u010d\u012bbas ir izgatavotas no augstas kvalit\u0101tes \u0101das, kas nodro\u0161ina komfortu un iztur\u012bbu. Modelim ir unik\u0101ls smil\u0161kr\u0101sas un pel\u0113ks dizains sadarb\u012bb\u0101 ar Travis Scott, apvienojot le\u0123end\u0101ro Air Jordan stilu un m\u016bsdienu tendences. \u0160\u012bs \u010d\u012bbas, kas ra\u017eotas \u0136\u012bn\u0101, ir ide\u0101li piem\u0113rotas ikdienas valk\u0101\u0161anai un akt\u012bvam pils\u0113tas stilam, uzsverot \u012bpa\u0161nieka person\u012bbu un gaumi.<\/p>\n","protected":false},"featured_media":746851,"comment_status":"open","ping_status":"open","template":"","meta":[],"product_brand":[],"product_cat":[3387,3251,3322],"product_tag":[],"class_list":{"0":"post-746850","1":"product","2":"type-product","3":"status-publish","4":"has-post-thumbnail","6":"product_cat-nike-jordan","7":"product_cat-all-product","8":"product_cat-kedy","9":"pa_rozmir-910","10":"pa_rozmir-912","11":"pa_rozmir-914","12":"pa_rozmir-915","13":"pa_rozmir-916","14":"pa_rozmir-917","15":"pa_rozmir-918","16":"pa_rozmir-919","17":"pa_rozmir-920","18":"pa_rozmir-921","19":"pa_rozmir-922","21":"first","22":"onbackorder","23":"purchasable","24":"product-type-variable"},"_links":{"self":[{"href":"https:\/\/nextsnkr.com\/lv\/wp-json\/wp\/v2\/product\/746850","targetHints":{"allow":["GET"]}}],"collection":[{"href":"https:\/\/nextsnkr.com\/lv\/wp-json\/wp\/v2\/product"}],"about":[{"href":"https:\/\/nextsnkr.com\/lv\/wp-json\/wp\/v2\/types\/product"}],"replies":[{"embeddable":true,"href":"https:\/\/nextsnkr.com\/lv\/wp-json\/wp\/v2\/comments?post=746850"}],"version-history":[{"count":0,"href":"https:\/\/nextsnkr.com\/lv\/wp-json\/wp\/v2\/product\/746850\/revisions"}],"wp:featuredmedia":[{"embeddable":true,"href":"https:\/\/nextsnkr.com\/lv\/wp-json\/wp\/v2\/media\/746851"}],"wp:attachment":[{"href":"https:\/\/nextsnkr.com\/lv\/wp-json\/wp\/v2\/media?parent=746850"}],"wp:term":[{"taxonomy":"product_brand","embeddable":true,"href":"https:\/\/nextsnkr.com\/lv\/wp-json\/wp\/v2\/product_brand?post=746850"},{"taxonomy":"product_cat","embeddable":true,"href":"https:\/\/nextsnkr.com\/lv\/wp-json\/wp\/v2\/product_cat?post=746850"},{"taxonomy":"product_tag","embeddable":true,"href":"https:\/\/nextsnkr.com\/lv\/wp-json\/wp\/v2\/product_tag?post=746850"}],"curies":[{"name":"wp","href":"https:\/\/api.w.org\/{rel}","templated":true}]}}