{"id":745940,"date":"2025-06-14T16:11:23","date_gmt":"2025-06-14T13:11:23","guid":{"rendered":"https:\/\/nextsnkr.com\/product\/balenciaga-3xl-purple-beige\/"},"modified":"2026-02-02T15:07:14","modified_gmt":"2026-02-02T12:07:14","slug":"balenciaga-3xl-purple-beige","status":"publish","type":"product","link":"https:\/\/nextsnkr.com\/lv\/product\/balenciaga-3xl-purple-beige\/","title":{"rendered":"Balenciaga 3XL Purple \/ Beige \u010d\u012bbas-\u0101das un tekstila stil\u012bgi"},"content":{"rendered":"<h2>Balenciaga 3XL Purple \/ Beige \u010d\u012bbas-\u0101das un tekstila stil\u012bgi<\/h2>\n<p>&nbsp;<\/p>\n<p>Balenciaga 3XL Purple \/ Beige \u010d\u012bbas apvieno \u0101du un tekstilizstr\u0101d\u0101jumus, lai nodro\u0161in\u0101tu maksim\u0101lu iztur\u012bbu, komfortu un stil\u012bgu izskatu. Unik\u0101l\u0101 purpursarkan\u0101s un smil\u0161kr\u0101sas kr\u0101su kombin\u0101cija izce\u013c m\u016bsdienu dizainu un padara modeli daudzpus\u012bgu pils\u0113tai un \u0101ra aktivit\u0101t\u0113m. M\u012bkst\u0101 zole amortiz\u0113 soli, nodro\u0161inot komfortu visas dienas garum\u0101. Tie ir augst\u0101k\u0101s kvalit\u0101tes Balenciaga \u010d\u012bbas tiem, kas katru dienu nov\u0113rt\u0113 stilu, kvalit\u0101ti un komfortu.<\/p>\n","protected":false},"excerpt":{"rendered":"<p>Balenciaga 3XL Purple \/ Beige \u010d\u012bbas apvieno \u0101du un tekstilizstr\u0101d\u0101jumus, lai nodro\u0161in\u0101tu maksim\u0101lu iztur\u012bbu, komfortu un stil\u012bgu izskatu. Unik\u0101l\u0101 purpursarkan\u0101s un smil\u0161kr\u0101sas kr\u0101su kombin\u0101cija izce\u013c m\u016bsdienu dizainu un padara modeli daudzpus\u012bgu pils\u0113tai un \u0101ra aktivit\u0101t\u0113m. M\u012bkst\u0101 zole amortiz\u0113 soli, nodro\u0161inot komfortu visas dienas garum\u0101. Tie ir augst\u0101k\u0101s kvalit\u0101tes Balenciaga \u010d\u012bbas tiem, kas katru dienu nov\u0113rt\u0113 stilu, kvalit\u0101ti un komfortu.<\/p>\n","protected":false},"featured_media":745941,"comment_status":"open","ping_status":"open","template":"","meta":[],"product_brand":[],"product_cat":[3251,3252],"product_tag":[],"class_list":{"0":"post-745940","1":"product","2":"type-product","3":"status-publish","4":"has-post-thumbnail","6":"product_cat-all-product","7":"product_cat-krosivky","8":"pa_rozmir-910","9":"pa_rozmir-912","10":"pa_rozmir-914","11":"pa_rozmir-915","12":"pa_rozmir-916","13":"pa_rozmir-917","14":"pa_rozmir-918","15":"pa_rozmir-919","16":"pa_rozmir-920","17":"pa_rozmir-921","18":"pa_rozmir-922","20":"first","21":"onbackorder","22":"purchasable","23":"product-type-variable"},"_links":{"self":[{"href":"https:\/\/nextsnkr.com\/lv\/wp-json\/wp\/v2\/product\/745940","targetHints":{"allow":["GET"]}}],"collection":[{"href":"https:\/\/nextsnkr.com\/lv\/wp-json\/wp\/v2\/product"}],"about":[{"href":"https:\/\/nextsnkr.com\/lv\/wp-json\/wp\/v2\/types\/product"}],"replies":[{"embeddable":true,"href":"https:\/\/nextsnkr.com\/lv\/wp-json\/wp\/v2\/comments?post=745940"}],"version-history":[{"count":0,"href":"https:\/\/nextsnkr.com\/lv\/wp-json\/wp\/v2\/product\/745940\/revisions"}],"wp:featuredmedia":[{"embeddable":true,"href":"https:\/\/nextsnkr.com\/lv\/wp-json\/wp\/v2\/media\/745941"}],"wp:attachment":[{"href":"https:\/\/nextsnkr.com\/lv\/wp-json\/wp\/v2\/media?parent=745940"}],"wp:term":[{"taxonomy":"product_brand","embeddable":true,"href":"https:\/\/nextsnkr.com\/lv\/wp-json\/wp\/v2\/product_brand?post=745940"},{"taxonomy":"product_cat","embeddable":true,"href":"https:\/\/nextsnkr.com\/lv\/wp-json\/wp\/v2\/product_cat?post=745940"},{"taxonomy":"product_tag","embeddable":true,"href":"https:\/\/nextsnkr.com\/lv\/wp-json\/wp\/v2\/product_tag?post=745940"}],"curies":[{"name":"wp","href":"https:\/\/api.w.org\/{rel}","templated":true}]}}