{"id":744120,"date":"2025-06-14T16:18:04","date_gmt":"2025-06-14T13:18:04","guid":{"rendered":"https:\/\/nextsnkr.com\/product\/vans-knu-skool-brown-white\/"},"modified":"2026-02-02T15:06:11","modified_gmt":"2026-02-02T12:06:11","slug":"vans-knu-skool-brown-white","status":"publish","type":"product","link":"https:\/\/nextsnkr.com\/lv\/product\/vans-knu-skool-brown-white\/","title":{"rendered":"Vans Knu Skool Brown \/ White \u010d\u012bbas-Zam\u0161\u0101das \u0101das stil\u012bgas \u010d\u012bbas"},"content":{"rendered":"<h2>Vans Knu Skool Brown \/ White \u010d\u012bbas-Zam\u0161\u0101das \u0101das stil\u012bgas \u010d\u012bbas<\/h2>\n<p>&nbsp;<\/p>\n<p>Vans Knu Skool Brown \/ White \u010d\u012bbas apvieno klasisko dizainu un moderno komfortu. Izgatavoti no iztur\u012bgas zam\u0161\u0101das un \u012astas \u0101das, tie nodro\u0161ina iztur\u012bbu, \u0113rtu piem\u0113rot\u012bbu un stil\u012bgu izskatu jebkur\u0101 izskat\u0101. Kontrast\u0113jo\u0161\u0101 br\u016bn\u0101 un balt\u0101 kombin\u0101cija izce\u013c mode\u013ca unik\u0101lo stilu. \u0160\u012bs Vjetnam\u0101 ra\u017eot\u0101s kedas ir lieliski piem\u0113rotas ikdienas valk\u0101\u0161anai, pils\u0113tas stilam un \u0101ra aktivit\u0101t\u0113m. Vans Knu Skool ir to cilv\u0113ku izv\u0113le, kuri nov\u0113rt\u0113 kvalit\u0101ti un modernu izskatu.<\/p>\n","protected":false},"excerpt":{"rendered":"<p>Vans Knu Skool Brown \/ White \u010d\u012bbas apvieno klasisko dizainu un moderno komfortu. Izgatavoti no iztur\u012bgas zam\u0161\u0101das un \u012astas \u0101das, tie nodro\u0161ina iztur\u012bbu, \u0113rtu piem\u0113rot\u012bbu un stil\u012bgu izskatu jebkur\u0101 izskat\u0101. Kontrast\u0113jo\u0161\u0101 br\u016bn\u0101 un balt\u0101 kombin\u0101cija izce\u013c mode\u013ca unik\u0101lo stilu. \u0160\u012bs Vjetnam\u0101 ra\u017eot\u0101s kedas ir lieliski piem\u0113rotas ikdienas valk\u0101\u0161anai, pils\u0113tas stilam un \u0101ra aktivit\u0101t\u0113m. Vans Knu Skool ir to cilv\u0113ku izv\u0113le, kuri nov\u0113rt\u0113 kvalit\u0101ti un modernu izskatu.<\/p>\n","protected":false},"featured_media":744121,"comment_status":"open","ping_status":"open","template":"","meta":[],"product_brand":[],"product_cat":[3251,3322],"product_tag":[],"class_list":{"0":"post-744120","1":"product","2":"type-product","3":"status-publish","4":"has-post-thumbnail","6":"product_cat-all-product","7":"product_cat-kedy","8":"pa_rozmir-910","9":"pa_rozmir-912","10":"pa_rozmir-914","11":"pa_rozmir-915","12":"pa_rozmir-916","13":"pa_rozmir-917","14":"pa_rozmir-918","15":"pa_rozmir-919","16":"pa_rozmir-920","17":"pa_rozmir-921","18":"pa_rozmir-922","20":"first","21":"instock","22":"purchasable","23":"product-type-variable"},"_links":{"self":[{"href":"https:\/\/nextsnkr.com\/lv\/wp-json\/wp\/v2\/product\/744120","targetHints":{"allow":["GET"]}}],"collection":[{"href":"https:\/\/nextsnkr.com\/lv\/wp-json\/wp\/v2\/product"}],"about":[{"href":"https:\/\/nextsnkr.com\/lv\/wp-json\/wp\/v2\/types\/product"}],"replies":[{"embeddable":true,"href":"https:\/\/nextsnkr.com\/lv\/wp-json\/wp\/v2\/comments?post=744120"}],"version-history":[{"count":0,"href":"https:\/\/nextsnkr.com\/lv\/wp-json\/wp\/v2\/product\/744120\/revisions"}],"wp:featuredmedia":[{"embeddable":true,"href":"https:\/\/nextsnkr.com\/lv\/wp-json\/wp\/v2\/media\/744121"}],"wp:attachment":[{"href":"https:\/\/nextsnkr.com\/lv\/wp-json\/wp\/v2\/media?parent=744120"}],"wp:term":[{"taxonomy":"product_brand","embeddable":true,"href":"https:\/\/nextsnkr.com\/lv\/wp-json\/wp\/v2\/product_brand?post=744120"},{"taxonomy":"product_cat","embeddable":true,"href":"https:\/\/nextsnkr.com\/lv\/wp-json\/wp\/v2\/product_cat?post=744120"},{"taxonomy":"product_tag","embeddable":true,"href":"https:\/\/nextsnkr.com\/lv\/wp-json\/wp\/v2\/product_tag?post=744120"}],"curies":[{"name":"wp","href":"https:\/\/api.w.org\/{rel}","templated":true}]}}