{"id":743756,"date":"2025-06-14T16:19:48","date_gmt":"2025-06-14T13:19:48","guid":{"rendered":"https:\/\/nextsnkr.com\/product\/timberlad-black-termo\/"},"modified":"2026-02-02T15:05:51","modified_gmt":"2026-02-02T12:05:51","slug":"timberlad-black-termo","status":"publish","type":"product","link":"https:\/\/nextsnkr.com\/lv\/product\/timberlad-black-termo\/","title":{"rendered":"Timberland Black Z\u0101baki Termo v\u012brie\u0161u nubuka ziemas z\u0101baki"},"content":{"rendered":"<h2>Timberland Black Z\u0101baki Termo v\u012brie\u0161u nubuka ziemas z\u0101baki<\/h2>\n<p>&nbsp;<\/p>\n<p>Timberland Black \u2014 Thermo z\u0101baki) ir silti v\u012brie\u0161u ziemas z\u0101baki, kas izgatavoti no nubuka, lai nodro\u0161in\u0101tu maksim\u0101lu komfortu aukstaj\u0101 sezon\u0101. Modelis nodro\u0161ina dro\u0161u aizsardz\u012bbu pret aukstumu un mitrumu, pateicoties siltuma pamatnei un iztur\u012bgam materi\u0101lam. \u0112rts spilventi\u0146\u0161 un stabila zole garant\u0113 komfortu pastaigu un \u0101ra aktivit\u0101\u0161u laik\u0101. ASV ra\u017eo\u0161ana apstiprina augstu kvalit\u0101ti un iztur\u012bbu. Izv\u0113lieties Timberland Black, Lai ieg\u016btu stil\u012bgus un uzticamus ziemas apavus.<\/p>\n","protected":false},"excerpt":{"rendered":"<p>Timberland Black \u2014 Thermo z\u0101baki) ir silti v\u012brie\u0161u ziemas z\u0101baki, kas izgatavoti no nubuka, lai nodro\u0161in\u0101tu maksim\u0101lu komfortu aukstaj\u0101 sezon\u0101. Modelis nodro\u0161ina dro\u0161u aizsardz\u012bbu pret aukstumu un mitrumu, pateicoties siltuma pamatnei un iztur\u012bgam materi\u0101lam. \u0112rts spilventi\u0146\u0161 un stabila zole garant\u0113 komfortu pastaigu un \u0101ra aktivit\u0101\u0161u laik\u0101. ASV ra\u017eo\u0161ana apstiprina augstu kvalit\u0101ti un iztur\u012bbu. Izv\u0113lieties Timberland Black, Lai ieg\u016btu stil\u012bgus un uzticamus ziemas apavus.<\/p>\n","protected":false},"featured_media":743757,"comment_status":"open","ping_status":"open","template":"","meta":[],"product_brand":[],"product_cat":[3251,3335],"product_tag":[],"class_list":{"0":"post-743756","1":"product","2":"type-product","3":"status-publish","4":"has-post-thumbnail","6":"product_cat-all-product","7":"product_cat-cherevyky","8":"pa_rozmir-910","9":"pa_rozmir-912","10":"pa_rozmir-914","11":"pa_rozmir-915","12":"pa_rozmir-916","13":"pa_rozmir-917","14":"pa_rozmir-918","15":"pa_rozmir-919","16":"pa_rozmir-920","17":"pa_rozmir-921","18":"pa_rozmir-922","20":"first","21":"instock","22":"purchasable","23":"product-type-variable"},"_links":{"self":[{"href":"https:\/\/nextsnkr.com\/lv\/wp-json\/wp\/v2\/product\/743756","targetHints":{"allow":["GET"]}}],"collection":[{"href":"https:\/\/nextsnkr.com\/lv\/wp-json\/wp\/v2\/product"}],"about":[{"href":"https:\/\/nextsnkr.com\/lv\/wp-json\/wp\/v2\/types\/product"}],"replies":[{"embeddable":true,"href":"https:\/\/nextsnkr.com\/lv\/wp-json\/wp\/v2\/comments?post=743756"}],"version-history":[{"count":0,"href":"https:\/\/nextsnkr.com\/lv\/wp-json\/wp\/v2\/product\/743756\/revisions"}],"wp:featuredmedia":[{"embeddable":true,"href":"https:\/\/nextsnkr.com\/lv\/wp-json\/wp\/v2\/media\/743757"}],"wp:attachment":[{"href":"https:\/\/nextsnkr.com\/lv\/wp-json\/wp\/v2\/media?parent=743756"}],"wp:term":[{"taxonomy":"product_brand","embeddable":true,"href":"https:\/\/nextsnkr.com\/lv\/wp-json\/wp\/v2\/product_brand?post=743756"},{"taxonomy":"product_cat","embeddable":true,"href":"https:\/\/nextsnkr.com\/lv\/wp-json\/wp\/v2\/product_cat?post=743756"},{"taxonomy":"product_tag","embeddable":true,"href":"https:\/\/nextsnkr.com\/lv\/wp-json\/wp\/v2\/product_tag?post=743756"}],"curies":[{"name":"wp","href":"https:\/\/api.w.org\/{rel}","templated":true}]}}