{"id":743210,"date":"2025-06-14T16:21:28","date_gmt":"2025-06-14T13:21:28","guid":{"rendered":"https:\/\/nextsnkr.com\/product\/ugg-classic-clear-mini-black\/"},"modified":"2026-02-02T15:05:38","modified_gmt":"2026-02-02T12:05:38","slug":"ugg-classic-clear-mini-black","status":"publish","type":"product","link":"https:\/\/nextsnkr.com\/lv\/product\/ugg-classic-clear-mini-black\/","title":{"rendered":"Ugg Classic Clear Mini Black-stil\u012bgi ka\u017eok\u0101das z\u0101baki ar caursp\u012bd\u012bgu zoli"},"content":{"rendered":"<h2>Ugg Classic Clear Mini Black-stil\u012bgi ka\u017eok\u0101das z\u0101baki ar caursp\u012bd\u012bgu zoli<\/h2>\n<p>&nbsp;<\/p>\n<p>Ugg Classic Clear Mini Black z\u0101baki apvieno m\u012bkstu ka\u017eok\u0101du un caursp\u012bd\u012bgu plastmasas zoli komfortam un m\u016bsdien\u012bgam stilam. Modelis ir izgatavots Vjetnam\u0101 no augstas kvalit\u0101tes materi\u0101liem, kas nodro\u0161ina iztur\u012bbu un \u0113rtu ikdienas lieto\u0161anu. Lakoniskais melnais dizains padara z\u0101bakus daudzpus\u012bgus jebkuram izskatam, un kompaktais zemais siluets ir lieliski piem\u0113rots akt\u012bvai pils\u0113tas dz\u012bvei un aukstam laikam.<\/p>\n","protected":false},"excerpt":{"rendered":"<p>Ugg Classic Clear Mini Black z\u0101baki apvieno m\u012bkstu ka\u017eok\u0101du un caursp\u012bd\u012bgu plastmasas zoli komfortam un m\u016bsdien\u012bgam stilam. Modelis ir izgatavots Vjetnam\u0101 no augstas kvalit\u0101tes materi\u0101liem, kas nodro\u0161ina iztur\u012bbu un \u0113rtu ikdienas lieto\u0161anu. Lakoniskais melnais dizains padara z\u0101bakus daudzpus\u012bgus jebkuram izskatam, un kompaktais zemais siluets ir lieliski piem\u0113rots akt\u012bvai pils\u0113tas dz\u012bvei un aukstam laikam.<\/p>\n","protected":false},"featured_media":743211,"comment_status":"open","ping_status":"open","template":"","meta":[],"product_brand":[],"product_cat":[3411,3251],"product_tag":[],"class_list":{"0":"post-743210","1":"product","2":"type-product","3":"status-publish","4":"has-post-thumbnail","6":"product_cat-ugg","7":"product_cat-all-product","8":"pa_rozmir-910","9":"pa_rozmir-912","10":"pa_rozmir-914","11":"pa_rozmir-915","12":"pa_rozmir-916","13":"pa_rozmir-917","14":"pa_rozmir-918","15":"pa_rozmir-919","16":"pa_rozmir-920","17":"pa_rozmir-921","18":"pa_rozmir-922","20":"first","21":"instock","22":"purchasable","23":"product-type-variable"},"_links":{"self":[{"href":"https:\/\/nextsnkr.com\/lv\/wp-json\/wp\/v2\/product\/743210","targetHints":{"allow":["GET"]}}],"collection":[{"href":"https:\/\/nextsnkr.com\/lv\/wp-json\/wp\/v2\/product"}],"about":[{"href":"https:\/\/nextsnkr.com\/lv\/wp-json\/wp\/v2\/types\/product"}],"replies":[{"embeddable":true,"href":"https:\/\/nextsnkr.com\/lv\/wp-json\/wp\/v2\/comments?post=743210"}],"version-history":[{"count":0,"href":"https:\/\/nextsnkr.com\/lv\/wp-json\/wp\/v2\/product\/743210\/revisions"}],"wp:featuredmedia":[{"embeddable":true,"href":"https:\/\/nextsnkr.com\/lv\/wp-json\/wp\/v2\/media\/743211"}],"wp:attachment":[{"href":"https:\/\/nextsnkr.com\/lv\/wp-json\/wp\/v2\/media?parent=743210"}],"wp:term":[{"taxonomy":"product_brand","embeddable":true,"href":"https:\/\/nextsnkr.com\/lv\/wp-json\/wp\/v2\/product_brand?post=743210"},{"taxonomy":"product_cat","embeddable":true,"href":"https:\/\/nextsnkr.com\/lv\/wp-json\/wp\/v2\/product_cat?post=743210"},{"taxonomy":"product_tag","embeddable":true,"href":"https:\/\/nextsnkr.com\/lv\/wp-json\/wp\/v2\/product_tag?post=743210"}],"curies":[{"name":"wp","href":"https:\/\/api.w.org\/{rel}","templated":true}]}}