{"id":742846,"date":"2025-06-14T16:22:37","date_gmt":"2025-06-14T13:22:37","guid":{"rendered":"https:\/\/nextsnkr.com\/product\/ugg-classic-clear-mini-natural-black\/"},"modified":"2026-02-02T15:05:18","modified_gmt":"2026-02-02T12:05:18","slug":"ugg-classic-clear-mini-natural-black","status":"publish","type":"product","link":"https:\/\/nextsnkr.com\/lv\/product\/ugg-classic-clear-mini-natural-black\/","title":{"rendered":"UGG Classic Clear Mini Natural \u2014 Black Z\u0101baki-stil\u012bgs ka\u017eok\u0101das Mini"},"content":{"rendered":"<h2>UGG Classic Clear Mini Natural \u2014 Black Z\u0101baki-stil\u012bgs ka\u017eok\u0101das Mini<\/h2>\n<p>&nbsp;<\/p>\n<p>UGG Classic Clear Mini Natural \/ Black z\u0101baki ir \u0113rts un stil\u012bgs modelis aukstajam gadalaikam. Izgatavoti no dab\u012bgas ka\u017eok\u0101das un caursp\u012bd\u012bgas plastmasas, tie apvieno siltumu, vieglumu un modernu dizainu. Mini modelis ir piem\u0113rots ikdienas valk\u0101\u0161anai un viegli savienojams ar da\u017e\u0101diem izskatiem. Uzticama zole nodro\u0161ina stabilit\u0101ti uz jebkuras virsmas. Ra\u017eot\u0101js-Vjetnama. Izv\u0113lieties Ugg Classic Clear Mini, lai ieg\u016btu siltumu, komfortu un modernu izskatu. Kods: ugg-0037-106127.<\/p>\n","protected":false},"excerpt":{"rendered":"<p>UGG Classic Clear Mini Natural \/ Black z\u0101baki ir \u0113rts un stil\u012bgs modelis aukstajam gadalaikam. Izgatavoti no dab\u012bgas ka\u017eok\u0101das un caursp\u012bd\u012bgas plastmasas, tie apvieno siltumu, vieglumu un modernu dizainu. Mini modelis ir piem\u0113rots ikdienas valk\u0101\u0161anai un viegli savienojams ar da\u017e\u0101diem izskatiem. Uzticama zole nodro\u0161ina stabilit\u0101ti uz jebkuras virsmas. Ra\u017eot\u0101js-Vjetnama. Izv\u0113lieties Ugg Classic Clear Mini, lai ieg\u016btu siltumu, komfortu un modernu izskatu. Kods: ugg-0037-106127.<\/p>\n","protected":false},"featured_media":742847,"comment_status":"open","ping_status":"open","template":"","meta":[],"product_brand":[],"product_cat":[3411,3251],"product_tag":[],"class_list":{"0":"post-742846","1":"product","2":"type-product","3":"status-publish","4":"has-post-thumbnail","6":"product_cat-ugg","7":"product_cat-all-product","8":"pa_rozmir-910","9":"pa_rozmir-912","10":"pa_rozmir-914","11":"pa_rozmir-915","12":"pa_rozmir-916","13":"pa_rozmir-917","14":"pa_rozmir-918","15":"pa_rozmir-919","16":"pa_rozmir-920","17":"pa_rozmir-921","18":"pa_rozmir-922","20":"first","21":"instock","22":"purchasable","23":"product-type-variable"},"_links":{"self":[{"href":"https:\/\/nextsnkr.com\/lv\/wp-json\/wp\/v2\/product\/742846","targetHints":{"allow":["GET"]}}],"collection":[{"href":"https:\/\/nextsnkr.com\/lv\/wp-json\/wp\/v2\/product"}],"about":[{"href":"https:\/\/nextsnkr.com\/lv\/wp-json\/wp\/v2\/types\/product"}],"replies":[{"embeddable":true,"href":"https:\/\/nextsnkr.com\/lv\/wp-json\/wp\/v2\/comments?post=742846"}],"version-history":[{"count":0,"href":"https:\/\/nextsnkr.com\/lv\/wp-json\/wp\/v2\/product\/742846\/revisions"}],"wp:featuredmedia":[{"embeddable":true,"href":"https:\/\/nextsnkr.com\/lv\/wp-json\/wp\/v2\/media\/742847"}],"wp:attachment":[{"href":"https:\/\/nextsnkr.com\/lv\/wp-json\/wp\/v2\/media?parent=742846"}],"wp:term":[{"taxonomy":"product_brand","embeddable":true,"href":"https:\/\/nextsnkr.com\/lv\/wp-json\/wp\/v2\/product_brand?post=742846"},{"taxonomy":"product_cat","embeddable":true,"href":"https:\/\/nextsnkr.com\/lv\/wp-json\/wp\/v2\/product_cat?post=742846"},{"taxonomy":"product_tag","embeddable":true,"href":"https:\/\/nextsnkr.com\/lv\/wp-json\/wp\/v2\/product_tag?post=742846"}],"curies":[{"name":"wp","href":"https:\/\/api.w.org\/{rel}","templated":true}]}}