{"id":742118,"date":"2025-06-14T16:24:53","date_gmt":"2025-06-14T13:24:53","guid":{"rendered":"https:\/\/nextsnkr.com\/product\/ugg-classic-ultra-mini-platform-xl-khaki\/"},"modified":"2026-02-02T15:04:50","modified_gmt":"2026-02-02T12:04:50","slug":"ugg-classic-ultra-mini-platform-xl-khaki","status":"publish","type":"product","link":"https:\/\/nextsnkr.com\/lv\/product\/ugg-classic-ultra-mini-platform-xl-khaki\/","title":{"rendered":"Ugg Classic Ultra Mini platformas XL Khaki z\u0101baki-zam\u0161\u0101das ar ka\u017eok\u0101du"},"content":{"rendered":"<h2>Ugg Classic Ultra Mini platformas XL Khaki z\u0101baki-zam\u0161\u0101das ar ka\u017eok\u0101du<\/h2>\n<p>&nbsp;<\/p>\n<p>Ugg Classic Ultra Mini platformas XL Khaki z\u0101baki ir izgatavoti no augstas kvalit\u0101tes zam\u0161\u0101das un m\u012bkstas ka\u017eok\u0101das, kas nodro\u0161ina siltumu, komfortu un stil\u012bgu izskatu. Platforma pie\u0161\u0137ir m\u016bsdien\u012bgu akcentu, un daudzpus\u012bg\u0101 Haki kr\u0101sa padara modeli vieglu, ja to apvieno ar jebkuru dr\u0113bju skapi. Ide\u0101li piem\u0113roti ikdienas valk\u0101\u0161anai aukstaj\u0101 sezon\u0101, \u0161ie z\u0101baki ir izgatavoti Vjetnam\u0101 un apvieno praktiskumu, iztur\u012bbu un augst\u0101k\u0101s kvalit\u0101tes dizainu.<\/p>\n","protected":false},"excerpt":{"rendered":"<p>Ugg Classic Ultra Mini platformas XL Khaki z\u0101baki ir izgatavoti no augstas kvalit\u0101tes zam\u0161\u0101das un m\u012bkstas ka\u017eok\u0101das, kas nodro\u0161ina siltumu, komfortu un stil\u012bgu izskatu. Platforma pie\u0161\u0137ir m\u016bsdien\u012bgu akcentu, un daudzpus\u012bg\u0101 Haki kr\u0101sa padara modeli vieglu, ja to apvieno ar jebkuru dr\u0113bju skapi. Ide\u0101li piem\u0113roti ikdienas valk\u0101\u0161anai aukstaj\u0101 sezon\u0101, \u0161ie z\u0101baki ir izgatavoti Vjetnam\u0101 un apvieno praktiskumu, iztur\u012bbu un augst\u0101k\u0101s kvalit\u0101tes dizainu.<\/p>\n","protected":false},"featured_media":742119,"comment_status":"open","ping_status":"open","template":"","meta":[],"product_brand":[],"product_cat":[3411,3251],"product_tag":[],"class_list":{"0":"post-742118","1":"product","2":"type-product","3":"status-publish","4":"has-post-thumbnail","6":"product_cat-ugg","7":"product_cat-all-product","8":"pa_rozmir-910","9":"pa_rozmir-912","10":"pa_rozmir-914","11":"pa_rozmir-915","12":"pa_rozmir-916","13":"pa_rozmir-917","14":"pa_rozmir-918","15":"pa_rozmir-919","16":"pa_rozmir-920","17":"pa_rozmir-921","18":"pa_rozmir-922","20":"first","21":"onbackorder","22":"purchasable","23":"product-type-variable"},"_links":{"self":[{"href":"https:\/\/nextsnkr.com\/lv\/wp-json\/wp\/v2\/product\/742118","targetHints":{"allow":["GET"]}}],"collection":[{"href":"https:\/\/nextsnkr.com\/lv\/wp-json\/wp\/v2\/product"}],"about":[{"href":"https:\/\/nextsnkr.com\/lv\/wp-json\/wp\/v2\/types\/product"}],"replies":[{"embeddable":true,"href":"https:\/\/nextsnkr.com\/lv\/wp-json\/wp\/v2\/comments?post=742118"}],"version-history":[{"count":0,"href":"https:\/\/nextsnkr.com\/lv\/wp-json\/wp\/v2\/product\/742118\/revisions"}],"wp:featuredmedia":[{"embeddable":true,"href":"https:\/\/nextsnkr.com\/lv\/wp-json\/wp\/v2\/media\/742119"}],"wp:attachment":[{"href":"https:\/\/nextsnkr.com\/lv\/wp-json\/wp\/v2\/media?parent=742118"}],"wp:term":[{"taxonomy":"product_brand","embeddable":true,"href":"https:\/\/nextsnkr.com\/lv\/wp-json\/wp\/v2\/product_brand?post=742118"},{"taxonomy":"product_cat","embeddable":true,"href":"https:\/\/nextsnkr.com\/lv\/wp-json\/wp\/v2\/product_cat?post=742118"},{"taxonomy":"product_tag","embeddable":true,"href":"https:\/\/nextsnkr.com\/lv\/wp-json\/wp\/v2\/product_tag?post=742118"}],"curies":[{"name":"wp","href":"https:\/\/api.w.org\/{rel}","templated":true}]}}