{"id":740116,"date":"2025-06-14T16:32:23","date_gmt":"2025-06-14T13:32:23","guid":{"rendered":"https:\/\/nextsnkr.com\/product\/ugg-classic-mini-black\/"},"modified":"2026-02-02T15:03:44","modified_gmt":"2026-02-02T12:03:44","slug":"ugg-classic-mini-black","status":"publish","type":"product","link":"https:\/\/nextsnkr.com\/lv\/product\/ugg-classic-mini-black\/","title":{"rendered":"Ugg Classic Mini Black-Sievie\u0161u zam\u0161\u0101das uggs ar ka\u017eok\u0101du"},"content":{"rendered":"<h2>Ugg Classic Mini Black-Sievie\u0161u zam\u0161\u0101das uggs ar ka\u017eok\u0101du<\/h2>\n<p>&nbsp;<\/p>\n<p>Ugg Classic Mini Black ir klasisks sievie\u0161u uggs, kas izgatavots no m\u012bkstas zam\u0161\u0101das un dab\u012bgas ka\u017eok\u0101das, kas nodro\u0161ina siltumu, komfortu un \u0113rtu piegul\u0161anu k\u0101j\u0101. Mini modelis ir daudzpus\u012bgs ikdienas valk\u0101\u0161anai, viegli savienojams ar jebkuru dr\u0113bju skapi. Uggs, kas ra\u017eots Vjetnam\u0101, ir iztur\u012bgs, maigs un ar augstu veiktsp\u0113jas kvalit\u0101ti. Ide\u0101la izv\u0113le tiem, kas nov\u0113rt\u0113 stilu, komfortu un siltumu aukstaj\u0101 sezon\u0101.<\/p>\n","protected":false},"excerpt":{"rendered":"<p>Ugg Classic Mini Black ir klasisks sievie\u0161u uggs, kas izgatavots no m\u012bkstas zam\u0161\u0101das un dab\u012bgas ka\u017eok\u0101das, kas nodro\u0161ina siltumu, komfortu un \u0113rtu piegul\u0161anu k\u0101j\u0101. Mini modelis ir daudzpus\u012bgs ikdienas valk\u0101\u0161anai, viegli savienojams ar jebkuru dr\u0113bju skapi. Uggs, kas ra\u017eots Vjetnam\u0101, ir iztur\u012bgs, maigs un ar augstu veiktsp\u0113jas kvalit\u0101ti. Ide\u0101la izv\u0113le tiem, kas nov\u0113rt\u0113 stilu, komfortu un siltumu aukstaj\u0101 sezon\u0101.<\/p>\n","protected":false},"featured_media":740117,"comment_status":"open","ping_status":"open","template":"","meta":[],"product_brand":[],"product_cat":[3411,3251],"product_tag":[],"class_list":{"0":"post-740116","1":"product","2":"type-product","3":"status-publish","4":"has-post-thumbnail","6":"product_cat-ugg","7":"product_cat-all-product","8":"pa_rozmir-910","9":"pa_rozmir-912","10":"pa_rozmir-914","11":"pa_rozmir-915","12":"pa_rozmir-916","13":"pa_rozmir-917","14":"pa_rozmir-918","15":"pa_rozmir-919","16":"pa_rozmir-920","17":"pa_rozmir-921","18":"pa_rozmir-922","20":"first","21":"onbackorder","22":"purchasable","23":"product-type-variable"},"_links":{"self":[{"href":"https:\/\/nextsnkr.com\/lv\/wp-json\/wp\/v2\/product\/740116","targetHints":{"allow":["GET"]}}],"collection":[{"href":"https:\/\/nextsnkr.com\/lv\/wp-json\/wp\/v2\/product"}],"about":[{"href":"https:\/\/nextsnkr.com\/lv\/wp-json\/wp\/v2\/types\/product"}],"replies":[{"embeddable":true,"href":"https:\/\/nextsnkr.com\/lv\/wp-json\/wp\/v2\/comments?post=740116"}],"version-history":[{"count":0,"href":"https:\/\/nextsnkr.com\/lv\/wp-json\/wp\/v2\/product\/740116\/revisions"}],"wp:featuredmedia":[{"embeddable":true,"href":"https:\/\/nextsnkr.com\/lv\/wp-json\/wp\/v2\/media\/740117"}],"wp:attachment":[{"href":"https:\/\/nextsnkr.com\/lv\/wp-json\/wp\/v2\/media?parent=740116"}],"wp:term":[{"taxonomy":"product_brand","embeddable":true,"href":"https:\/\/nextsnkr.com\/lv\/wp-json\/wp\/v2\/product_brand?post=740116"},{"taxonomy":"product_cat","embeddable":true,"href":"https:\/\/nextsnkr.com\/lv\/wp-json\/wp\/v2\/product_cat?post=740116"},{"taxonomy":"product_tag","embeddable":true,"href":"https:\/\/nextsnkr.com\/lv\/wp-json\/wp\/v2\/product_tag?post=740116"}],"curies":[{"name":"wp","href":"https:\/\/api.w.org\/{rel}","templated":true}]}}