{"id":739388,"date":"2025-06-14T16:35:05","date_gmt":"2025-06-14T13:35:05","guid":{"rendered":"https:\/\/nextsnkr.com\/product\/ugg-neumel-hybrid-khaki\/"},"modified":"2026-02-02T15:03:18","modified_gmt":"2026-02-02T12:03:18","slug":"ugg-neumel-hybrid-khaki","status":"publish","type":"product","link":"https:\/\/nextsnkr.com\/lv\/product\/ugg-neumel-hybrid-khaki\/","title":{"rendered":"Ugg Neumel Hybrid Khaki z\u0101baki-zam\u0161\u0101das un ka\u017eok\u0101das ziemas z\u0101baki"},"content":{"rendered":"<h2>Ugg Neumel Hybrid Khaki z\u0101baki-zam\u0161\u0101das un ka\u017eok\u0101das ziemas z\u0101baki<\/h2>\n<p>&nbsp;<\/p>\n<p>Ugg neumel Hybrid Khaki stil\u012bgie z\u0101baki ir izgatavoti no zam\u0161\u0101das un dab\u012bg\u0101s ka\u017eok\u0101das kombin\u0101cijas, kas nodro\u0161ina siltumu, komfortu un nodilumiztur\u012bbu aukstaj\u0101 sezon\u0101. Khaki daudzpus\u012bgais tonis padara modeli viegli kombin\u0113jamu ar jebkuru dr\u0113bju skapi, izce\u013cot m\u016bsdienu stilu. Ra\u017eoti Vjetnam\u0101, z\u0101baki apvieno izcilu kvalit\u0101ti, uzticam\u012bbu un \u0113rtu piegul\u0161anu. Ide\u0101la izv\u0113le ikdienas valk\u0101\u0161anai, pastaig\u0101m un \u0101ra aktivit\u0101t\u0113m aukstaj\u0101 sezon\u0101.<\/p>\n","protected":false},"excerpt":{"rendered":"<p>Ugg neumel Hybrid Khaki stil\u012bgie z\u0101baki ir izgatavoti no zam\u0161\u0101das un dab\u012bg\u0101s ka\u017eok\u0101das kombin\u0101cijas, kas nodro\u0161ina siltumu, komfortu un nodilumiztur\u012bbu aukstaj\u0101 sezon\u0101. Khaki daudzpus\u012bgais tonis padara modeli viegli kombin\u0113jamu ar jebkuru dr\u0113bju skapi, izce\u013cot m\u016bsdienu stilu. Ra\u017eoti Vjetnam\u0101, z\u0101baki apvieno izcilu kvalit\u0101ti, uzticam\u012bbu un \u0113rtu piegul\u0161anu. Ide\u0101la izv\u0113le ikdienas valk\u0101\u0161anai, pastaig\u0101m un \u0101ra aktivit\u0101t\u0113m aukstaj\u0101 sezon\u0101.<\/p>\n","protected":false},"featured_media":739389,"comment_status":"open","ping_status":"open","template":"","meta":[],"product_brand":[],"product_cat":[3411,3251],"product_tag":[],"class_list":{"0":"post-739388","1":"product","2":"type-product","3":"status-publish","4":"has-post-thumbnail","6":"product_cat-ugg","7":"product_cat-all-product","8":"pa_rozmir-910","9":"pa_rozmir-912","10":"pa_rozmir-914","11":"pa_rozmir-915","12":"pa_rozmir-916","13":"pa_rozmir-917","14":"pa_rozmir-918","15":"pa_rozmir-919","16":"pa_rozmir-920","17":"pa_rozmir-921","18":"pa_rozmir-922","20":"first","21":"onbackorder","22":"purchasable","23":"product-type-variable"},"_links":{"self":[{"href":"https:\/\/nextsnkr.com\/lv\/wp-json\/wp\/v2\/product\/739388","targetHints":{"allow":["GET"]}}],"collection":[{"href":"https:\/\/nextsnkr.com\/lv\/wp-json\/wp\/v2\/product"}],"about":[{"href":"https:\/\/nextsnkr.com\/lv\/wp-json\/wp\/v2\/types\/product"}],"replies":[{"embeddable":true,"href":"https:\/\/nextsnkr.com\/lv\/wp-json\/wp\/v2\/comments?post=739388"}],"version-history":[{"count":0,"href":"https:\/\/nextsnkr.com\/lv\/wp-json\/wp\/v2\/product\/739388\/revisions"}],"wp:featuredmedia":[{"embeddable":true,"href":"https:\/\/nextsnkr.com\/lv\/wp-json\/wp\/v2\/media\/739389"}],"wp:attachment":[{"href":"https:\/\/nextsnkr.com\/lv\/wp-json\/wp\/v2\/media?parent=739388"}],"wp:term":[{"taxonomy":"product_brand","embeddable":true,"href":"https:\/\/nextsnkr.com\/lv\/wp-json\/wp\/v2\/product_brand?post=739388"},{"taxonomy":"product_cat","embeddable":true,"href":"https:\/\/nextsnkr.com\/lv\/wp-json\/wp\/v2\/product_cat?post=739388"},{"taxonomy":"product_tag","embeddable":true,"href":"https:\/\/nextsnkr.com\/lv\/wp-json\/wp\/v2\/product_tag?post=739388"}],"curies":[{"name":"wp","href":"https:\/\/api.w.org\/{rel}","templated":true}]}}