{"id":739024,"date":"2025-06-14T16:36:25","date_gmt":"2025-06-14T13:36:25","guid":{"rendered":"https:\/\/nextsnkr.com\/product\/ugg-classic-ultra-mini-chestnut\/"},"modified":"2026-02-02T15:03:09","modified_gmt":"2026-02-02T12:03:09","slug":"ugg-classic-ultra-mini-chestnut","status":"publish","type":"product","link":"https:\/\/nextsnkr.com\/lv\/product\/ugg-classic-ultra-mini-chestnut\/","title":{"rendered":"Zam\u0161\u0101das un ka\u017eok\u0101das Ugg Classic Ultra Mini Chestnut z\u0101baki"},"content":{"rendered":"<h2>Zam\u0161\u0101das un ka\u017eok\u0101das Ugg Classic Ultra Mini Chestnut z\u0101baki<\/h2>\n<p>&nbsp;<\/p>\n<p>Ugg classic Ultra Mini Chestnut stil\u012bgie z\u0101baki ir izgatavoti no augstas kvalit\u0101tes zam\u0161\u0101das un siltas ka\u017eok\u0101das, kas nodro\u0161ina komfortu, siltumu un iztur\u012bbu. Modelim ir mini siluets un klasiska br\u016bna kr\u0101sa, kas viegli sapl\u016bst ar jebkuru izskatu. Izgatavoti Vjetnam\u0101, \u0161ie z\u0101baki ir lieliski piem\u0113roti aukstam laikam, ikdienas valk\u0101\u0161anai un akt\u012bvai pils\u0113tas dz\u012bvei, apvienojot Ugg z\u012bmola augst\u0101k\u0101s klases stilu un praktiskumu.<\/p>\n","protected":false},"excerpt":{"rendered":"<p>Ugg classic Ultra Mini Chestnut stil\u012bgie z\u0101baki ir izgatavoti no augstas kvalit\u0101tes zam\u0161\u0101das un siltas ka\u017eok\u0101das, kas nodro\u0161ina komfortu, siltumu un iztur\u012bbu. Modelim ir mini siluets un klasiska br\u016bna kr\u0101sa, kas viegli sapl\u016bst ar jebkuru izskatu. Izgatavoti Vjetnam\u0101, \u0161ie z\u0101baki ir lieliski piem\u0113roti aukstam laikam, ikdienas valk\u0101\u0161anai un akt\u012bvai pils\u0113tas dz\u012bvei, apvienojot Ugg z\u012bmola augst\u0101k\u0101s klases stilu un praktiskumu.<\/p>\n","protected":false},"featured_media":739025,"comment_status":"open","ping_status":"open","template":"","meta":[],"product_brand":[],"product_cat":[3411,3251],"product_tag":[],"class_list":{"0":"post-739024","1":"product","2":"type-product","3":"status-publish","4":"has-post-thumbnail","6":"product_cat-ugg","7":"product_cat-all-product","8":"pa_rozmir-910","9":"pa_rozmir-912","10":"pa_rozmir-914","11":"pa_rozmir-915","12":"pa_rozmir-916","13":"pa_rozmir-917","14":"pa_rozmir-918","15":"pa_rozmir-919","16":"pa_rozmir-920","17":"pa_rozmir-921","18":"pa_rozmir-922","20":"first","21":"onbackorder","22":"purchasable","23":"product-type-variable"},"_links":{"self":[{"href":"https:\/\/nextsnkr.com\/lv\/wp-json\/wp\/v2\/product\/739024","targetHints":{"allow":["GET"]}}],"collection":[{"href":"https:\/\/nextsnkr.com\/lv\/wp-json\/wp\/v2\/product"}],"about":[{"href":"https:\/\/nextsnkr.com\/lv\/wp-json\/wp\/v2\/types\/product"}],"replies":[{"embeddable":true,"href":"https:\/\/nextsnkr.com\/lv\/wp-json\/wp\/v2\/comments?post=739024"}],"version-history":[{"count":0,"href":"https:\/\/nextsnkr.com\/lv\/wp-json\/wp\/v2\/product\/739024\/revisions"}],"wp:featuredmedia":[{"embeddable":true,"href":"https:\/\/nextsnkr.com\/lv\/wp-json\/wp\/v2\/media\/739025"}],"wp:attachment":[{"href":"https:\/\/nextsnkr.com\/lv\/wp-json\/wp\/v2\/media?parent=739024"}],"wp:term":[{"taxonomy":"product_brand","embeddable":true,"href":"https:\/\/nextsnkr.com\/lv\/wp-json\/wp\/v2\/product_brand?post=739024"},{"taxonomy":"product_cat","embeddable":true,"href":"https:\/\/nextsnkr.com\/lv\/wp-json\/wp\/v2\/product_cat?post=739024"},{"taxonomy":"product_tag","embeddable":true,"href":"https:\/\/nextsnkr.com\/lv\/wp-json\/wp\/v2\/product_tag?post=739024"}],"curies":[{"name":"wp","href":"https:\/\/api.w.org\/{rel}","templated":true}]}}