{"id":738842,"date":"2025-06-14T16:37:02","date_gmt":"2025-06-14T13:37:02","guid":{"rendered":"https:\/\/nextsnkr.com\/product\/ugg-classic-ultra-mini-platform-xl-grey\/"},"modified":"2026-02-02T15:03:04","modified_gmt":"2026-02-02T12:03:04","slug":"ugg-classic-ultra-mini-platform-xl-grey","status":"publish","type":"product","link":"https:\/\/nextsnkr.com\/lv\/product\/ugg-classic-ultra-mini-platform-xl-grey\/","title":{"rendered":"Ugg Classic Ultra Mini platforma XL pel\u0113ka-zam\u0161\u0101das sievie\u0161u uggs ar ka\u017eok\u0101du"},"content":{"rendered":"<h2>Ugg Classic Ultra Mini platforma XL pel\u0113ka-zam\u0161\u0101das sievie\u0161u uggs ar ka\u017eok\u0101du<\/h2>\n<p>&nbsp;<\/p>\n<p>Ugg Classic Ultra Mini platform XL Grey ir moderns sievie\u0161u uggs, kas izgatavots no dab\u012bgas zam\u0161\u0101das un m\u012bkstas ka\u017eok\u0101das, nodro\u0161inot siltumu un komfortu aukstaj\u0101 sezon\u0101. Modelim ir platforma papildu amortiz\u0101cijai un stil\u012bgs pel\u0113ks graf\u012bta tonis, kas viegli sapl\u016bst ar jebkuru gad\u012bjuma izskatu. Izgatavoti Vjetnam\u0101, \u0161ie uggs apvieno Ugg z\u012bmola augst\u0101k\u0101s kvalit\u0101tes, ilgm\u016b\u017e\u012bbas un le\u0123end\u0101ro stilu, padarot tos par ide\u0101lu izv\u0113li ikdienas valk\u0101\u0161anai.<\/p>\n","protected":false},"excerpt":{"rendered":"<p>Ugg Classic Ultra Mini platform XL Grey ir moderns sievie\u0161u uggs, kas izgatavots no dab\u012bgas zam\u0161\u0101das un m\u012bkstas ka\u017eok\u0101das, nodro\u0161inot siltumu un komfortu aukstaj\u0101 sezon\u0101. Modelim ir platforma papildu amortiz\u0101cijai un stil\u012bgs pel\u0113ks graf\u012bta tonis, kas viegli sapl\u016bst ar jebkuru gad\u012bjuma izskatu. Izgatavoti Vjetnam\u0101, \u0161ie uggs apvieno Ugg z\u012bmola augst\u0101k\u0101s kvalit\u0101tes, ilgm\u016b\u017e\u012bbas un le\u0123end\u0101ro stilu, padarot tos par ide\u0101lu izv\u0113li ikdienas valk\u0101\u0161anai.<\/p>\n","protected":false},"featured_media":738843,"comment_status":"open","ping_status":"open","template":"","meta":[],"product_brand":[],"product_cat":[3411,3251],"product_tag":[],"class_list":{"0":"post-738842","1":"product","2":"type-product","3":"status-publish","4":"has-post-thumbnail","6":"product_cat-ugg","7":"product_cat-all-product","8":"pa_rozmir-910","9":"pa_rozmir-912","10":"pa_rozmir-914","11":"pa_rozmir-915","12":"pa_rozmir-916","13":"pa_rozmir-917","14":"pa_rozmir-918","15":"pa_rozmir-919","16":"pa_rozmir-920","17":"pa_rozmir-921","18":"pa_rozmir-922","20":"first","21":"onbackorder","22":"purchasable","23":"product-type-variable"},"_links":{"self":[{"href":"https:\/\/nextsnkr.com\/lv\/wp-json\/wp\/v2\/product\/738842","targetHints":{"allow":["GET"]}}],"collection":[{"href":"https:\/\/nextsnkr.com\/lv\/wp-json\/wp\/v2\/product"}],"about":[{"href":"https:\/\/nextsnkr.com\/lv\/wp-json\/wp\/v2\/types\/product"}],"replies":[{"embeddable":true,"href":"https:\/\/nextsnkr.com\/lv\/wp-json\/wp\/v2\/comments?post=738842"}],"version-history":[{"count":0,"href":"https:\/\/nextsnkr.com\/lv\/wp-json\/wp\/v2\/product\/738842\/revisions"}],"wp:featuredmedia":[{"embeddable":true,"href":"https:\/\/nextsnkr.com\/lv\/wp-json\/wp\/v2\/media\/738843"}],"wp:attachment":[{"href":"https:\/\/nextsnkr.com\/lv\/wp-json\/wp\/v2\/media?parent=738842"}],"wp:term":[{"taxonomy":"product_brand","embeddable":true,"href":"https:\/\/nextsnkr.com\/lv\/wp-json\/wp\/v2\/product_brand?post=738842"},{"taxonomy":"product_cat","embeddable":true,"href":"https:\/\/nextsnkr.com\/lv\/wp-json\/wp\/v2\/product_cat?post=738842"},{"taxonomy":"product_tag","embeddable":true,"href":"https:\/\/nextsnkr.com\/lv\/wp-json\/wp\/v2\/product_tag?post=738842"}],"curies":[{"name":"wp","href":"https:\/\/api.w.org\/{rel}","templated":true}]}}