{"id":737204,"date":"2025-06-14T16:42:19","date_gmt":"2025-06-14T13:42:19","guid":{"rendered":"https:\/\/nextsnkr.com\/product\/no-brand-bordo-art-009\/"},"modified":"2026-02-02T15:02:05","modified_gmt":"2026-02-02T12:02:05","slug":"no-brand-bordo-art-009","status":"publish","type":"product","link":"https:\/\/nextsnkr.com\/lv\/product\/no-brand-bordo-art-009\/","title":{"rendered":"Bordo No Brand \u0101das z\u0101baki-stil\u012bgi un \u0113rti ikdienas valk\u0101\u0161anai"},"content":{"rendered":"<h2>Bordo No Brand \u0101das z\u0101baki-stil\u012bgi un \u0113rti ikdienas valk\u0101\u0161anai<\/h2>\n<p>&nbsp;<\/p>\n<p>Z\u0101baki No Brand Bordo, Art. 009 ir izgatavoti no \u012bstas \u0101das, kas nodro\u0161ina iztur\u012bbu, komfortu un izcilu izskatu. Modelim ir klasisks dizains un bag\u0101t\u012bga bordo kr\u0101sa, kas viegli sapl\u016bst ar da\u017e\u0101diem skapjiem. \u0112rts spilventi\u0146\u0161 un iztur\u012bga zole padara \u0161os z\u0101bakus par ide\u0101lu izv\u0113li ikdienas valk\u0101\u0161anai un pils\u0113tas pastaig\u0101m. Ra\u017eoti Vjetnam\u0101, tie apvieno kvalit\u0101ti, stilu un praktiskumu.<\/p>\n","protected":false},"excerpt":{"rendered":"<p>Z\u0101baki No Brand Bordo, Art. 009 ir izgatavoti no \u012bstas \u0101das, kas nodro\u0161ina iztur\u012bbu, komfortu un izcilu izskatu. Modelim ir klasisks dizains un bag\u0101t\u012bga bordo kr\u0101sa, kas viegli sapl\u016bst ar da\u017e\u0101diem skapjiem. \u0112rts spilventi\u0146\u0161 un iztur\u012bga zole padara \u0161os z\u0101bakus par ide\u0101lu izv\u0113li ikdienas valk\u0101\u0161anai un pils\u0113tas pastaig\u0101m. Ra\u017eoti Vjetnam\u0101, tie apvieno kvalit\u0101ti, stilu un praktiskumu.<\/p>\n","protected":false},"featured_media":737205,"comment_status":"open","ping_status":"open","template":"","meta":[],"product_brand":[],"product_cat":[3251,3335],"product_tag":[],"class_list":{"0":"post-737204","1":"product","2":"type-product","3":"status-publish","4":"has-post-thumbnail","6":"product_cat-all-product","7":"product_cat-cherevyky","8":"pa_rozmir-910","9":"pa_rozmir-912","10":"pa_rozmir-914","11":"pa_rozmir-915","12":"pa_rozmir-916","13":"pa_rozmir-917","14":"pa_rozmir-918","15":"pa_rozmir-919","16":"pa_rozmir-920","17":"pa_rozmir-921","18":"pa_rozmir-922","20":"first","21":"instock","22":"purchasable","23":"product-type-variable"},"_links":{"self":[{"href":"https:\/\/nextsnkr.com\/lv\/wp-json\/wp\/v2\/product\/737204","targetHints":{"allow":["GET"]}}],"collection":[{"href":"https:\/\/nextsnkr.com\/lv\/wp-json\/wp\/v2\/product"}],"about":[{"href":"https:\/\/nextsnkr.com\/lv\/wp-json\/wp\/v2\/types\/product"}],"replies":[{"embeddable":true,"href":"https:\/\/nextsnkr.com\/lv\/wp-json\/wp\/v2\/comments?post=737204"}],"version-history":[{"count":0,"href":"https:\/\/nextsnkr.com\/lv\/wp-json\/wp\/v2\/product\/737204\/revisions"}],"wp:featuredmedia":[{"embeddable":true,"href":"https:\/\/nextsnkr.com\/lv\/wp-json\/wp\/v2\/media\/737205"}],"wp:attachment":[{"href":"https:\/\/nextsnkr.com\/lv\/wp-json\/wp\/v2\/media?parent=737204"}],"wp:term":[{"taxonomy":"product_brand","embeddable":true,"href":"https:\/\/nextsnkr.com\/lv\/wp-json\/wp\/v2\/product_brand?post=737204"},{"taxonomy":"product_cat","embeddable":true,"href":"https:\/\/nextsnkr.com\/lv\/wp-json\/wp\/v2\/product_cat?post=737204"},{"taxonomy":"product_tag","embeddable":true,"href":"https:\/\/nextsnkr.com\/lv\/wp-json\/wp\/v2\/product_tag?post=737204"}],"curies":[{"name":"wp","href":"https:\/\/api.w.org\/{rel}","templated":true}]}}