{"id":737022,"date":"2025-06-14T16:42:58","date_gmt":"2025-06-14T13:42:58","guid":{"rendered":"https:\/\/nextsnkr.com\/product\/no-brand-black-white-art-014\/"},"modified":"2026-02-02T15:02:00","modified_gmt":"2026-02-02T12:02:00","slug":"no-brand-black-white-art-014","status":"publish","type":"product","link":"https:\/\/nextsnkr.com\/lv\/product\/no-brand-black-white-art-014\/","title":{"rendered":"No brand Black \/ White \u010d\u012bbas-viegli tekstilizstr\u0101d\u0101jumi ikdienas valk\u0101\u0161anai"},"content":{"rendered":"<h2>No brand Black \/ White \u010d\u012bbas-viegli tekstilizstr\u0101d\u0101jumi ikdienas valk\u0101\u0161anai<\/h2>\n<p>&nbsp;<\/p>\n<p>No brand Black \/ White \u010d\u012bbas, art 014-stil\u012bgi un \u0113rti apavi ikdienas lieto\u0161anai. Izgatavoti no elpojo\u0161iem tekstilizstr\u0101d\u0101jumiem, tie nodro\u0161ina p\u0113das vieglumu, komfortu un labu ventil\u0101ciju. Klasisk\u0101 meln\u0101 un balt\u0101 kombin\u0101cija padara modeli daudzpus\u012bgu un viegli savienojamu ar jebkuru dr\u0113bju skapi. Viegla zole garant\u0113 \u0113rt\u012bbas pastaigu un \u0101ra aktivit\u0101\u0161u laik\u0101. Izv\u0113lieties No Brand Black \/ White-komforts un stils katru dienu.<\/p>\n","protected":false},"excerpt":{"rendered":"<p>No brand Black \/ White \u010d\u012bbas, art 014-stil\u012bgi un \u0113rti apavi ikdienas lieto\u0161anai. Izgatavoti no elpojo\u0161iem tekstilizstr\u0101d\u0101jumiem, tie nodro\u0161ina p\u0113das vieglumu, komfortu un labu ventil\u0101ciju. Klasisk\u0101 meln\u0101 un balt\u0101 kombin\u0101cija padara modeli daudzpus\u012bgu un viegli savienojamu ar jebkuru dr\u0113bju skapi. Viegla zole garant\u0113 \u0113rt\u012bbas pastaigu un \u0101ra aktivit\u0101\u0161u laik\u0101. Izv\u0113lieties No Brand Black \/ White-komforts un stils katru dienu.<\/p>\n","protected":false},"featured_media":737023,"comment_status":"open","ping_status":"open","template":"","meta":[],"product_brand":[],"product_cat":[3251,3322],"product_tag":[],"class_list":{"0":"post-737022","1":"product","2":"type-product","3":"status-publish","4":"has-post-thumbnail","6":"product_cat-all-product","7":"product_cat-kedy","8":"pa_rozmir-910","9":"pa_rozmir-912","10":"pa_rozmir-914","11":"pa_rozmir-915","12":"pa_rozmir-916","13":"pa_rozmir-917","14":"pa_rozmir-918","15":"pa_rozmir-919","16":"pa_rozmir-920","17":"pa_rozmir-921","18":"pa_rozmir-922","20":"first","21":"instock","22":"purchasable","23":"product-type-variable"},"_links":{"self":[{"href":"https:\/\/nextsnkr.com\/lv\/wp-json\/wp\/v2\/product\/737022","targetHints":{"allow":["GET"]}}],"collection":[{"href":"https:\/\/nextsnkr.com\/lv\/wp-json\/wp\/v2\/product"}],"about":[{"href":"https:\/\/nextsnkr.com\/lv\/wp-json\/wp\/v2\/types\/product"}],"replies":[{"embeddable":true,"href":"https:\/\/nextsnkr.com\/lv\/wp-json\/wp\/v2\/comments?post=737022"}],"version-history":[{"count":0,"href":"https:\/\/nextsnkr.com\/lv\/wp-json\/wp\/v2\/product\/737022\/revisions"}],"wp:featuredmedia":[{"embeddable":true,"href":"https:\/\/nextsnkr.com\/lv\/wp-json\/wp\/v2\/media\/737023"}],"wp:attachment":[{"href":"https:\/\/nextsnkr.com\/lv\/wp-json\/wp\/v2\/media?parent=737022"}],"wp:term":[{"taxonomy":"product_brand","embeddable":true,"href":"https:\/\/nextsnkr.com\/lv\/wp-json\/wp\/v2\/product_brand?post=737022"},{"taxonomy":"product_cat","embeddable":true,"href":"https:\/\/nextsnkr.com\/lv\/wp-json\/wp\/v2\/product_cat?post=737022"},{"taxonomy":"product_tag","embeddable":true,"href":"https:\/\/nextsnkr.com\/lv\/wp-json\/wp\/v2\/product_tag?post=737022"}],"curies":[{"name":"wp","href":"https:\/\/api.w.org\/{rel}","templated":true}]}}