{"id":735930,"date":"2025-06-14T16:46:27","date_gmt":"2025-06-14T13:46:27","guid":{"rendered":"https:\/\/nextsnkr.com\/product\/no-brand-white-art-011\/"},"modified":"2026-02-02T15:01:23","modified_gmt":"2026-02-02T12:01:23","slug":"no-brand-white-art-011","status":"publish","type":"product","link":"https:\/\/nextsnkr.com\/lv\/product\/no-brand-white-art-011\/","title":{"rendered":"Z\u0101baki no brand White Art 011 &#8211; sievie\u0161u \u0101das Classic"},"content":{"rendered":"<h2>Z\u0101baki no brand White Art 011 &#8211; sievie\u0161u \u0101das Classic<\/h2>\n<p>&nbsp;<\/p>\n<p>No brand White Art 011-Eleganti sievie\u0161u z\u0101baki no augstas kvalit\u0101tes \u012astas \u0101das, kas nodro\u0161ina iztur\u012bbu, iztur\u012bbu un komfortu ikdienas valk\u0101\u0161an\u0101. Klasisk\u0101 balt\u0101 kr\u0101sa pie\u0161\u0137ir izskatam svaigumu un daudzpus\u012bbu, Viegli savienojama ar jebkuru ap\u0123\u0113rba stilu. Ra\u017eoti Vjetnam\u0101, z\u0101bakiem ir p\u0101rdom\u0101ts piegulums, stabila zole un m\u016bsdien\u012bgs dizains. Ide\u0101la izv\u0113le pils\u0113tai, pastaig\u0101m un aukstajam gadalaikam.<\/p>\n","protected":false},"excerpt":{"rendered":"<p>No brand White Art 011-Eleganti sievie\u0161u z\u0101baki no augstas kvalit\u0101tes \u012astas \u0101das, kas nodro\u0161ina iztur\u012bbu, iztur\u012bbu un komfortu ikdienas valk\u0101\u0161an\u0101. Klasisk\u0101 balt\u0101 kr\u0101sa pie\u0161\u0137ir izskatam svaigumu un daudzpus\u012bbu, Viegli savienojama ar jebkuru ap\u0123\u0113rba stilu. Ra\u017eoti Vjetnam\u0101, z\u0101bakiem ir p\u0101rdom\u0101ts piegulums, stabila zole un m\u016bsdien\u012bgs dizains. Ide\u0101la izv\u0113le pils\u0113tai, pastaig\u0101m un aukstajam gadalaikam.<\/p>\n","protected":false},"featured_media":735931,"comment_status":"open","ping_status":"open","template":"","meta":[],"product_brand":[],"product_cat":[3251,3335],"product_tag":[],"class_list":{"0":"post-735930","1":"product","2":"type-product","3":"status-publish","4":"has-post-thumbnail","6":"product_cat-all-product","7":"product_cat-cherevyky","8":"pa_rozmir-910","9":"pa_rozmir-912","10":"pa_rozmir-914","11":"pa_rozmir-915","12":"pa_rozmir-916","13":"pa_rozmir-917","14":"pa_rozmir-918","15":"pa_rozmir-919","16":"pa_rozmir-920","17":"pa_rozmir-921","18":"pa_rozmir-922","20":"first","21":"onbackorder","22":"purchasable","23":"product-type-variable"},"_links":{"self":[{"href":"https:\/\/nextsnkr.com\/lv\/wp-json\/wp\/v2\/product\/735930","targetHints":{"allow":["GET"]}}],"collection":[{"href":"https:\/\/nextsnkr.com\/lv\/wp-json\/wp\/v2\/product"}],"about":[{"href":"https:\/\/nextsnkr.com\/lv\/wp-json\/wp\/v2\/types\/product"}],"replies":[{"embeddable":true,"href":"https:\/\/nextsnkr.com\/lv\/wp-json\/wp\/v2\/comments?post=735930"}],"version-history":[{"count":0,"href":"https:\/\/nextsnkr.com\/lv\/wp-json\/wp\/v2\/product\/735930\/revisions"}],"wp:featuredmedia":[{"embeddable":true,"href":"https:\/\/nextsnkr.com\/lv\/wp-json\/wp\/v2\/media\/735931"}],"wp:attachment":[{"href":"https:\/\/nextsnkr.com\/lv\/wp-json\/wp\/v2\/media?parent=735930"}],"wp:term":[{"taxonomy":"product_brand","embeddable":true,"href":"https:\/\/nextsnkr.com\/lv\/wp-json\/wp\/v2\/product_brand?post=735930"},{"taxonomy":"product_cat","embeddable":true,"href":"https:\/\/nextsnkr.com\/lv\/wp-json\/wp\/v2\/product_cat?post=735930"},{"taxonomy":"product_tag","embeddable":true,"href":"https:\/\/nextsnkr.com\/lv\/wp-json\/wp\/v2\/product_tag?post=735930"}],"curies":[{"name":"wp","href":"https:\/\/api.w.org\/{rel}","templated":true}]}}