{"id":735748,"date":"2025-06-14T16:46:59","date_gmt":"2025-06-14T13:46:59","guid":{"rendered":"https:\/\/nextsnkr.com\/product\/no-brand-beige-art-017\/"},"modified":"2026-02-02T15:01:08","modified_gmt":"2026-02-02T12:01:08","slug":"no-brand-beige-art-017","status":"publish","type":"product","link":"https:\/\/nextsnkr.com\/lv\/product\/no-brand-beige-art-017\/","title":{"rendered":"Z\u0101baki No Brand Beige-sievie\u0161u \u0101das rudens-ziemas z\u0101baki"},"content":{"rendered":"<h2>Z\u0101baki No Brand Beige-sievie\u0161u \u0101das rudens-ziemas z\u0101baki<\/h2>\n<p>&nbsp;<\/p>\n<p>Z\u0101baki no brand Beige \u2014 art 017) &#8211; stil\u012bgi sievie\u0161u z\u0101baki no \u012bstas \u0101das, ide\u0101li piem\u0113roti rudenim un ziemai. Modelis apvieno elegantu smil\u0161kr\u0101sas kr\u0101su, \u0113rtu spilventi\u0146u un iztur\u012bgu materi\u0101lu, kas nodro\u0161ina iztur\u012bbu un valk\u0101\u0161anas komfortu. Zole garant\u0113 stabilit\u0101ti uz da\u017e\u0101d\u0101m virsm\u0101m, un klasiskais dizains ir viegli savienojams ar jebkuru veidu. Ra\u017eo\u0161ana Vjetnam\u0101 apstiprina ra\u017eo\u0161anas kvalit\u0101ti. Izv\u0113lieties No Brand Beige praktiskumam un stil\u012bgam izskatam katru dienu.<\/p>\n","protected":false},"excerpt":{"rendered":"<p>Z\u0101baki no brand Beige \u2014 art 017) &#8211; stil\u012bgi sievie\u0161u z\u0101baki no \u012bstas \u0101das, ide\u0101li piem\u0113roti rudenim un ziemai. Modelis apvieno elegantu smil\u0161kr\u0101sas kr\u0101su, \u0113rtu spilventi\u0146u un iztur\u012bgu materi\u0101lu, kas nodro\u0161ina iztur\u012bbu un valk\u0101\u0161anas komfortu. Zole garant\u0113 stabilit\u0101ti uz da\u017e\u0101d\u0101m virsm\u0101m, un klasiskais dizains ir viegli savienojams ar jebkuru veidu. Ra\u017eo\u0161ana Vjetnam\u0101 apstiprina ra\u017eo\u0161anas kvalit\u0101ti. Izv\u0113lieties No Brand Beige praktiskumam un stil\u012bgam izskatam katru dienu.<\/p>\n","protected":false},"featured_media":735749,"comment_status":"open","ping_status":"open","template":"","meta":[],"product_brand":[],"product_cat":[3251,3335],"product_tag":[],"class_list":{"0":"post-735748","1":"product","2":"type-product","3":"status-publish","4":"has-post-thumbnail","6":"product_cat-all-product","7":"product_cat-cherevyky","8":"pa_rozmir-910","9":"pa_rozmir-912","10":"pa_rozmir-914","11":"pa_rozmir-915","12":"pa_rozmir-916","13":"pa_rozmir-917","14":"pa_rozmir-918","15":"pa_rozmir-919","16":"pa_rozmir-920","17":"pa_rozmir-921","18":"pa_rozmir-922","20":"first","21":"instock","22":"purchasable","23":"product-type-variable"},"_links":{"self":[{"href":"https:\/\/nextsnkr.com\/lv\/wp-json\/wp\/v2\/product\/735748","targetHints":{"allow":["GET"]}}],"collection":[{"href":"https:\/\/nextsnkr.com\/lv\/wp-json\/wp\/v2\/product"}],"about":[{"href":"https:\/\/nextsnkr.com\/lv\/wp-json\/wp\/v2\/types\/product"}],"replies":[{"embeddable":true,"href":"https:\/\/nextsnkr.com\/lv\/wp-json\/wp\/v2\/comments?post=735748"}],"version-history":[{"count":0,"href":"https:\/\/nextsnkr.com\/lv\/wp-json\/wp\/v2\/product\/735748\/revisions"}],"wp:featuredmedia":[{"embeddable":true,"href":"https:\/\/nextsnkr.com\/lv\/wp-json\/wp\/v2\/media\/735749"}],"wp:attachment":[{"href":"https:\/\/nextsnkr.com\/lv\/wp-json\/wp\/v2\/media?parent=735748"}],"wp:term":[{"taxonomy":"product_brand","embeddable":true,"href":"https:\/\/nextsnkr.com\/lv\/wp-json\/wp\/v2\/product_brand?post=735748"},{"taxonomy":"product_cat","embeddable":true,"href":"https:\/\/nextsnkr.com\/lv\/wp-json\/wp\/v2\/product_cat?post=735748"},{"taxonomy":"product_tag","embeddable":true,"href":"https:\/\/nextsnkr.com\/lv\/wp-json\/wp\/v2\/product_tag?post=735748"}],"curies":[{"name":"wp","href":"https:\/\/api.w.org\/{rel}","templated":true}]}}