{"id":734201,"date":"2025-06-14T19:52:55","date_gmt":"2025-06-14T16:52:55","guid":{"rendered":"https:\/\/nextsnkr.com\/product\/air-jordan-1-low-light-smoke-grey\/"},"modified":"2026-02-02T15:00:13","modified_gmt":"2026-02-02T12:00:13","slug":"air-jordan-1-low-light-smoke-grey","status":"publish","type":"product","link":"https:\/\/nextsnkr.com\/lv\/product\/air-jordan-1-low-light-smoke-grey\/","title":{"rendered":"Air Jordan 1 Low Light Smoke Grey \u012astas \u0101das \u010d\u012bbas"},"content":{"rendered":"<h2>Air Jordan 1 Low Light Smoke Grey \u012astas \u0101das \u010d\u012bbas<\/h2>\n<p>&nbsp;<\/p>\n<p>Air Jordan 1 Low Light Smoke Grey ir stil\u012bgas un daudzpus\u012bgas \u012astas \u0101das \u010d\u012bbas, kas apvieno komfortu, iztur\u012bbu un izcilu izskatu. Gai\u0161i pel\u0113k\u0101 nokr\u0101sa pie\u0161\u0137ir eleganci un ir viegli apvienojama ar da\u017e\u0101diem skapjiem. Iztur\u012bg\u0101 zole nodro\u0161ina triecienu absorbciju un stabilit\u0101ti ikdienas valk\u0101\u0161anas laik\u0101. \u0160\u012bs Air Jordan \u010d\u012bbas, kas ra\u017eotas Vjetnam\u0101, ir ide\u0101li piem\u0113rotas tiem, kas nov\u0113rt\u0113 z\u012bmolu, modernu dizainu un ikdienas stila komfortu.<\/p>\n","protected":false},"excerpt":{"rendered":"<p>Air Jordan 1 Low Light Smoke Grey ir stil\u012bgas un daudzpus\u012bgas \u012astas \u0101das \u010d\u012bbas, kas apvieno komfortu, iztur\u012bbu un izcilu izskatu. Gai\u0161i pel\u0113k\u0101 nokr\u0101sa pie\u0161\u0137ir eleganci un ir viegli apvienojama ar da\u017e\u0101diem skapjiem. Iztur\u012bg\u0101 zole nodro\u0161ina triecienu absorbciju un stabilit\u0101ti ikdienas valk\u0101\u0161anas laik\u0101. \u0160\u012bs Air Jordan \u010d\u012bbas, kas ra\u017eotas Vjetnam\u0101, ir ide\u0101li piem\u0113rotas tiem, kas nov\u0113rt\u0113 z\u012bmolu, modernu dizainu un ikdienas stila komfortu.<\/p>\n","protected":false},"featured_media":734202,"comment_status":"open","ping_status":"open","template":"","meta":[],"product_brand":[],"product_cat":[3387,3251,3322],"product_tag":[],"class_list":{"0":"post-734201","1":"product","2":"type-product","3":"status-publish","4":"has-post-thumbnail","6":"product_cat-nike-jordan","7":"product_cat-all-product","8":"product_cat-kedy","9":"pa_rozmir-910","10":"pa_rozmir-912","11":"pa_rozmir-914","12":"pa_rozmir-915","13":"pa_rozmir-916","14":"pa_rozmir-917","15":"pa_rozmir-918","16":"pa_rozmir-919","17":"pa_rozmir-920","18":"pa_rozmir-921","19":"pa_rozmir-922","21":"first","22":"instock","23":"purchasable","24":"product-type-variable"},"_links":{"self":[{"href":"https:\/\/nextsnkr.com\/lv\/wp-json\/wp\/v2\/product\/734201","targetHints":{"allow":["GET"]}}],"collection":[{"href":"https:\/\/nextsnkr.com\/lv\/wp-json\/wp\/v2\/product"}],"about":[{"href":"https:\/\/nextsnkr.com\/lv\/wp-json\/wp\/v2\/types\/product"}],"replies":[{"embeddable":true,"href":"https:\/\/nextsnkr.com\/lv\/wp-json\/wp\/v2\/comments?post=734201"}],"version-history":[{"count":0,"href":"https:\/\/nextsnkr.com\/lv\/wp-json\/wp\/v2\/product\/734201\/revisions"}],"wp:featuredmedia":[{"embeddable":true,"href":"https:\/\/nextsnkr.com\/lv\/wp-json\/wp\/v2\/media\/734202"}],"wp:attachment":[{"href":"https:\/\/nextsnkr.com\/lv\/wp-json\/wp\/v2\/media?parent=734201"}],"wp:term":[{"taxonomy":"product_brand","embeddable":true,"href":"https:\/\/nextsnkr.com\/lv\/wp-json\/wp\/v2\/product_brand?post=734201"},{"taxonomy":"product_cat","embeddable":true,"href":"https:\/\/nextsnkr.com\/lv\/wp-json\/wp\/v2\/product_cat?post=734201"},{"taxonomy":"product_tag","embeddable":true,"href":"https:\/\/nextsnkr.com\/lv\/wp-json\/wp\/v2\/product_tag?post=734201"}],"curies":[{"name":"wp","href":"https:\/\/api.w.org\/{rel}","templated":true}]}}