{"id":732504,"date":"2025-06-14T21:02:26","date_gmt":"2025-06-14T18:02:26","guid":{"rendered":"https:\/\/nextsnkr.com\/product\/air-jordan-retro1-black-white\/"},"modified":"2026-02-02T14:59:09","modified_gmt":"2026-02-02T11:59:09","slug":"air-jordan-retro1-black-white","status":"publish","type":"product","link":"https:\/\/nextsnkr.com\/lv\/product\/air-jordan-retro1-black-white\/","title":{"rendered":"Air Jordan retro 1 Black White \u012astas \u0101das \u010d\u012bbas"},"content":{"rendered":"<h2>Air Jordan retro 1 Black White \u012astas \u0101das \u010d\u012bbas<\/h2>\n<p>&nbsp;<\/p>\n<p>Air Jordan retro 1 Black White ir klasiskas \u012astas \u0101das \u010d\u012bbas, kas apvieno stilu, komfortu un iztur\u012bbu. Melnbaltais dizains padara modeli daudzpus\u012bgu un viegli savienojamu ar jebkuru dr\u0113bju skapi. Iztur\u012bg\u0101 zole nodro\u0161ina triecienu absorbciju un stabilit\u0101ti ikdienas valk\u0101\u0161anas laik\u0101, un p\u0101rdom\u0101t\u0101 konstrukcija garant\u0113 \u0113rtu piegul\u0161anu. \u0160\u012bs Air Jordan \u010d\u012bbas, kas ra\u017eotas Vjetnam\u0101, b\u016bs lieliska izv\u0113le tiem, kas nov\u0113rt\u0113 z\u012bmolu, stilu un funkcionalit\u0101ti ikdienas dz\u012bv\u0113.<\/p>\n","protected":false},"excerpt":{"rendered":"<p>Air Jordan retro 1 Black White ir klasiskas \u012astas \u0101das \u010d\u012bbas, kas apvieno stilu, komfortu un iztur\u012bbu. Melnbaltais dizains padara modeli daudzpus\u012bgu un viegli savienojamu ar jebkuru dr\u0113bju skapi. Iztur\u012bg\u0101 zole nodro\u0161ina triecienu absorbciju un stabilit\u0101ti ikdienas valk\u0101\u0161anas laik\u0101, un p\u0101rdom\u0101t\u0101 konstrukcija garant\u0113 \u0113rtu piegul\u0161anu. \u0160\u012bs Air Jordan \u010d\u012bbas, kas ra\u017eotas Vjetnam\u0101, b\u016bs lieliska izv\u0113le tiem, kas nov\u0113rt\u0113 z\u012bmolu, stilu un funkcionalit\u0101ti ikdienas dz\u012bv\u0113.<\/p>\n","protected":false},"featured_media":732505,"comment_status":"open","ping_status":"open","template":"","meta":[],"product_brand":[],"product_cat":[3387,3251,3322],"product_tag":[],"class_list":{"0":"post-732504","1":"product","2":"type-product","3":"status-publish","4":"has-post-thumbnail","6":"product_cat-nike-jordan","7":"product_cat-all-product","8":"product_cat-kedy","9":"pa_rozmir-910","10":"pa_rozmir-912","11":"pa_rozmir-914","12":"pa_rozmir-915","13":"pa_rozmir-916","14":"pa_rozmir-917","15":"pa_rozmir-918","16":"pa_rozmir-919","17":"pa_rozmir-920","18":"pa_rozmir-921","19":"pa_rozmir-922","21":"first","22":"instock","23":"purchasable","24":"product-type-variable"},"_links":{"self":[{"href":"https:\/\/nextsnkr.com\/lv\/wp-json\/wp\/v2\/product\/732504","targetHints":{"allow":["GET"]}}],"collection":[{"href":"https:\/\/nextsnkr.com\/lv\/wp-json\/wp\/v2\/product"}],"about":[{"href":"https:\/\/nextsnkr.com\/lv\/wp-json\/wp\/v2\/types\/product"}],"replies":[{"embeddable":true,"href":"https:\/\/nextsnkr.com\/lv\/wp-json\/wp\/v2\/comments?post=732504"}],"version-history":[{"count":0,"href":"https:\/\/nextsnkr.com\/lv\/wp-json\/wp\/v2\/product\/732504\/revisions"}],"wp:featuredmedia":[{"embeddable":true,"href":"https:\/\/nextsnkr.com\/lv\/wp-json\/wp\/v2\/media\/732505"}],"wp:attachment":[{"href":"https:\/\/nextsnkr.com\/lv\/wp-json\/wp\/v2\/media?parent=732504"}],"wp:term":[{"taxonomy":"product_brand","embeddable":true,"href":"https:\/\/nextsnkr.com\/lv\/wp-json\/wp\/v2\/product_brand?post=732504"},{"taxonomy":"product_cat","embeddable":true,"href":"https:\/\/nextsnkr.com\/lv\/wp-json\/wp\/v2\/product_cat?post=732504"},{"taxonomy":"product_tag","embeddable":true,"href":"https:\/\/nextsnkr.com\/lv\/wp-json\/wp\/v2\/product_tag?post=732504"}],"curies":[{"name":"wp","href":"https:\/\/api.w.org\/{rel}","templated":true}]}}