{"id":732335,"date":"2025-06-14T21:03:19","date_gmt":"2025-06-14T18:03:19","guid":{"rendered":"https:\/\/nextsnkr.com\/product\/nike-air-jordan-1-retro-high-black-white-pink\/"},"modified":"2026-02-02T14:58:56","modified_gmt":"2026-02-02T11:58:56","slug":"nike-air-jordan-1-retro-high-black-white-pink","status":"publish","type":"product","link":"https:\/\/nextsnkr.com\/lv\/product\/nike-air-jordan-1-retro-high-black-white-pink\/","title":{"rendered":"Nike Air jordan 1 Retro High Black\/White\/Pink \u0101das \u010d\u012bbas"},"content":{"rendered":"<h2>Nike Air jordan 1 Retro High Black\/White\/Pink \u0101das \u010d\u012bbas<\/h2>\n<p>&nbsp;<\/p>\n<p>Nike Air Jordan 1 Retro High Black\/White\/Pink stil\u012bg\u0101s \u010d\u012bbas ir izgatavotas no augstas kvalit\u0101tes \u0101das, kas nodro\u0161ina komfortu, iztur\u012bbu un uzticamu p\u0113das atbalstu. Modelim ir klasisks augsts siluets un kontrast\u0113jo\u0161s melnbalti roz\u0101 dizains, apvienojot Air Jordan le\u0123end\u0101ro stilu ar m\u016bsdienu tendenc\u0113m. \u0160\u012bs \u010d\u012bbas, kas ra\u017eotas Vjetnam\u0101, ir ide\u0101li piem\u0113rotas ikdienas valk\u0101\u0161anai, akt\u012bvai pils\u0113tas dz\u012bvei un tiem, kas nov\u0113rt\u0113 augst\u0101k\u0101s kvalit\u0101tes un izteiksm\u012bgu modes izskatu.<\/p>\n","protected":false},"excerpt":{"rendered":"<p>Nike Air Jordan 1 Retro High Black\/White\/Pink stil\u012bg\u0101s \u010d\u012bbas ir izgatavotas no augstas kvalit\u0101tes \u0101das, kas nodro\u0161ina komfortu, iztur\u012bbu un uzticamu p\u0113das atbalstu. Modelim ir klasisks augsts siluets un kontrast\u0113jo\u0161s melnbalti roz\u0101 dizains, apvienojot Air Jordan le\u0123end\u0101ro stilu ar m\u016bsdienu tendenc\u0113m. \u0160\u012bs \u010d\u012bbas, kas ra\u017eotas Vjetnam\u0101, ir ide\u0101li piem\u0113rotas ikdienas valk\u0101\u0161anai, akt\u012bvai pils\u0113tas dz\u012bvei un tiem, kas nov\u0113rt\u0113 augst\u0101k\u0101s kvalit\u0101tes un izteiksm\u012bgu modes izskatu.<\/p>\n","protected":false},"featured_media":732336,"comment_status":"open","ping_status":"open","template":"","meta":[],"product_brand":[],"product_cat":[3387,3251,3322],"product_tag":[],"class_list":{"0":"post-732335","1":"product","2":"type-product","3":"status-publish","4":"has-post-thumbnail","6":"product_cat-nike-jordan","7":"product_cat-all-product","8":"product_cat-kedy","9":"pa_rozmir-910","10":"pa_rozmir-912","11":"pa_rozmir-914","12":"pa_rozmir-915","13":"pa_rozmir-916","14":"pa_rozmir-917","15":"pa_rozmir-918","16":"pa_rozmir-919","17":"pa_rozmir-920","18":"pa_rozmir-921","19":"pa_rozmir-922","21":"first","22":"instock","23":"purchasable","24":"product-type-variable"},"_links":{"self":[{"href":"https:\/\/nextsnkr.com\/lv\/wp-json\/wp\/v2\/product\/732335","targetHints":{"allow":["GET"]}}],"collection":[{"href":"https:\/\/nextsnkr.com\/lv\/wp-json\/wp\/v2\/product"}],"about":[{"href":"https:\/\/nextsnkr.com\/lv\/wp-json\/wp\/v2\/types\/product"}],"replies":[{"embeddable":true,"href":"https:\/\/nextsnkr.com\/lv\/wp-json\/wp\/v2\/comments?post=732335"}],"version-history":[{"count":0,"href":"https:\/\/nextsnkr.com\/lv\/wp-json\/wp\/v2\/product\/732335\/revisions"}],"wp:featuredmedia":[{"embeddable":true,"href":"https:\/\/nextsnkr.com\/lv\/wp-json\/wp\/v2\/media\/732336"}],"wp:attachment":[{"href":"https:\/\/nextsnkr.com\/lv\/wp-json\/wp\/v2\/media?parent=732335"}],"wp:term":[{"taxonomy":"product_brand","embeddable":true,"href":"https:\/\/nextsnkr.com\/lv\/wp-json\/wp\/v2\/product_brand?post=732335"},{"taxonomy":"product_cat","embeddable":true,"href":"https:\/\/nextsnkr.com\/lv\/wp-json\/wp\/v2\/product_cat?post=732335"},{"taxonomy":"product_tag","embeddable":true,"href":"https:\/\/nextsnkr.com\/lv\/wp-json\/wp\/v2\/product_tag?post=732335"}],"curies":[{"name":"wp","href":"https:\/\/api.w.org\/{rel}","templated":true}]}}