{"id":731659,"date":"2025-06-14T21:06:40","date_gmt":"2025-06-14T18:06:40","guid":{"rendered":"https:\/\/nextsnkr.com\/product\/air-jordan-retro1-black-violet-white\/"},"modified":"2026-02-02T14:58:39","modified_gmt":"2026-02-02T11:58:39","slug":"air-jordan-retro1-black-violet-white","status":"publish","type":"product","link":"https:\/\/nextsnkr.com\/lv\/product\/air-jordan-retro1-black-violet-white\/","title":{"rendered":"Air Jordan retro 1 Black Violet White \u010d\u012bbas-\u0101das un zam\u0161\u0101das \u010d\u012bbas"},"content":{"rendered":"<h2>Air Jordan retro 1 Black Violet White \u010d\u012bbas-\u0101das un zam\u0161\u0101das \u010d\u012bbas<\/h2>\n<p>&nbsp;<\/p>\n<p>Air Jordan Retro1 Black Violet White \u010d\u012bbas ir stil\u012bgs un \u0113rts modelis ikdienas valk\u0101\u0161anai un \u0101ra aktivit\u0101t\u0113m. Izgatavoti no \u012bstas \u0101das un zam\u0161\u0101das, tie nodro\u0161ina p\u0113das iztur\u012bbu, iztur\u012bbu un \u0113rtu piegul\u0161anu. Kontrast\u0113jo\u0161a melnas, violetas un baltas kr\u0101sas kombin\u0101cija rada spilgtu un m\u016bsdien\u012bgu izskatu. zole garant\u0113 amortiz\u0101ciju un atbalstu brauk\u0161anas laik\u0101. Ra\u017eot\u0101js-Vjetnama. Izv\u0113lieties Air Jordan Retro1 Black Violet White, lai apvienotu stilu un komfortu. Kods: 0442v-200453.<\/p>\n","protected":false},"excerpt":{"rendered":"<p>Air Jordan Retro1 Black Violet White \u010d\u012bbas ir stil\u012bgs un \u0113rts modelis ikdienas valk\u0101\u0161anai un \u0101ra aktivit\u0101t\u0113m. Izgatavoti no \u012bstas \u0101das un zam\u0161\u0101das, tie nodro\u0161ina p\u0113das iztur\u012bbu, iztur\u012bbu un \u0113rtu piegul\u0161anu. Kontrast\u0113jo\u0161a melnas, violetas un baltas kr\u0101sas kombin\u0101cija rada spilgtu un m\u016bsdien\u012bgu izskatu. zole garant\u0113 amortiz\u0101ciju un atbalstu brauk\u0161anas laik\u0101. Ra\u017eot\u0101js-Vjetnama. Izv\u0113lieties Air Jordan Retro1 Black Violet White, lai apvienotu stilu un komfortu. Kods: 0442v-200453.<\/p>\n","protected":false},"featured_media":731660,"comment_status":"open","ping_status":"open","template":"","meta":[],"product_brand":[],"product_cat":[3387,3251,3322],"product_tag":[],"class_list":{"0":"post-731659","1":"product","2":"type-product","3":"status-publish","4":"has-post-thumbnail","6":"product_cat-nike-jordan","7":"product_cat-all-product","8":"product_cat-kedy","9":"pa_rozmir-910","10":"pa_rozmir-912","11":"pa_rozmir-914","12":"pa_rozmir-915","13":"pa_rozmir-916","14":"pa_rozmir-917","15":"pa_rozmir-918","16":"pa_rozmir-919","17":"pa_rozmir-920","18":"pa_rozmir-921","19":"pa_rozmir-922","21":"first","22":"instock","23":"purchasable","24":"product-type-variable"},"_links":{"self":[{"href":"https:\/\/nextsnkr.com\/lv\/wp-json\/wp\/v2\/product\/731659","targetHints":{"allow":["GET"]}}],"collection":[{"href":"https:\/\/nextsnkr.com\/lv\/wp-json\/wp\/v2\/product"}],"about":[{"href":"https:\/\/nextsnkr.com\/lv\/wp-json\/wp\/v2\/types\/product"}],"replies":[{"embeddable":true,"href":"https:\/\/nextsnkr.com\/lv\/wp-json\/wp\/v2\/comments?post=731659"}],"version-history":[{"count":0,"href":"https:\/\/nextsnkr.com\/lv\/wp-json\/wp\/v2\/product\/731659\/revisions"}],"wp:featuredmedia":[{"embeddable":true,"href":"https:\/\/nextsnkr.com\/lv\/wp-json\/wp\/v2\/media\/731660"}],"wp:attachment":[{"href":"https:\/\/nextsnkr.com\/lv\/wp-json\/wp\/v2\/media?parent=731659"}],"wp:term":[{"taxonomy":"product_brand","embeddable":true,"href":"https:\/\/nextsnkr.com\/lv\/wp-json\/wp\/v2\/product_brand?post=731659"},{"taxonomy":"product_cat","embeddable":true,"href":"https:\/\/nextsnkr.com\/lv\/wp-json\/wp\/v2\/product_cat?post=731659"},{"taxonomy":"product_tag","embeddable":true,"href":"https:\/\/nextsnkr.com\/lv\/wp-json\/wp\/v2\/product_tag?post=731659"}],"curies":[{"name":"wp","href":"https:\/\/api.w.org\/{rel}","templated":true}]}}