{"id":731490,"date":"2025-06-14T21:07:28","date_gmt":"2025-06-14T18:07:28","guid":{"rendered":"https:\/\/nextsnkr.com\/product\/air-jordan-retro1-black-orange\/"},"modified":"2026-02-02T14:58:24","modified_gmt":"2026-02-02T11:58:24","slug":"air-jordan-retro1-black-orange","status":"publish","type":"product","link":"https:\/\/nextsnkr.com\/lv\/product\/air-jordan-retro1-black-orange\/","title":{"rendered":"Air Jordan retro 1 Black Orange \u010d\u012bbas-\u0101das melnas ar oran\u017eu"},"content":{"rendered":"<h2>Air Jordan retro 1 Black Orange \u010d\u012bbas-\u0101das melnas ar oran\u017eu<\/h2>\n<p>&nbsp;<\/p>\n<p>Air Jordan Retro1 Black Orange \u010d\u012bbas ir izgatavotas no kvalitat\u012bvas \u0101das, kas nodro\u0161ina iztur\u012bbu, komfortu un stil\u012bgu izskatu. Meln\u0101 kr\u0101sa ir apvienota ar spilgti oran\u017eiem akcentiem, radot pievilc\u012bgu un modernu dizainu. M\u012bkst\u0101 zole amortiz\u0113 soli un atbalsta p\u0113du visas dienas garum\u0101, padarot modeli \u0113rtu ikdienas valk\u0101\u0161anai un \u0101ra aktivit\u0101t\u0113m. Ide\u0101la izv\u0113le tiem, kas nov\u0113rt\u0113 Air Jordan z\u012bmola stilu, komfortu un augst\u0101k\u0101s kvalit\u0101tes kvalit\u0101ti.<\/p>\n","protected":false},"excerpt":{"rendered":"<p>Air Jordan Retro1 Black Orange \u010d\u012bbas ir izgatavotas no kvalitat\u012bvas \u0101das, kas nodro\u0161ina iztur\u012bbu, komfortu un stil\u012bgu izskatu. Meln\u0101 kr\u0101sa ir apvienota ar spilgti oran\u017eiem akcentiem, radot pievilc\u012bgu un modernu dizainu. M\u012bkst\u0101 zole amortiz\u0113 soli un atbalsta p\u0113du visas dienas garum\u0101, padarot modeli \u0113rtu ikdienas valk\u0101\u0161anai un \u0101ra aktivit\u0101t\u0113m. Ide\u0101la izv\u0113le tiem, kas nov\u0113rt\u0113 Air Jordan z\u012bmola stilu, komfortu un augst\u0101k\u0101s kvalit\u0101tes kvalit\u0101ti.<\/p>\n","protected":false},"featured_media":731491,"comment_status":"open","ping_status":"open","template":"","meta":[],"product_brand":[],"product_cat":[3387,3251,3322],"product_tag":[],"class_list":{"0":"post-731490","1":"product","2":"type-product","3":"status-publish","4":"has-post-thumbnail","6":"product_cat-nike-jordan","7":"product_cat-all-product","8":"product_cat-kedy","9":"pa_rozmir-910","10":"pa_rozmir-912","11":"pa_rozmir-914","12":"pa_rozmir-915","13":"pa_rozmir-916","14":"pa_rozmir-917","15":"pa_rozmir-918","16":"pa_rozmir-919","17":"pa_rozmir-920","18":"pa_rozmir-921","19":"pa_rozmir-922","21":"first","22":"instock","23":"purchasable","24":"product-type-variable"},"_links":{"self":[{"href":"https:\/\/nextsnkr.com\/lv\/wp-json\/wp\/v2\/product\/731490","targetHints":{"allow":["GET"]}}],"collection":[{"href":"https:\/\/nextsnkr.com\/lv\/wp-json\/wp\/v2\/product"}],"about":[{"href":"https:\/\/nextsnkr.com\/lv\/wp-json\/wp\/v2\/types\/product"}],"replies":[{"embeddable":true,"href":"https:\/\/nextsnkr.com\/lv\/wp-json\/wp\/v2\/comments?post=731490"}],"version-history":[{"count":0,"href":"https:\/\/nextsnkr.com\/lv\/wp-json\/wp\/v2\/product\/731490\/revisions"}],"wp:featuredmedia":[{"embeddable":true,"href":"https:\/\/nextsnkr.com\/lv\/wp-json\/wp\/v2\/media\/731491"}],"wp:attachment":[{"href":"https:\/\/nextsnkr.com\/lv\/wp-json\/wp\/v2\/media?parent=731490"}],"wp:term":[{"taxonomy":"product_brand","embeddable":true,"href":"https:\/\/nextsnkr.com\/lv\/wp-json\/wp\/v2\/product_brand?post=731490"},{"taxonomy":"product_cat","embeddable":true,"href":"https:\/\/nextsnkr.com\/lv\/wp-json\/wp\/v2\/product_cat?post=731490"},{"taxonomy":"product_tag","embeddable":true,"href":"https:\/\/nextsnkr.com\/lv\/wp-json\/wp\/v2\/product_tag?post=731490"}],"curies":[{"name":"wp","href":"https:\/\/api.w.org\/{rel}","templated":true}]}}