{"id":730983,"date":"2025-06-14T21:09:49","date_gmt":"2025-06-14T18:09:49","guid":{"rendered":"https:\/\/nextsnkr.com\/product\/adidas-yeezy-reflective\/"},"modified":"2026-02-02T14:58:11","modified_gmt":"2026-02-02T11:58:11","slug":"adidas-yeezy-reflective","status":"publish","type":"product","link":"https:\/\/nextsnkr.com\/lv\/product\/adidas-yeezy-reflective\/","title":{"rendered":"Adidas Yeezy Reflective \u010d\u012bbas-stil\u012bgas tekstila kedas ar sietu"},"content":{"rendered":"<h2>Adidas Yeezy Reflective \u010d\u012bbas-stil\u012bgas tekstila kedas ar sietu<\/h2>\n<p>&nbsp;<\/p>\n<p>Adidas Yeezy Reflective \u010d\u012bbas ir augst\u0101k\u0101s kvalit\u0101tes tekstilizstr\u0101d\u0101jumu un acu modelis, kas nodro\u0161ina komfortu, vieglumu un ventil\u0101ciju p\u0113dai. Atstarojo\u0161ie elementi pie\u0161\u0137ir stil\u012bgu sp\u012bdumu un redzam\u012bbu v\u0101j\u0101 apgaismojum\u0101. Viegls un \u0113rts dizains padara \u0161\u012bs kedas ide\u0101li piem\u0113rotas pils\u0113tas dz\u012bvei un akt\u012bvai lieto\u0161anai. M\u016bsdienu Adidas Yeezy dizaina un augstas kvalit\u0101tes materi\u0101lu kombin\u0101cija garant\u0113 iztur\u012bbu un komfortu ikdienas valk\u0101\u0161anas laik\u0101.<\/p>\n","protected":false},"excerpt":{"rendered":"<p>Adidas Yeezy Reflective \u010d\u012bbas ir augst\u0101k\u0101s kvalit\u0101tes tekstilizstr\u0101d\u0101jumu un acu modelis, kas nodro\u0161ina komfortu, vieglumu un ventil\u0101ciju p\u0113dai. Atstarojo\u0161ie elementi pie\u0161\u0137ir stil\u012bgu sp\u012bdumu un redzam\u012bbu v\u0101j\u0101 apgaismojum\u0101. Viegls un \u0113rts dizains padara \u0161\u012bs kedas ide\u0101li piem\u0113rotas pils\u0113tas dz\u012bvei un akt\u012bvai lieto\u0161anai. M\u016bsdienu Adidas Yeezy dizaina un augstas kvalit\u0101tes materi\u0101lu kombin\u0101cija garant\u0113 iztur\u012bbu un komfortu ikdienas valk\u0101\u0161anas laik\u0101.<\/p>\n","protected":false},"featured_media":730984,"comment_status":"open","ping_status":"open","template":"","meta":[],"product_brand":[],"product_cat":[3400,3251,3252],"product_tag":[],"class_list":{"0":"post-730983","1":"product","2":"type-product","3":"status-publish","4":"has-post-thumbnail","6":"product_cat-adidas-yeezy","7":"product_cat-all-product","8":"product_cat-krosivky","9":"pa_rozmir-910","10":"pa_rozmir-912","11":"pa_rozmir-914","12":"pa_rozmir-915","13":"pa_rozmir-916","14":"pa_rozmir-917","15":"pa_rozmir-918","16":"pa_rozmir-919","17":"pa_rozmir-920","18":"pa_rozmir-921","19":"pa_rozmir-922","21":"first","22":"instock","23":"purchasable","24":"product-type-variable"},"_links":{"self":[{"href":"https:\/\/nextsnkr.com\/lv\/wp-json\/wp\/v2\/product\/730983","targetHints":{"allow":["GET"]}}],"collection":[{"href":"https:\/\/nextsnkr.com\/lv\/wp-json\/wp\/v2\/product"}],"about":[{"href":"https:\/\/nextsnkr.com\/lv\/wp-json\/wp\/v2\/types\/product"}],"replies":[{"embeddable":true,"href":"https:\/\/nextsnkr.com\/lv\/wp-json\/wp\/v2\/comments?post=730983"}],"version-history":[{"count":0,"href":"https:\/\/nextsnkr.com\/lv\/wp-json\/wp\/v2\/product\/730983\/revisions"}],"wp:featuredmedia":[{"embeddable":true,"href":"https:\/\/nextsnkr.com\/lv\/wp-json\/wp\/v2\/media\/730984"}],"wp:attachment":[{"href":"https:\/\/nextsnkr.com\/lv\/wp-json\/wp\/v2\/media?parent=730983"}],"wp:term":[{"taxonomy":"product_brand","embeddable":true,"href":"https:\/\/nextsnkr.com\/lv\/wp-json\/wp\/v2\/product_brand?post=730983"},{"taxonomy":"product_cat","embeddable":true,"href":"https:\/\/nextsnkr.com\/lv\/wp-json\/wp\/v2\/product_cat?post=730983"},{"taxonomy":"product_tag","embeddable":true,"href":"https:\/\/nextsnkr.com\/lv\/wp-json\/wp\/v2\/product_tag?post=730983"}],"curies":[{"name":"wp","href":"https:\/\/api.w.org\/{rel}","templated":true}]}}