{"id":728801,"date":"2025-06-14T21:17:51","date_gmt":"2025-06-14T18:17:51","guid":{"rendered":"https:\/\/nextsnkr.com\/product\/350-cream-white\/"},"modified":"2026-02-02T14:56:42","modified_gmt":"2026-02-02T11:56:42","slug":"350-cream-white","status":"publish","type":"product","link":"https:\/\/nextsnkr.com\/lv\/product\/350-cream-white\/","title":{"rendered":"Kedas 350 Cream White &#8211; tekstila baltas kedas ar sietu"},"content":{"rendered":"<h2>Kedas 350 Cream White &#8211; tekstila baltas kedas ar sietu<\/h2>\n<p>&nbsp;<\/p>\n<p>350 Cream White \u010d\u012bbas ir viegls un stil\u012bgs tekstilizstr\u0101d\u0101jumu un acu modelis ikdienas valk\u0101\u0161anai. M\u012bkst\u0101 zole nodro\u0161ina komfortu un amortiz\u0101ciju katr\u0101 sol\u012b, un smil\u0161kr\u0101sas nokr\u0101sa padara \u010d\u012bbas daudzpus\u012bgas un viegli savienojamas ar jebkuru izskatu. \u0160\u012bs \u010d\u012bbas, kas ra\u017eotas Vjetnam\u0101 no kvalitat\u012bviem materi\u0101liem, ir iztur\u012bgas un praktiskas. 350 Cream White ir ide\u0101la izv\u0113le tiem, kas nov\u0113rt\u0113 komfortu, stilu un modernu sporta dizainu.<\/p>\n","protected":false},"excerpt":{"rendered":"<p>350 Cream White \u010d\u012bbas ir viegls un stil\u012bgs tekstilizstr\u0101d\u0101jumu un acu modelis ikdienas valk\u0101\u0161anai. M\u012bkst\u0101 zole nodro\u0161ina komfortu un amortiz\u0101ciju katr\u0101 sol\u012b, un smil\u0161kr\u0101sas nokr\u0101sa padara \u010d\u012bbas daudzpus\u012bgas un viegli savienojamas ar jebkuru izskatu. \u0160\u012bs \u010d\u012bbas, kas ra\u017eotas Vjetnam\u0101 no kvalitat\u012bviem materi\u0101liem, ir iztur\u012bgas un praktiskas. 350 Cream White ir ide\u0101la izv\u0113le tiem, kas nov\u0113rt\u0113 komfortu, stilu un modernu sporta dizainu.<\/p>\n","protected":false},"featured_media":728804,"comment_status":"open","ping_status":"open","template":"","meta":[],"product_brand":[],"product_cat":[3251,3252],"product_tag":[],"class_list":{"0":"post-728801","1":"product","2":"type-product","3":"status-publish","4":"has-post-thumbnail","6":"product_cat-all-product","7":"product_cat-krosivky","8":"pa_rozmir-910","9":"pa_rozmir-912","10":"pa_rozmir-914","11":"pa_rozmir-915","12":"pa_rozmir-916","13":"pa_rozmir-917","14":"pa_rozmir-918","15":"pa_rozmir-919","16":"pa_rozmir-920","17":"pa_rozmir-921","18":"pa_rozmir-922","20":"first","21":"onbackorder","22":"purchasable","23":"product-type-variable"},"_links":{"self":[{"href":"https:\/\/nextsnkr.com\/lv\/wp-json\/wp\/v2\/product\/728801","targetHints":{"allow":["GET"]}}],"collection":[{"href":"https:\/\/nextsnkr.com\/lv\/wp-json\/wp\/v2\/product"}],"about":[{"href":"https:\/\/nextsnkr.com\/lv\/wp-json\/wp\/v2\/types\/product"}],"replies":[{"embeddable":true,"href":"https:\/\/nextsnkr.com\/lv\/wp-json\/wp\/v2\/comments?post=728801"}],"version-history":[{"count":0,"href":"https:\/\/nextsnkr.com\/lv\/wp-json\/wp\/v2\/product\/728801\/revisions"}],"wp:featuredmedia":[{"embeddable":true,"href":"https:\/\/nextsnkr.com\/lv\/wp-json\/wp\/v2\/media\/728804"}],"wp:attachment":[{"href":"https:\/\/nextsnkr.com\/lv\/wp-json\/wp\/v2\/media?parent=728801"}],"wp:term":[{"taxonomy":"product_brand","embeddable":true,"href":"https:\/\/nextsnkr.com\/lv\/wp-json\/wp\/v2\/product_brand?post=728801"},{"taxonomy":"product_cat","embeddable":true,"href":"https:\/\/nextsnkr.com\/lv\/wp-json\/wp\/v2\/product_cat?post=728801"},{"taxonomy":"product_tag","embeddable":true,"href":"https:\/\/nextsnkr.com\/lv\/wp-json\/wp\/v2\/product_tag?post=728801"}],"curies":[{"name":"wp","href":"https:\/\/api.w.org\/{rel}","templated":true}]}}