{"id":727433,"date":"2025-06-14T21:22:41","date_gmt":"2025-06-14T18:22:41","guid":{"rendered":"https:\/\/nextsnkr.com\/product\/350-true-form\/"},"modified":"2026-02-02T14:55:56","modified_gmt":"2026-02-02T11:55:56","slug":"350-true-form","status":"publish","type":"product","link":"https:\/\/nextsnkr.com\/lv\/product\/350-true-form\/","title":{"rendered":"\u010c\u012bbas 350 True Form tekstils \/ siets-vieglas un \u0113rtas"},"content":{"rendered":"<h2>\u010c\u012bbas 350 True Form tekstils \/ siets-vieglas un \u0113rtas<\/h2>\n<p>&nbsp;<\/p>\n<p>350 True Form \u010d\u012bbas ir izgatavotas no elpojo\u0161iem tekstilizstr\u0101d\u0101jumiem un sieta, kas nodro\u0161ina lielisku ventil\u0101ciju, vieglumu un komfortu ikdienas lieto\u0161anas laik\u0101. Ergonomisk\u0101 zole nodro\u0161ina p\u0113das amortiz\u0101ciju un atbalstu, un m\u016bsdienu dizains padara modeli par stil\u012bgu izv\u0113li pils\u0113tas un sporta stilam. \u0160\u012bs \u010d\u012bbas, kas ra\u017eotas Vjetnam\u0101, apvieno 350 True Form z\u012bmolu, praktiskumu un modernu izskatu, kas ir ide\u0101la izv\u0113le akt\u012bvam dz\u012bvesveidam.<\/p>\n","protected":false},"excerpt":{"rendered":"<p>350 True Form \u010d\u012bbas ir izgatavotas no elpojo\u0161iem tekstilizstr\u0101d\u0101jumiem un sieta, kas nodro\u0161ina lielisku ventil\u0101ciju, vieglumu un komfortu ikdienas lieto\u0161anas laik\u0101. Ergonomisk\u0101 zole nodro\u0161ina p\u0113das amortiz\u0101ciju un atbalstu, un m\u016bsdienu dizains padara modeli par stil\u012bgu izv\u0113li pils\u0113tas un sporta stilam. \u0160\u012bs \u010d\u012bbas, kas ra\u017eotas Vjetnam\u0101, apvieno 350 True Form z\u012bmolu, praktiskumu un modernu izskatu, kas ir ide\u0101la izv\u0113le akt\u012bvam dz\u012bvesveidam.<\/p>\n","protected":false},"featured_media":727434,"comment_status":"open","ping_status":"open","template":"","meta":[],"product_brand":[],"product_cat":[3251,3252],"product_tag":[],"class_list":{"0":"post-727433","1":"product","2":"type-product","3":"status-publish","4":"has-post-thumbnail","6":"product_cat-all-product","7":"product_cat-krosivky","8":"pa_rozmir-910","9":"pa_rozmir-912","10":"pa_rozmir-914","11":"pa_rozmir-915","12":"pa_rozmir-916","13":"pa_rozmir-917","14":"pa_rozmir-918","15":"pa_rozmir-919","16":"pa_rozmir-920","17":"pa_rozmir-921","18":"pa_rozmir-922","20":"first","21":"instock","22":"purchasable","23":"product-type-variable"},"_links":{"self":[{"href":"https:\/\/nextsnkr.com\/lv\/wp-json\/wp\/v2\/product\/727433","targetHints":{"allow":["GET"]}}],"collection":[{"href":"https:\/\/nextsnkr.com\/lv\/wp-json\/wp\/v2\/product"}],"about":[{"href":"https:\/\/nextsnkr.com\/lv\/wp-json\/wp\/v2\/types\/product"}],"replies":[{"embeddable":true,"href":"https:\/\/nextsnkr.com\/lv\/wp-json\/wp\/v2\/comments?post=727433"}],"version-history":[{"count":0,"href":"https:\/\/nextsnkr.com\/lv\/wp-json\/wp\/v2\/product\/727433\/revisions"}],"wp:featuredmedia":[{"embeddable":true,"href":"https:\/\/nextsnkr.com\/lv\/wp-json\/wp\/v2\/media\/727434"}],"wp:attachment":[{"href":"https:\/\/nextsnkr.com\/lv\/wp-json\/wp\/v2\/media?parent=727433"}],"wp:term":[{"taxonomy":"product_brand","embeddable":true,"href":"https:\/\/nextsnkr.com\/lv\/wp-json\/wp\/v2\/product_brand?post=727433"},{"taxonomy":"product_cat","embeddable":true,"href":"https:\/\/nextsnkr.com\/lv\/wp-json\/wp\/v2\/product_cat?post=727433"},{"taxonomy":"product_tag","embeddable":true,"href":"https:\/\/nextsnkr.com\/lv\/wp-json\/wp\/v2\/product_tag?post=727433"}],"curies":[{"name":"wp","href":"https:\/\/api.w.org\/{rel}","templated":true}]}}