{"id":727145,"date":"2025-06-14T16:59:41","date_gmt":"2025-06-14T13:59:41","guid":{"rendered":"https:\/\/nextsnkr.com\/product\/nike-blazer-x-sacai-white-black\/"},"modified":"2026-02-02T14:55:38","modified_gmt":"2026-02-02T11:55:38","slug":"nike-blazer-x-sacai-white-black","status":"publish","type":"product","link":"https:\/\/nextsnkr.com\/lv\/product\/nike-blazer-x-sacai-white-black\/","title":{"rendered":"Nike BLAZER x SACAI White \/ Black \u010d\u012bbas &#8211; \u0101das stil\u012bgas \u010d\u012bbas"},"content":{"rendered":"<h2>Nike BLAZER x SACAI White \/ Black \u010d\u012bbas &#8211; \u0101das stil\u012bgas \u010d\u012bbas<\/h2>\n<p>&nbsp;<\/p>\n<p>NIKE BLAZER x SACAI White \/ Black \u010d\u012bbas apvieno augstas kvalit\u0101tes \u0101du un iztur\u012bgu gumijas zoli, lai nodro\u0161in\u0101tu komfortu un iztur\u012bbu. SACAI unik\u0101lais dizains pie\u0161\u0137ir apjomu un m\u016bsdien\u012bgu stilu, padarot modeli par spilgtu jebkura izskata akcentu. Izgatavotas Vjetnam\u0101, \u010d\u012bbas garant\u0113 \u0113rtu piegul\u0161anu un dro\u0161u amortiz\u0101ciju ikdienas valk\u0101\u0161anai. Ide\u0101la izv\u0113le pils\u0113tai, sportam un akt\u012bvam dz\u012bvesveidam.<\/p>\n","protected":false},"excerpt":{"rendered":"<p>NIKE BLAZER x SACAI White \/ Black \u010d\u012bbas apvieno augstas kvalit\u0101tes \u0101du un iztur\u012bgu gumijas zoli, lai nodro\u0161in\u0101tu komfortu un iztur\u012bbu. SACAI unik\u0101lais dizains pie\u0161\u0137ir apjomu un m\u016bsdien\u012bgu stilu, padarot modeli par spilgtu jebkura izskata akcentu. Izgatavotas Vjetnam\u0101, \u010d\u012bbas garant\u0113 \u0113rtu piegul\u0161anu un dro\u0161u amortiz\u0101ciju ikdienas valk\u0101\u0161anai. Ide\u0101la izv\u0113le pils\u0113tai, sportam un akt\u012bvam dz\u012bvesveidam.<\/p>\n","protected":false},"featured_media":727150,"comment_status":"open","ping_status":"open","template":"","meta":[],"product_brand":[2399],"product_cat":[3361,3251,3322],"product_tag":[],"class_list":{"0":"post-727145","1":"product","2":"type-product","3":"status-publish","4":"has-post-thumbnail","6":"product_brand-nike-blazer","7":"product_cat-nike-blazer","8":"product_cat-all-product","9":"product_cat-kedy","10":"pa_rozmir-910","11":"pa_rozmir-912","12":"pa_rozmir-914","13":"pa_rozmir-915","14":"pa_rozmir-916","15":"pa_rozmir-917","16":"pa_rozmir-918","17":"pa_rozmir-919","18":"pa_rozmir-920","19":"pa_rozmir-921","20":"pa_rozmir-922","22":"first","23":"instock","24":"purchasable","25":"product-type-variable"},"_links":{"self":[{"href":"https:\/\/nextsnkr.com\/lv\/wp-json\/wp\/v2\/product\/727145","targetHints":{"allow":["GET"]}}],"collection":[{"href":"https:\/\/nextsnkr.com\/lv\/wp-json\/wp\/v2\/product"}],"about":[{"href":"https:\/\/nextsnkr.com\/lv\/wp-json\/wp\/v2\/types\/product"}],"replies":[{"embeddable":true,"href":"https:\/\/nextsnkr.com\/lv\/wp-json\/wp\/v2\/comments?post=727145"}],"version-history":[{"count":0,"href":"https:\/\/nextsnkr.com\/lv\/wp-json\/wp\/v2\/product\/727145\/revisions"}],"wp:featuredmedia":[{"embeddable":true,"href":"https:\/\/nextsnkr.com\/lv\/wp-json\/wp\/v2\/media\/727150"}],"wp:attachment":[{"href":"https:\/\/nextsnkr.com\/lv\/wp-json\/wp\/v2\/media?parent=727145"}],"wp:term":[{"taxonomy":"product_brand","embeddable":true,"href":"https:\/\/nextsnkr.com\/lv\/wp-json\/wp\/v2\/product_brand?post=727145"},{"taxonomy":"product_cat","embeddable":true,"href":"https:\/\/nextsnkr.com\/lv\/wp-json\/wp\/v2\/product_cat?post=727145"},{"taxonomy":"product_tag","embeddable":true,"href":"https:\/\/nextsnkr.com\/lv\/wp-json\/wp\/v2\/product_tag?post=727145"}],"curies":[{"name":"wp","href":"https:\/\/api.w.org\/{rel}","templated":true}]}}