{"id":725245,"date":"2025-06-14T17:01:25","date_gmt":"2025-06-14T14:01:25","guid":{"rendered":"https:\/\/nextsnkr.com\/product\/nike-m2k-tekno-bubble-gum\/"},"modified":"2026-02-02T14:54:29","modified_gmt":"2026-02-02T11:54:29","slug":"nike-m2k-tekno-bubble-gum","status":"publish","type":"product","link":"https:\/\/nextsnkr.com\/lv\/product\/nike-m2k-tekno-bubble-gum\/","title":{"rendered":"NIKE M2K TEKNO \u010d\u012bbas &#8221; Bubble Gum &#8211; &#8211; sievie\u0161u \u0101das un tekstila"},"content":{"rendered":"<h2>NIKE M2K TEKNO \u010d\u012bbas &#8221; Bubble Gum &#8211; &#8211; sievie\u0161u \u0101das un tekstila<\/h2>\n<p>&nbsp;<\/p>\n<p>NIKE M2K TEKNO &#8220;Bubble Gum&#8221; \u010d\u012bbas ir stil\u012bgs modelis, kas apvieno \u0101du un tekstilizstr\u0101d\u0101jumus komfortam un iztur\u012bbai. Spilgtais dizains &#8220;Bubble Gum&#8221; to\u0146os padara tos pievilc\u012bgus un m\u016bsdien\u012bgus, un iztur\u012bg\u0101 zole nodro\u0161ina stabilit\u0101ti un amortiz\u0101ciju katr\u0101 sol\u012b. \u0160\u012bs \u010d\u012bbas, kas izgatavotas Vjetnam\u0101, ir lieliski piem\u0113rotas ikdienas valk\u0101\u0161anai, pastaig\u0101m un akt\u012bvam dz\u012bvesveidam. Izv\u0113lieties Nike M2K TEKNO, lai ieg\u016btu spilgtu, \u0113rtu un modernu izskatu.<\/p>\n","protected":false},"excerpt":{"rendered":"<p>NIKE M2K TEKNO &#8220;Bubble Gum&#8221; \u010d\u012bbas ir stil\u012bgs modelis, kas apvieno \u0101du un tekstilizstr\u0101d\u0101jumus komfortam un iztur\u012bbai. Spilgtais dizains &#8220;Bubble Gum&#8221; to\u0146os padara tos pievilc\u012bgus un m\u016bsdien\u012bgus, un iztur\u012bg\u0101 zole nodro\u0161ina stabilit\u0101ti un amortiz\u0101ciju katr\u0101 sol\u012b. \u0160\u012bs \u010d\u012bbas, kas izgatavotas Vjetnam\u0101, ir lieliski piem\u0113rotas ikdienas valk\u0101\u0161anai, pastaig\u0101m un akt\u012bvam dz\u012bvesveidam. Izv\u0113lieties Nike M2K TEKNO, lai ieg\u016btu spilgtu, \u0113rtu un modernu izskatu.<\/p>\n","protected":false},"featured_media":725247,"comment_status":"open","ping_status":"open","template":"","meta":[],"product_brand":[],"product_cat":[3251,3252],"product_tag":[],"class_list":{"0":"post-725245","1":"product","2":"type-product","3":"status-publish","4":"has-post-thumbnail","6":"product_cat-all-product","7":"product_cat-krosivky","8":"pa_rozmir-910","9":"pa_rozmir-912","10":"pa_rozmir-914","11":"pa_rozmir-915","12":"pa_rozmir-916","13":"pa_rozmir-917","14":"pa_rozmir-918","15":"pa_rozmir-919","16":"pa_rozmir-920","17":"pa_rozmir-921","18":"pa_rozmir-922","20":"first","21":"instock","22":"purchasable","23":"product-type-variable"},"_links":{"self":[{"href":"https:\/\/nextsnkr.com\/lv\/wp-json\/wp\/v2\/product\/725245","targetHints":{"allow":["GET"]}}],"collection":[{"href":"https:\/\/nextsnkr.com\/lv\/wp-json\/wp\/v2\/product"}],"about":[{"href":"https:\/\/nextsnkr.com\/lv\/wp-json\/wp\/v2\/types\/product"}],"replies":[{"embeddable":true,"href":"https:\/\/nextsnkr.com\/lv\/wp-json\/wp\/v2\/comments?post=725245"}],"version-history":[{"count":0,"href":"https:\/\/nextsnkr.com\/lv\/wp-json\/wp\/v2\/product\/725245\/revisions"}],"wp:featuredmedia":[{"embeddable":true,"href":"https:\/\/nextsnkr.com\/lv\/wp-json\/wp\/v2\/media\/725247"}],"wp:attachment":[{"href":"https:\/\/nextsnkr.com\/lv\/wp-json\/wp\/v2\/media?parent=725245"}],"wp:term":[{"taxonomy":"product_brand","embeddable":true,"href":"https:\/\/nextsnkr.com\/lv\/wp-json\/wp\/v2\/product_brand?post=725245"},{"taxonomy":"product_cat","embeddable":true,"href":"https:\/\/nextsnkr.com\/lv\/wp-json\/wp\/v2\/product_cat?post=725245"},{"taxonomy":"product_tag","embeddable":true,"href":"https:\/\/nextsnkr.com\/lv\/wp-json\/wp\/v2\/product_tag?post=725245"}],"curies":[{"name":"wp","href":"https:\/\/api.w.org\/{rel}","templated":true}]}}