{"id":724876,"date":"2025-06-14T17:01:59","date_gmt":"2025-06-14T14:01:59","guid":{"rendered":"https:\/\/nextsnkr.com\/product\/nike-x-jacquemus-light-beige\/"},"modified":"2026-02-02T14:54:20","modified_gmt":"2026-02-02T11:54:20","slug":"nike-x-jacquemus-light-beige","status":"publish","type":"product","link":"https:\/\/nextsnkr.com\/lv\/product\/nike-x-jacquemus-light-beige\/","title":{"rendered":"NIKE x Jacquemus Light Beige \u010d\u012bbas-\u0101das un zam\u0161\u0101das stil\u012bgas"},"content":{"rendered":"<h2>NIKE x Jacquemus Light Beige \u010d\u012bbas-\u0101das un zam\u0161\u0101das stil\u012bgas<\/h2>\n<p>&nbsp;<\/p>\n<p>Nike x JACQUEMUS Light Beige-ekskluz\u012bvas kedas, kas izveidotas sadarb\u012bb\u0101 ar z\u012bmolu Jacquemus, apvieno zam\u0161\u0101du, \u0101du un tekstilizstr\u0101d\u0101jumus, lai nodro\u0161in\u0101tu komfortu un iztur\u012bbu. Gai\u0161i smil\u0161kr\u0101sas nokr\u0101sa pie\u0161\u0137ir eleganci un daudzpus\u012bbu, lieliski piem\u0113rota ikdienas valk\u0101\u0161anai un stil\u012bgam izskatam. Ra\u017eots Vjetnam\u0101, \u010d\u012bbas ir m\u016bsdien\u012bgs dizains, Iztur\u012bga zole un \u0113rta piegul\u0161ana uz k\u0101jas. Ide\u0101la izv\u0113le tiem, kas nov\u0113rt\u0113 komfortu un augst\u0101k\u0101s kvalit\u0101tes stilu.<\/p>\n","protected":false},"excerpt":{"rendered":"<p>Nike x JACQUEMUS Light Beige-ekskluz\u012bvas kedas, kas izveidotas sadarb\u012bb\u0101 ar z\u012bmolu Jacquemus, apvieno zam\u0161\u0101du, \u0101du un tekstilizstr\u0101d\u0101jumus, lai nodro\u0161in\u0101tu komfortu un iztur\u012bbu. Gai\u0161i smil\u0161kr\u0101sas nokr\u0101sa pie\u0161\u0137ir eleganci un daudzpus\u012bbu, lieliski piem\u0113rota ikdienas valk\u0101\u0161anai un stil\u012bgam izskatam. Ra\u017eots Vjetnam\u0101, \u010d\u012bbas ir m\u016bsdien\u012bgs dizains, Iztur\u012bga zole un \u0113rta piegul\u0161ana uz k\u0101jas. Ide\u0101la izv\u0113le tiem, kas nov\u0113rt\u0113 komfortu un augst\u0101k\u0101s kvalit\u0101tes stilu.<\/p>\n","protected":false},"featured_media":724880,"comment_status":"open","ping_status":"open","template":"","meta":[],"product_brand":[],"product_cat":[3251,3252],"product_tag":[],"class_list":{"0":"post-724876","1":"product","2":"type-product","3":"status-publish","4":"has-post-thumbnail","6":"product_cat-all-product","7":"product_cat-krosivky","8":"pa_rozmir-910","9":"pa_rozmir-912","10":"pa_rozmir-914","11":"pa_rozmir-915","12":"pa_rozmir-916","13":"pa_rozmir-917","14":"pa_rozmir-918","15":"pa_rozmir-919","16":"pa_rozmir-920","17":"pa_rozmir-921","18":"pa_rozmir-922","20":"first","21":"onbackorder","22":"purchasable","23":"product-type-variable"},"_links":{"self":[{"href":"https:\/\/nextsnkr.com\/lv\/wp-json\/wp\/v2\/product\/724876","targetHints":{"allow":["GET"]}}],"collection":[{"href":"https:\/\/nextsnkr.com\/lv\/wp-json\/wp\/v2\/product"}],"about":[{"href":"https:\/\/nextsnkr.com\/lv\/wp-json\/wp\/v2\/types\/product"}],"replies":[{"embeddable":true,"href":"https:\/\/nextsnkr.com\/lv\/wp-json\/wp\/v2\/comments?post=724876"}],"version-history":[{"count":0,"href":"https:\/\/nextsnkr.com\/lv\/wp-json\/wp\/v2\/product\/724876\/revisions"}],"wp:featuredmedia":[{"embeddable":true,"href":"https:\/\/nextsnkr.com\/lv\/wp-json\/wp\/v2\/media\/724880"}],"wp:attachment":[{"href":"https:\/\/nextsnkr.com\/lv\/wp-json\/wp\/v2\/media?parent=724876"}],"wp:term":[{"taxonomy":"product_brand","embeddable":true,"href":"https:\/\/nextsnkr.com\/lv\/wp-json\/wp\/v2\/product_brand?post=724876"},{"taxonomy":"product_cat","embeddable":true,"href":"https:\/\/nextsnkr.com\/lv\/wp-json\/wp\/v2\/product_cat?post=724876"},{"taxonomy":"product_tag","embeddable":true,"href":"https:\/\/nextsnkr.com\/lv\/wp-json\/wp\/v2\/product_tag?post=724876"}],"curies":[{"name":"wp","href":"https:\/\/api.w.org\/{rel}","templated":true}]}}