{"id":723780,"date":"2025-06-14T17:03:47","date_gmt":"2025-06-14T14:03:47","guid":{"rendered":"https:\/\/nextsnkr.com\/product\/nike-blazer-mid-77-color-code\/"},"modified":"2026-02-02T14:53:29","modified_gmt":"2026-02-02T11:53:29","slug":"nike-blazer-mid-77-color-code","status":"publish","type":"product","link":"https:\/\/nextsnkr.com\/lv\/product\/nike-blazer-mid-77-color-code\/","title":{"rendered":"NIKE Blazer Mid &#8216; 77 Kr\u0101su koda \u010d\u012bbas-\u0101das un tekstila \u010d\u012bbas"},"content":{"rendered":"<h2>NIKE Blazer Mid &#8216; 77 Kr\u0101su koda \u010d\u012bbas-\u0101das un tekstila \u010d\u012bbas<\/h2>\n<p>&nbsp;<\/p>\n<p>Nike Blazer Mid &#8216; 77 color Code stil\u012bg\u0101s \u010d\u012bbas ir izgatavotas no \u0101das un tekstila kombin\u0101cijas, kas nodro\u0161ina iztur\u012bbu<\/p>\n","protected":false},"excerpt":{"rendered":"<p>Nike Blazer Mid &#8216; 77 color Code stil\u012bg\u0101s \u010d\u012bbas ir izgatavotas no \u0101das un tekstila kombin\u0101cijas, kas nodro\u0161ina iztur\u012bbu<\/p>\n","protected":false},"featured_media":723783,"comment_status":"open","ping_status":"open","template":"","meta":[],"product_brand":[2399],"product_cat":[3361,3251,3322],"product_tag":[],"class_list":{"0":"post-723780","1":"product","2":"type-product","3":"status-publish","4":"has-post-thumbnail","6":"product_brand-nike-blazer","7":"product_cat-nike-blazer","8":"product_cat-all-product","9":"product_cat-kedy","10":"pa_rozmir-910","11":"pa_rozmir-912","12":"pa_rozmir-914","13":"pa_rozmir-915","14":"pa_rozmir-916","15":"pa_rozmir-917","16":"pa_rozmir-918","17":"pa_rozmir-919","18":"pa_rozmir-920","19":"pa_rozmir-921","20":"pa_rozmir-922","22":"first","23":"instock","24":"purchasable","25":"product-type-variable"},"_links":{"self":[{"href":"https:\/\/nextsnkr.com\/lv\/wp-json\/wp\/v2\/product\/723780","targetHints":{"allow":["GET"]}}],"collection":[{"href":"https:\/\/nextsnkr.com\/lv\/wp-json\/wp\/v2\/product"}],"about":[{"href":"https:\/\/nextsnkr.com\/lv\/wp-json\/wp\/v2\/types\/product"}],"replies":[{"embeddable":true,"href":"https:\/\/nextsnkr.com\/lv\/wp-json\/wp\/v2\/comments?post=723780"}],"version-history":[{"count":0,"href":"https:\/\/nextsnkr.com\/lv\/wp-json\/wp\/v2\/product\/723780\/revisions"}],"wp:featuredmedia":[{"embeddable":true,"href":"https:\/\/nextsnkr.com\/lv\/wp-json\/wp\/v2\/media\/723783"}],"wp:attachment":[{"href":"https:\/\/nextsnkr.com\/lv\/wp-json\/wp\/v2\/media?parent=723780"}],"wp:term":[{"taxonomy":"product_brand","embeddable":true,"href":"https:\/\/nextsnkr.com\/lv\/wp-json\/wp\/v2\/product_brand?post=723780"},{"taxonomy":"product_cat","embeddable":true,"href":"https:\/\/nextsnkr.com\/lv\/wp-json\/wp\/v2\/product_cat?post=723780"},{"taxonomy":"product_tag","embeddable":true,"href":"https:\/\/nextsnkr.com\/lv\/wp-json\/wp\/v2\/product_tag?post=723780"}],"curies":[{"name":"wp","href":"https:\/\/api.w.org\/{rel}","templated":true}]}}