{"id":723490,"date":"2025-06-16T20:53:01","date_gmt":"2025-06-16T17:53:01","guid":{"rendered":"https:\/\/nextsnkr.com\/product\/nike-sb-dunk-low-pro-eire-green-white-orange\/"},"modified":"2026-02-02T14:53:24","modified_gmt":"2026-02-02T11:53:24","slug":"nike-sb-dunk-low-pro-eire-green-white-orange","status":"publish","type":"product","link":"https:\/\/nextsnkr.com\/lv\/product\/nike-sb-dunk-low-pro-eire-green-white-orange\/","title":{"rendered":"Nike SB Dunk Low Pro Eire Green White Orange \u010d\u012bbas-zam\u0161\u0101das un tekstila"},"content":{"rendered":"<h2>Nike SB Dunk Low Pro Eire Green White Orange \u010d\u012bbas-zam\u0161\u0101das un tekstila<\/h2>\n<p>&nbsp;<\/p>\n<p>Nike SB Dunk Low Pro Eire &#8220;Green White Orange&#8221; \u010d\u012bbas ir izgatavotas no zam\u0161\u0101das un tekstila kombin\u0101cijas, kas nodro\u0161ina iztur\u012bbu, komfortu un stil\u012bgu izskatu. Spilgta za\u013c\u0101s, balt\u0101s un oran\u017e\u0101s kr\u0101sas kombin\u0101cija rada unik\u0101lu dizainu, kas akcent\u0113s j\u016bsu individu\u0101lo stilu. Modelis ir piem\u0113rots ikdienas valk\u0101\u0161anai, skeitbordam un \u0101ra aktivit\u0101t\u0113m. \u0112rta zole amortiz\u0113 soli un atbalsta p\u0113du, padarot \u0161\u012bs Nike kedas par praktisku un modernu izv\u0113li.<\/p>\n","protected":false},"excerpt":{"rendered":"<p>Nike SB Dunk Low Pro Eire &#8220;Green White Orange&#8221; \u010d\u012bbas ir izgatavotas no zam\u0161\u0101das un tekstila kombin\u0101cijas, kas nodro\u0161ina iztur\u012bbu, komfortu un stil\u012bgu izskatu. Spilgta za\u013c\u0101s, balt\u0101s un oran\u017e\u0101s kr\u0101sas kombin\u0101cija rada unik\u0101lu dizainu, kas akcent\u0113s j\u016bsu individu\u0101lo stilu. Modelis ir piem\u0113rots ikdienas valk\u0101\u0161anai, skeitbordam un \u0101ra aktivit\u0101t\u0113m. \u0112rta zole amortiz\u0113 soli un atbalsta p\u0113du, padarot \u0161\u012bs Nike kedas par praktisku un modernu izv\u0113li.<\/p>\n","protected":false},"featured_media":723494,"comment_status":"open","ping_status":"open","template":"","meta":[],"product_brand":[],"product_cat":[3251,3322],"product_tag":[],"class_list":{"0":"post-723490","1":"product","2":"type-product","3":"status-publish","4":"has-post-thumbnail","6":"product_cat-all-product","7":"product_cat-kedy","8":"pa_rozmir-910","9":"pa_rozmir-912","10":"pa_rozmir-914","11":"pa_rozmir-915","12":"pa_rozmir-916","13":"pa_rozmir-917","14":"pa_rozmir-918","15":"pa_rozmir-919","16":"pa_rozmir-920","17":"pa_rozmir-921","18":"pa_rozmir-922","20":"first","21":"onbackorder","22":"purchasable","23":"product-type-variable"},"_links":{"self":[{"href":"https:\/\/nextsnkr.com\/lv\/wp-json\/wp\/v2\/product\/723490","targetHints":{"allow":["GET"]}}],"collection":[{"href":"https:\/\/nextsnkr.com\/lv\/wp-json\/wp\/v2\/product"}],"about":[{"href":"https:\/\/nextsnkr.com\/lv\/wp-json\/wp\/v2\/types\/product"}],"replies":[{"embeddable":true,"href":"https:\/\/nextsnkr.com\/lv\/wp-json\/wp\/v2\/comments?post=723490"}],"version-history":[{"count":0,"href":"https:\/\/nextsnkr.com\/lv\/wp-json\/wp\/v2\/product\/723490\/revisions"}],"wp:featuredmedia":[{"embeddable":true,"href":"https:\/\/nextsnkr.com\/lv\/wp-json\/wp\/v2\/media\/723494"}],"wp:attachment":[{"href":"https:\/\/nextsnkr.com\/lv\/wp-json\/wp\/v2\/media?parent=723490"}],"wp:term":[{"taxonomy":"product_brand","embeddable":true,"href":"https:\/\/nextsnkr.com\/lv\/wp-json\/wp\/v2\/product_brand?post=723490"},{"taxonomy":"product_cat","embeddable":true,"href":"https:\/\/nextsnkr.com\/lv\/wp-json\/wp\/v2\/product_cat?post=723490"},{"taxonomy":"product_tag","embeddable":true,"href":"https:\/\/nextsnkr.com\/lv\/wp-json\/wp\/v2\/product_tag?post=723490"}],"curies":[{"name":"wp","href":"https:\/\/api.w.org\/{rel}","templated":true}]}}