{"id":722175,"date":"2025-06-16T20:56:11","date_gmt":"2025-06-16T17:56:11","guid":{"rendered":"https:\/\/nextsnkr.com\/product\/nike-sb-dunk-low-red-lobster\/"},"modified":"2026-02-02T14:52:31","modified_gmt":"2026-02-02T11:52:31","slug":"nike-sb-dunk-low-red-lobster","status":"publish","type":"product","link":"https:\/\/nextsnkr.com\/lv\/product\/nike-sb-dunk-low-red-lobster\/","title":{"rendered":"Nike SB Dunk Low Red Lobster nubuk \/ \u0101das \u010d\u012bbas-stil\u012bgas un gai\u0161as"},"content":{"rendered":"<h2>Nike SB Dunk Low Red Lobster nubuk \/ \u0101das \u010d\u012bbas-stil\u012bgas un gai\u0161as<\/h2>\n<p>&nbsp;<\/p>\n<p>Nike SB Dunk Low Red Lobster \u010d\u012bbas ir izgatavotas no nubuka un augstas kvalit\u0101tes \u0101das kombin\u0101cijas, kas nodro\u0161ina iztur\u012bbu, komfortu un iztur\u012bbu. Spilgts dizains sarkan\u0101 kr\u0101s\u0101 padara modeli izteiksm\u012bgu un modernu, izce\u013cot Nike SB z\u012bmolu un sportisko stilu. \u0112rta triecienu absorb\u0113jo\u0161a zole garant\u0113 komfortu ikdienas valk\u0101\u0161an\u0101, savuk\u0101rt zems griezums nodro\u0161ina kust\u012bbu br\u012bv\u012bbu. \u0160\u012bs \u010d\u012bbas, kas ra\u017eotas Vjetnam\u0101, b\u016bs lieliska izv\u0113le akt\u012bvai pils\u0113tas dz\u012bvei un stil\u012bgam izskatam.<\/p>\n","protected":false},"excerpt":{"rendered":"<p>Nike SB Dunk Low Red Lobster \u010d\u012bbas ir izgatavotas no nubuka un augstas kvalit\u0101tes \u0101das kombin\u0101cijas, kas nodro\u0161ina iztur\u012bbu, komfortu un iztur\u012bbu. Spilgts dizains sarkan\u0101 kr\u0101s\u0101 padara modeli izteiksm\u012bgu un modernu, izce\u013cot Nike SB z\u012bmolu un sportisko stilu. \u0112rta triecienu absorb\u0113jo\u0161a zole garant\u0113 komfortu ikdienas valk\u0101\u0161an\u0101, savuk\u0101rt zems griezums nodro\u0161ina kust\u012bbu br\u012bv\u012bbu. \u0160\u012bs \u010d\u012bbas, kas ra\u017eotas Vjetnam\u0101, b\u016bs lieliska izv\u0113le akt\u012bvai pils\u0113tas dz\u012bvei un stil\u012bgam izskatam.<\/p>\n","protected":false},"featured_media":722176,"comment_status":"open","ping_status":"open","template":"","meta":[],"product_brand":[],"product_cat":[3251,3322],"product_tag":[],"class_list":{"0":"post-722175","1":"product","2":"type-product","3":"status-publish","4":"has-post-thumbnail","6":"product_cat-all-product","7":"product_cat-kedy","8":"pa_rozmir-910","9":"pa_rozmir-912","10":"pa_rozmir-914","11":"pa_rozmir-915","12":"pa_rozmir-916","13":"pa_rozmir-917","14":"pa_rozmir-918","15":"pa_rozmir-919","16":"pa_rozmir-920","17":"pa_rozmir-921","18":"pa_rozmir-922","20":"first","21":"onbackorder","22":"purchasable","23":"product-type-variable"},"_links":{"self":[{"href":"https:\/\/nextsnkr.com\/lv\/wp-json\/wp\/v2\/product\/722175","targetHints":{"allow":["GET"]}}],"collection":[{"href":"https:\/\/nextsnkr.com\/lv\/wp-json\/wp\/v2\/product"}],"about":[{"href":"https:\/\/nextsnkr.com\/lv\/wp-json\/wp\/v2\/types\/product"}],"replies":[{"embeddable":true,"href":"https:\/\/nextsnkr.com\/lv\/wp-json\/wp\/v2\/comments?post=722175"}],"version-history":[{"count":0,"href":"https:\/\/nextsnkr.com\/lv\/wp-json\/wp\/v2\/product\/722175\/revisions"}],"wp:featuredmedia":[{"embeddable":true,"href":"https:\/\/nextsnkr.com\/lv\/wp-json\/wp\/v2\/media\/722176"}],"wp:attachment":[{"href":"https:\/\/nextsnkr.com\/lv\/wp-json\/wp\/v2\/media?parent=722175"}],"wp:term":[{"taxonomy":"product_brand","embeddable":true,"href":"https:\/\/nextsnkr.com\/lv\/wp-json\/wp\/v2\/product_brand?post=722175"},{"taxonomy":"product_cat","embeddable":true,"href":"https:\/\/nextsnkr.com\/lv\/wp-json\/wp\/v2\/product_cat?post=722175"},{"taxonomy":"product_tag","embeddable":true,"href":"https:\/\/nextsnkr.com\/lv\/wp-json\/wp\/v2\/product_tag?post=722175"}],"curies":[{"name":"wp","href":"https:\/\/api.w.org\/{rel}","templated":true}]}}