{"id":721665,"date":"2025-06-14T17:07:32","date_gmt":"2025-06-14T14:07:32","guid":{"rendered":"https:\/\/nextsnkr.com\/product\/550-white-green\/"},"modified":"2026-02-02T14:52:18","modified_gmt":"2026-02-02T11:52:18","slug":"550-white-green","status":"publish","type":"product","link":"https:\/\/nextsnkr.com\/lv\/product\/550-white-green\/","title":{"rendered":"\u010c\u012bbas 550 White \/ Green-stil\u012bgas \u0101das \u010d\u012bbas ikdienas valk\u0101\u0161anai"},"content":{"rendered":"<h2>\u010c\u012bbas 550 White \/ Green-stil\u012bgas \u0101das \u010d\u012bbas ikdienas valk\u0101\u0161anai<\/h2>\n<p>&nbsp;<\/p>\n<p>550 White \/ Green \u010d\u012bbas ir \u0113rts un stil\u012bgs augstas kvalit\u0101tes \u0101das modelis, kas nodro\u0161ina iztur\u012bbu un komfortu visas dienas garum\u0101. Kontrast\u0113jo\u0161\u0101 balto un za\u013co kr\u0101su kombin\u0101cija pie\u0161\u0137ir apaviem svaigu un modernu izskatu. Zole nodro\u0161ina amortiz\u0101ciju un uzticamu p\u0113das atbalstu, un daudzpus\u012bgais dizains ir piem\u0113rots pastaig\u0101m, studij\u0101m vai \u0101ra aktivit\u0101t\u0113m. Ra\u017eot\u0101js-Vjetnama. Izv\u0113lieties ked\u0101m 550 White \/ Green lai, apvienojot stilu un komfortu. Kods: 0493-273034.<\/p>\n","protected":false},"excerpt":{"rendered":"<p>550 White \/ Green \u010d\u012bbas ir \u0113rts un stil\u012bgs augstas kvalit\u0101tes \u0101das modelis, kas nodro\u0161ina iztur\u012bbu un komfortu visas dienas garum\u0101. Kontrast\u0113jo\u0161\u0101 balto un za\u013co kr\u0101su kombin\u0101cija pie\u0161\u0137ir apaviem svaigu un modernu izskatu. Zole nodro\u0161ina amortiz\u0101ciju un uzticamu p\u0113das atbalstu, un daudzpus\u012bgais dizains ir piem\u0113rots pastaig\u0101m, studij\u0101m vai \u0101ra aktivit\u0101t\u0113m. Ra\u017eot\u0101js-Vjetnama. Izv\u0113lieties ked\u0101m 550 White \/ Green lai, apvienojot stilu un komfortu. Kods: 0493-273034.<\/p>\n","protected":false},"featured_media":721666,"comment_status":"open","ping_status":"open","template":"","meta":[],"product_brand":[],"product_cat":[3251,3322],"product_tag":[],"class_list":{"0":"post-721665","1":"product","2":"type-product","3":"status-publish","4":"has-post-thumbnail","6":"product_cat-all-product","7":"product_cat-kedy","8":"pa_rozmir-910","9":"pa_rozmir-912","10":"pa_rozmir-914","11":"pa_rozmir-915","12":"pa_rozmir-916","13":"pa_rozmir-917","14":"pa_rozmir-918","15":"pa_rozmir-919","16":"pa_rozmir-920","17":"pa_rozmir-921","18":"pa_rozmir-922","20":"first","21":"instock","22":"purchasable","23":"product-type-variable"},"_links":{"self":[{"href":"https:\/\/nextsnkr.com\/lv\/wp-json\/wp\/v2\/product\/721665","targetHints":{"allow":["GET"]}}],"collection":[{"href":"https:\/\/nextsnkr.com\/lv\/wp-json\/wp\/v2\/product"}],"about":[{"href":"https:\/\/nextsnkr.com\/lv\/wp-json\/wp\/v2\/types\/product"}],"replies":[{"embeddable":true,"href":"https:\/\/nextsnkr.com\/lv\/wp-json\/wp\/v2\/comments?post=721665"}],"version-history":[{"count":0,"href":"https:\/\/nextsnkr.com\/lv\/wp-json\/wp\/v2\/product\/721665\/revisions"}],"wp:featuredmedia":[{"embeddable":true,"href":"https:\/\/nextsnkr.com\/lv\/wp-json\/wp\/v2\/media\/721666"}],"wp:attachment":[{"href":"https:\/\/nextsnkr.com\/lv\/wp-json\/wp\/v2\/media?parent=721665"}],"wp:term":[{"taxonomy":"product_brand","embeddable":true,"href":"https:\/\/nextsnkr.com\/lv\/wp-json\/wp\/v2\/product_brand?post=721665"},{"taxonomy":"product_cat","embeddable":true,"href":"https:\/\/nextsnkr.com\/lv\/wp-json\/wp\/v2\/product_cat?post=721665"},{"taxonomy":"product_tag","embeddable":true,"href":"https:\/\/nextsnkr.com\/lv\/wp-json\/wp\/v2\/product_tag?post=721665"}],"curies":[{"name":"wp","href":"https:\/\/api.w.org\/{rel}","templated":true}]}}