{"id":720131,"date":"2025-06-16T21:00:59","date_gmt":"2025-06-16T18:00:59","guid":{"rendered":"https:\/\/nextsnkr.com\/product\/nike-dunk-low-off-white-lot-34\/"},"modified":"2026-02-02T14:51:20","modified_gmt":"2026-02-02T11:51:20","slug":"nike-dunk-low-off-white-lot-34","status":"publish","type":"product","link":"https:\/\/nextsnkr.com\/lv\/product\/nike-dunk-low-off-white-lot-34\/","title":{"rendered":"Nike Dunk Low off-white Lot 34 \u010d\u012bbas-v\u012brie\u0161u \u0101das \u010d\u012bbas"},"content":{"rendered":"<h2>Nike Dunk Low off-white Lot 34 \u010d\u012bbas-v\u012brie\u0161u \u0101das \u010d\u012bbas<\/h2>\n<p>&nbsp;<\/p>\n<p>Nike Dunk Low off-White lot 34 \u010d\u012bbas ir izgatavotas no augstas kvalit\u0101tes \u0101das un tekstilizstr\u0101d\u0101jumiem, kas nodro\u0161ina komfortu, nodilumiztur\u012bbu un stil\u012bgu izskatu. Daudzpus\u012bga balta kr\u0101sa ar dizaineru akcentiem padara modeli ide\u0101li piem\u0113rotu ikdienas un pils\u0113tas stilam. \u0112rta zole garant\u0113 amortiz\u0101ciju un komfortu pastaigas laik\u0101, un augst\u0101k\u0101s kvalit\u0101tes materi\u0101li nodro\u0161ina iztur\u012bbu. Izv\u0113lieties Nike Dunk Low Off-White lot 34, lai apvienotu modernu dizainu, praktiskumu un komfortu.<\/p>\n","protected":false},"excerpt":{"rendered":"<p>Nike Dunk Low off-White lot 34 \u010d\u012bbas ir izgatavotas no augstas kvalit\u0101tes \u0101das un tekstilizstr\u0101d\u0101jumiem, kas nodro\u0161ina komfortu, nodilumiztur\u012bbu un stil\u012bgu izskatu. Daudzpus\u012bga balta kr\u0101sa ar dizaineru akcentiem padara modeli ide\u0101li piem\u0113rotu ikdienas un pils\u0113tas stilam. \u0112rta zole garant\u0113 amortiz\u0101ciju un komfortu pastaigas laik\u0101, un augst\u0101k\u0101s kvalit\u0101tes materi\u0101li nodro\u0161ina iztur\u012bbu. Izv\u0113lieties Nike Dunk Low Off-White lot 34, lai apvienotu modernu dizainu, praktiskumu un komfortu.<\/p>\n","protected":false},"featured_media":720132,"comment_status":"open","ping_status":"open","template":"","meta":[],"product_brand":[],"product_cat":[3251,3322],"product_tag":[],"class_list":{"0":"post-720131","1":"product","2":"type-product","3":"status-publish","4":"has-post-thumbnail","6":"product_cat-all-product","7":"product_cat-kedy","8":"pa_rozmir-910","9":"pa_rozmir-912","10":"pa_rozmir-914","11":"pa_rozmir-915","12":"pa_rozmir-916","13":"pa_rozmir-917","14":"pa_rozmir-918","15":"pa_rozmir-919","16":"pa_rozmir-920","17":"pa_rozmir-921","18":"pa_rozmir-922","20":"first","21":"onbackorder","22":"purchasable","23":"product-type-variable"},"_links":{"self":[{"href":"https:\/\/nextsnkr.com\/lv\/wp-json\/wp\/v2\/product\/720131","targetHints":{"allow":["GET"]}}],"collection":[{"href":"https:\/\/nextsnkr.com\/lv\/wp-json\/wp\/v2\/product"}],"about":[{"href":"https:\/\/nextsnkr.com\/lv\/wp-json\/wp\/v2\/types\/product"}],"replies":[{"embeddable":true,"href":"https:\/\/nextsnkr.com\/lv\/wp-json\/wp\/v2\/comments?post=720131"}],"version-history":[{"count":0,"href":"https:\/\/nextsnkr.com\/lv\/wp-json\/wp\/v2\/product\/720131\/revisions"}],"wp:featuredmedia":[{"embeddable":true,"href":"https:\/\/nextsnkr.com\/lv\/wp-json\/wp\/v2\/media\/720132"}],"wp:attachment":[{"href":"https:\/\/nextsnkr.com\/lv\/wp-json\/wp\/v2\/media?parent=720131"}],"wp:term":[{"taxonomy":"product_brand","embeddable":true,"href":"https:\/\/nextsnkr.com\/lv\/wp-json\/wp\/v2\/product_brand?post=720131"},{"taxonomy":"product_cat","embeddable":true,"href":"https:\/\/nextsnkr.com\/lv\/wp-json\/wp\/v2\/product_cat?post=720131"},{"taxonomy":"product_tag","embeddable":true,"href":"https:\/\/nextsnkr.com\/lv\/wp-json\/wp\/v2\/product_tag?post=720131"}],"curies":[{"name":"wp","href":"https:\/\/api.w.org\/{rel}","templated":true}]}}