{"id":719613,"date":"2025-06-14T17:11:15","date_gmt":"2025-06-14T14:11:15","guid":{"rendered":"https:\/\/nextsnkr.com\/product\/air-jordan-retro-1-patent-royal-blue-premium\/"},"modified":"2026-02-02T14:50:57","modified_gmt":"2026-02-02T11:50:57","slug":"air-jordan-retro-1-patent-royal-blue-premium","status":"publish","type":"product","link":"https:\/\/nextsnkr.com\/lv\/product\/air-jordan-retro-1-patent-royal-blue-premium\/","title":{"rendered":"Air Jordan retro 1&#8243; patent Royal Blue &#8221; lak\u0101das \u010d\u012bbas"},"content":{"rendered":"<h2>Air Jordan retro 1&#8243; patent Royal Blue &#8221; lak\u0101das \u010d\u012bbas<\/h2>\n<p>&nbsp;<\/p>\n<p>Air Jordan Retro 1 &#8220;Patent Royal Blue&#8221; ir augst\u0101k\u0101s kvalit\u0101tes lak\u0101das \u010d\u012bbas, kas apvieno stilu, komfortu un iztur\u012bbu. Spilgti zil\u0101 kr\u0101sa un klasiskais siluets padara modeli atpaz\u012bstamu un modernu. Iztur\u012bg\u0101 zole nodro\u0161ina stabilit\u0101ti un \u0113rt\u012bbas ikdienas valk\u0101\u0161anai, un augstas kvalit\u0101tes materi\u0101li garant\u0113 ilgu kalpo\u0161anas laiku. \u0160\u012bs \u010d\u012bbas, kas ra\u017eotas Vjetnam\u0101, ir ide\u0101li piem\u0113rotas tiem, kas nov\u0113rt\u0113 Air Jordan z\u012bmolu, stilu un funkcionalit\u0101ti.<\/p>\n","protected":false},"excerpt":{"rendered":"<p>Air Jordan Retro 1 &#8220;Patent Royal Blue&#8221; ir augst\u0101k\u0101s kvalit\u0101tes lak\u0101das \u010d\u012bbas, kas apvieno stilu, komfortu un iztur\u012bbu. Spilgti zil\u0101 kr\u0101sa un klasiskais siluets padara modeli atpaz\u012bstamu un modernu. Iztur\u012bg\u0101 zole nodro\u0161ina stabilit\u0101ti un \u0113rt\u012bbas ikdienas valk\u0101\u0161anai, un augstas kvalit\u0101tes materi\u0101li garant\u0113 ilgu kalpo\u0161anas laiku. \u0160\u012bs \u010d\u012bbas, kas ra\u017eotas Vjetnam\u0101, ir ide\u0101li piem\u0113rotas tiem, kas nov\u0113rt\u0113 Air Jordan z\u012bmolu, stilu un funkcionalit\u0101ti.<\/p>\n","protected":false},"featured_media":719614,"comment_status":"open","ping_status":"open","template":"","meta":[],"product_brand":[],"product_cat":[3387,3251,3322],"product_tag":[],"class_list":{"0":"post-719613","1":"product","2":"type-product","3":"status-publish","4":"has-post-thumbnail","6":"product_cat-nike-jordan","7":"product_cat-all-product","8":"product_cat-kedy","9":"pa_rozmir-910","10":"pa_rozmir-912","11":"pa_rozmir-914","12":"pa_rozmir-915","13":"pa_rozmir-916","14":"pa_rozmir-917","15":"pa_rozmir-918","16":"pa_rozmir-919","17":"pa_rozmir-920","18":"pa_rozmir-921","19":"pa_rozmir-922","21":"first","22":"onbackorder","23":"purchasable","24":"product-type-variable"},"_links":{"self":[{"href":"https:\/\/nextsnkr.com\/lv\/wp-json\/wp\/v2\/product\/719613","targetHints":{"allow":["GET"]}}],"collection":[{"href":"https:\/\/nextsnkr.com\/lv\/wp-json\/wp\/v2\/product"}],"about":[{"href":"https:\/\/nextsnkr.com\/lv\/wp-json\/wp\/v2\/types\/product"}],"replies":[{"embeddable":true,"href":"https:\/\/nextsnkr.com\/lv\/wp-json\/wp\/v2\/comments?post=719613"}],"version-history":[{"count":0,"href":"https:\/\/nextsnkr.com\/lv\/wp-json\/wp\/v2\/product\/719613\/revisions"}],"wp:featuredmedia":[{"embeddable":true,"href":"https:\/\/nextsnkr.com\/lv\/wp-json\/wp\/v2\/media\/719614"}],"wp:attachment":[{"href":"https:\/\/nextsnkr.com\/lv\/wp-json\/wp\/v2\/media?parent=719613"}],"wp:term":[{"taxonomy":"product_brand","embeddable":true,"href":"https:\/\/nextsnkr.com\/lv\/wp-json\/wp\/v2\/product_brand?post=719613"},{"taxonomy":"product_cat","embeddable":true,"href":"https:\/\/nextsnkr.com\/lv\/wp-json\/wp\/v2\/product_cat?post=719613"},{"taxonomy":"product_tag","embeddable":true,"href":"https:\/\/nextsnkr.com\/lv\/wp-json\/wp\/v2\/product_tag?post=719613"}],"curies":[{"name":"wp","href":"https:\/\/api.w.org\/{rel}","templated":true}]}}