{"id":718227,"date":"2025-06-14T17:13:35","date_gmt":"2025-06-14T14:13:35","guid":{"rendered":"https:\/\/nextsnkr.com\/product\/air-jordan-retro-1-low-shadow-brown-premium\/"},"modified":"2026-02-02T14:19:53","modified_gmt":"2026-02-02T11:19:53","slug":"air-jordan-retro-1-low-shadow-brown-premium","status":"publish","type":"product","link":"https:\/\/nextsnkr.com\/lv\/product\/air-jordan-retro-1-low-shadow-brown-premium\/","title":{"rendered":"AIR JORDAN retro 1 Low Shadow Brown \u010d\u012bbas-premium \u0101das \u010d\u012bbas"},"content":{"rendered":"<h2>AIR JORDAN retro 1 Low Shadow Brown \u010d\u012bbas-premium \u0101das \u010d\u012bbas<\/h2>\n<p>&nbsp;<\/p>\n<p>AIR JORDAN retro 1 Low Shadow Brown \u010d\u012bbas ir izgatavotas no augstas kvalit\u0101tes \u012astas \u0101das, kas nodro\u0161ina iztur\u012bbu, komfortu un stil\u012bgu izskatu. Shadow Brown mode\u013ca Premium dizains pie\u0161\u0137ir m\u016bsdien\u012bgumu un padara \u010d\u012bbas par spilgtu jebkura izskata akcentu. Iztur\u012bg\u0101 zole garant\u0113 dro\u0161u amortiz\u0101ciju un \u0113rtu piegul\u0161anu ikdienas valk\u0101\u0161anai. Ra\u017eoti Vjetnam\u0101, tie ir lieliski piem\u0113roti akt\u012bvam pils\u0113tas stilam un ikdienas lieto\u0161anai.<\/p>\n","protected":false},"excerpt":{"rendered":"<p>AIR JORDAN retro 1 Low Shadow Brown \u010d\u012bbas ir izgatavotas no augstas kvalit\u0101tes \u012astas \u0101das, kas nodro\u0161ina iztur\u012bbu, komfortu un stil\u012bgu izskatu. Shadow Brown mode\u013ca Premium dizains pie\u0161\u0137ir m\u016bsdien\u012bgumu un padara \u010d\u012bbas par spilgtu jebkura izskata akcentu. Iztur\u012bg\u0101 zole garant\u0113 dro\u0161u amortiz\u0101ciju un \u0113rtu piegul\u0161anu ikdienas valk\u0101\u0161anai. Ra\u017eoti Vjetnam\u0101, tie ir lieliski piem\u0113roti akt\u012bvam pils\u0113tas stilam un ikdienas lieto\u0161anai.<\/p>\n","protected":false},"featured_media":718231,"comment_status":"open","ping_status":"open","template":"","meta":[],"product_brand":[],"product_cat":[3387,3251,3322],"product_tag":[],"class_list":{"0":"post-718227","1":"product","2":"type-product","3":"status-publish","4":"has-post-thumbnail","6":"product_cat-nike-jordan","7":"product_cat-all-product","8":"product_cat-kedy","9":"pa_rozmir-910","10":"pa_rozmir-912","11":"pa_rozmir-914","12":"pa_rozmir-915","13":"pa_rozmir-916","14":"pa_rozmir-917","15":"pa_rozmir-918","16":"pa_rozmir-919","17":"pa_rozmir-920","18":"pa_rozmir-921","19":"pa_rozmir-922","21":"first","22":"onbackorder","23":"purchasable","24":"product-type-variable"},"_links":{"self":[{"href":"https:\/\/nextsnkr.com\/lv\/wp-json\/wp\/v2\/product\/718227","targetHints":{"allow":["GET"]}}],"collection":[{"href":"https:\/\/nextsnkr.com\/lv\/wp-json\/wp\/v2\/product"}],"about":[{"href":"https:\/\/nextsnkr.com\/lv\/wp-json\/wp\/v2\/types\/product"}],"replies":[{"embeddable":true,"href":"https:\/\/nextsnkr.com\/lv\/wp-json\/wp\/v2\/comments?post=718227"}],"version-history":[{"count":0,"href":"https:\/\/nextsnkr.com\/lv\/wp-json\/wp\/v2\/product\/718227\/revisions"}],"wp:featuredmedia":[{"embeddable":true,"href":"https:\/\/nextsnkr.com\/lv\/wp-json\/wp\/v2\/media\/718231"}],"wp:attachment":[{"href":"https:\/\/nextsnkr.com\/lv\/wp-json\/wp\/v2\/media?parent=718227"}],"wp:term":[{"taxonomy":"product_brand","embeddable":true,"href":"https:\/\/nextsnkr.com\/lv\/wp-json\/wp\/v2\/product_brand?post=718227"},{"taxonomy":"product_cat","embeddable":true,"href":"https:\/\/nextsnkr.com\/lv\/wp-json\/wp\/v2\/product_cat?post=718227"},{"taxonomy":"product_tag","embeddable":true,"href":"https:\/\/nextsnkr.com\/lv\/wp-json\/wp\/v2\/product_tag?post=718227"}],"curies":[{"name":"wp","href":"https:\/\/api.w.org\/{rel}","templated":true}]}}