{"id":717190,"date":"2025-06-14T17:15:30","date_gmt":"2025-06-14T14:15:30","guid":{"rendered":"https:\/\/nextsnkr.com\/product\/air-jordan-retro-1-game-royal\/"},"modified":"2026-02-02T14:19:27","modified_gmt":"2026-02-02T11:19:27","slug":"air-jordan-retro-1-game-royal","status":"publish","type":"product","link":"https:\/\/nextsnkr.com\/lv\/product\/air-jordan-retro-1-game-royal\/","title":{"rendered":"AIR JORDAN retro 1 &#8220;Game Royal&#8221; \u010d\u012bbas-v\u012brie\u0161u \u0101das \u010d\u012bbas"},"content":{"rendered":"<h2>AIR JORDAN retro 1 &#8220;Game Royal&#8221; \u010d\u012bbas-v\u012brie\u0161u \u0101das \u010d\u012bbas<\/h2>\n<p>&nbsp;<\/p>\n<p>AIR JORDAN retro 1&#8243; Game Royal &#8221; \u010d\u012bbas ir ikonisks v\u012brie\u0161u modelis, kas izgatavots no augstas kvalit\u0101tes \u0101das iztur\u012bbai un komfortam. &#8220;Game Royal&#8221; spilgti zil\u0101 nokr\u0101sa padara apavus stil\u012bgus un \u0101\u0137\u012bgus, piem\u0113rotus ikdienas valk\u0101\u0161anai un sportiskam stilam. P\u0101rdom\u0101t\u0101 zole nodro\u0161ina triecienu absorbciju un stabilit\u0101ti pastaigas laik\u0101, un iztur\u012bgi materi\u0101li garant\u0113 iztur\u012bbu. \u0160\u012bs \u010d\u012bbas, kas ra\u017eotas Vjetnam\u0101, apvieno modernu dizainu un praktiskumu. Izv\u0113lieties AIR JORDAN RETRO 1, lai ieg\u016btu p\u0101rliecino\u0161u un m\u016bsdien\u012bgu izskatu.<\/p>\n","protected":false},"excerpt":{"rendered":"<p>AIR JORDAN retro 1&#8243; Game Royal &#8221; \u010d\u012bbas ir ikonisks v\u012brie\u0161u modelis, kas izgatavots no augstas kvalit\u0101tes \u0101das iztur\u012bbai un komfortam. &#8220;Game Royal&#8221; spilgti zil\u0101 nokr\u0101sa padara apavus stil\u012bgus un \u0101\u0137\u012bgus, piem\u0113rotus ikdienas valk\u0101\u0161anai un sportiskam stilam. P\u0101rdom\u0101t\u0101 zole nodro\u0161ina triecienu absorbciju un stabilit\u0101ti pastaigas laik\u0101, un iztur\u012bgi materi\u0101li garant\u0113 iztur\u012bbu. \u0160\u012bs \u010d\u012bbas, kas ra\u017eotas Vjetnam\u0101, apvieno modernu dizainu un praktiskumu. Izv\u0113lieties AIR JORDAN RETRO 1, lai ieg\u016btu p\u0101rliecino\u0161u un m\u016bsdien\u012bgu izskatu.<\/p>\n","protected":false},"featured_media":717194,"comment_status":"open","ping_status":"open","template":"","meta":[],"product_brand":[],"product_cat":[3387,3251,3322],"product_tag":[],"class_list":{"0":"post-717190","1":"product","2":"type-product","3":"status-publish","4":"has-post-thumbnail","6":"product_cat-nike-jordan","7":"product_cat-all-product","8":"product_cat-kedy","9":"pa_rozmir-910","10":"pa_rozmir-912","11":"pa_rozmir-914","12":"pa_rozmir-915","13":"pa_rozmir-916","14":"pa_rozmir-917","15":"pa_rozmir-918","16":"pa_rozmir-919","17":"pa_rozmir-920","18":"pa_rozmir-921","19":"pa_rozmir-922","21":"first","22":"onbackorder","23":"purchasable","24":"product-type-variable"},"_links":{"self":[{"href":"https:\/\/nextsnkr.com\/lv\/wp-json\/wp\/v2\/product\/717190","targetHints":{"allow":["GET"]}}],"collection":[{"href":"https:\/\/nextsnkr.com\/lv\/wp-json\/wp\/v2\/product"}],"about":[{"href":"https:\/\/nextsnkr.com\/lv\/wp-json\/wp\/v2\/types\/product"}],"replies":[{"embeddable":true,"href":"https:\/\/nextsnkr.com\/lv\/wp-json\/wp\/v2\/comments?post=717190"}],"version-history":[{"count":0,"href":"https:\/\/nextsnkr.com\/lv\/wp-json\/wp\/v2\/product\/717190\/revisions"}],"wp:featuredmedia":[{"embeddable":true,"href":"https:\/\/nextsnkr.com\/lv\/wp-json\/wp\/v2\/media\/717194"}],"wp:attachment":[{"href":"https:\/\/nextsnkr.com\/lv\/wp-json\/wp\/v2\/media?parent=717190"}],"wp:term":[{"taxonomy":"product_brand","embeddable":true,"href":"https:\/\/nextsnkr.com\/lv\/wp-json\/wp\/v2\/product_brand?post=717190"},{"taxonomy":"product_cat","embeddable":true,"href":"https:\/\/nextsnkr.com\/lv\/wp-json\/wp\/v2\/product_cat?post=717190"},{"taxonomy":"product_tag","embeddable":true,"href":"https:\/\/nextsnkr.com\/lv\/wp-json\/wp\/v2\/product_tag?post=717190"}],"curies":[{"name":"wp","href":"https:\/\/api.w.org\/{rel}","templated":true}]}}