{"id":715446,"date":"2025-06-14T17:18:24","date_gmt":"2025-06-14T14:18:24","guid":{"rendered":"https:\/\/nextsnkr.com\/product\/air-jordan-retro-1-patent-black-red-premium\/"},"modified":"2026-02-02T14:18:31","modified_gmt":"2026-02-02T11:18:31","slug":"air-jordan-retro-1-patent-black-red-premium","status":"publish","type":"product","link":"https:\/\/nextsnkr.com\/lv\/product\/air-jordan-retro-1-patent-black-red-premium\/","title":{"rendered":"Gaisa Jord\u0101nija Retro 1 Patentu Black \/ Red Premium"},"content":{"rendered":"<h2>Gaisa Jord\u0101nija Retro 1 Patentu Black \/ Red Premium<\/h2>\n<p>&nbsp;<\/p>\n<p>Air Jordan retro 1 Patent Black\/Red Premium \u010d\u012bbas ir izgatavotas no augstas kvalit\u0101tes lak\u0101das, kas nodro\u0161ina izcilu sp\u012bdumu, iztur\u012bbu un iespaid\u012bgu izskatu. Meln\u0101s un sarkan\u0101s kr\u0101sas kontrasts padara modeli atpaz\u012bstamu un stil\u012bgu, ide\u0101li piem\u0113rots le\u0123end\u0101ro Jord\u0101nijas pazin\u0113jiem. \u0112rta \u0430\u043c\u043e\u0440\u0442\u0438\u0437\u0438\u0440\u0443\u044e\u0449\u0430\u044f zole nodro\u0161ina komfortu ikdienas n\u0113s\u0101\u0161anai. Ra\u017eot\u0101js: Vjetnama. SKU: 0483-271719<\/p>\n","protected":false},"excerpt":{"rendered":"<p>Air Jordan retro 1 Patent Black\/Red Premium \u010d\u012bbas ir izgatavotas no augstas kvalit\u0101tes lak\u0101das, kas nodro\u0161ina izcilu sp\u012bdumu, iztur\u012bbu un iespaid\u012bgu izskatu. Meln\u0101s un sarkan\u0101s kr\u0101sas kontrasts padara modeli atpaz\u012bstamu un stil\u012bgu, ide\u0101li piem\u0113rots le\u0123end\u0101ro Jord\u0101nijas pazin\u0113jiem. \u0112rta \u0430\u043c\u043e\u0440\u0442\u0438\u0437\u0438\u0440\u0443\u044e\u0449\u0430\u044f zole nodro\u0161ina komfortu ikdienas n\u0113s\u0101\u0161anai. Ra\u017eot\u0101js: Vjetnama. SKU: 0483-271719<\/p>\n","protected":false},"featured_media":715450,"comment_status":"open","ping_status":"open","template":"","meta":[],"product_brand":[],"product_cat":[3387,3251,3322],"product_tag":[],"class_list":{"0":"post-715446","1":"product","2":"type-product","3":"status-publish","4":"has-post-thumbnail","6":"product_cat-nike-jordan","7":"product_cat-all-product","8":"product_cat-kedy","9":"pa_rozmir-910","10":"pa_rozmir-912","11":"pa_rozmir-914","12":"pa_rozmir-915","13":"pa_rozmir-916","14":"pa_rozmir-917","15":"pa_rozmir-918","16":"pa_rozmir-919","17":"pa_rozmir-920","18":"pa_rozmir-921","19":"pa_rozmir-922","21":"first","22":"instock","23":"purchasable","24":"product-type-variable"},"_links":{"self":[{"href":"https:\/\/nextsnkr.com\/lv\/wp-json\/wp\/v2\/product\/715446","targetHints":{"allow":["GET"]}}],"collection":[{"href":"https:\/\/nextsnkr.com\/lv\/wp-json\/wp\/v2\/product"}],"about":[{"href":"https:\/\/nextsnkr.com\/lv\/wp-json\/wp\/v2\/types\/product"}],"replies":[{"embeddable":true,"href":"https:\/\/nextsnkr.com\/lv\/wp-json\/wp\/v2\/comments?post=715446"}],"version-history":[{"count":0,"href":"https:\/\/nextsnkr.com\/lv\/wp-json\/wp\/v2\/product\/715446\/revisions"}],"wp:featuredmedia":[{"embeddable":true,"href":"https:\/\/nextsnkr.com\/lv\/wp-json\/wp\/v2\/media\/715450"}],"wp:attachment":[{"href":"https:\/\/nextsnkr.com\/lv\/wp-json\/wp\/v2\/media?parent=715446"}],"wp:term":[{"taxonomy":"product_brand","embeddable":true,"href":"https:\/\/nextsnkr.com\/lv\/wp-json\/wp\/v2\/product_brand?post=715446"},{"taxonomy":"product_cat","embeddable":true,"href":"https:\/\/nextsnkr.com\/lv\/wp-json\/wp\/v2\/product_cat?post=715446"},{"taxonomy":"product_tag","embeddable":true,"href":"https:\/\/nextsnkr.com\/lv\/wp-json\/wp\/v2\/product_tag?post=715446"}],"curies":[{"name":"wp","href":"https:\/\/api.w.org\/{rel}","templated":true}]}}