{"id":715074,"date":"2025-06-14T17:18:55","date_gmt":"2025-06-14T14:18:55","guid":{"rendered":"https:\/\/nextsnkr.com\/product\/air-jordan-retro-1-orange-patent-swoosh\/"},"modified":"2026-02-02T14:18:07","modified_gmt":"2026-02-02T11:18:07","slug":"air-jordan-retro-1-orange-patent-swoosh","status":"publish","type":"product","link":"https:\/\/nextsnkr.com\/lv\/product\/air-jordan-retro-1-orange-patent-swoosh\/","title":{"rendered":"\u010c\u012bbas AIR JORDAN retro 1 Orange Patent Swoosh \u0101da un nubuks"},"content":{"rendered":"<h2>\u010c\u012bbas AIR JORDAN retro 1 Orange Patent Swoosh \u0101da un nubuks<\/h2>\n<p>&nbsp;<\/p>\n<p>AIR JORDAN retro 1 Orange Patent Swoosh \u010d\u012bbas ir izgatavotas no augstas kvalit\u0101tes \u0101das un nubuka, kas nodro\u0161ina iztur\u012bbu, komfortu un iztur\u012bbu. Spilgti oran\u017eais Swoosh pie\u0161\u0137ir stil\u012bgu akcentu un padara modeli unik\u0101lu. Ergonomisk\u0101 zole garant\u0113 amortiz\u0101ciju un \u0113rtu staig\u0101\u0161anu, savuk\u0101rt klasiskais dizains izce\u013c Jord\u0101nijas z\u012bmolu un moderno pils\u0113tas stilu. \u0160\u012bs \u010d\u012bbas, kas ra\u017eotas \u0136\u012bn\u0101, b\u016bs lieliska izv\u0113le akt\u012bvam un modernam izskatam.<\/p>\n","protected":false},"excerpt":{"rendered":"<p>AIR JORDAN retro 1 Orange Patent Swoosh \u010d\u012bbas ir izgatavotas no augstas kvalit\u0101tes \u0101das un nubuka, kas nodro\u0161ina iztur\u012bbu, komfortu un iztur\u012bbu. Spilgti oran\u017eais Swoosh pie\u0161\u0137ir stil\u012bgu akcentu un padara modeli unik\u0101lu. Ergonomisk\u0101 zole garant\u0113 amortiz\u0101ciju un \u0113rtu staig\u0101\u0161anu, savuk\u0101rt klasiskais dizains izce\u013c Jord\u0101nijas z\u012bmolu un moderno pils\u0113tas stilu. \u0160\u012bs \u010d\u012bbas, kas ra\u017eotas \u0136\u012bn\u0101, b\u016bs lieliska izv\u0113le akt\u012bvam un modernam izskatam.<\/p>\n","protected":false},"featured_media":715078,"comment_status":"open","ping_status":"open","template":"","meta":[],"product_brand":[],"product_cat":[3387,3251,3322],"product_tag":[],"class_list":{"0":"post-715074","1":"product","2":"type-product","3":"status-publish","4":"has-post-thumbnail","6":"product_cat-nike-jordan","7":"product_cat-all-product","8":"product_cat-kedy","9":"pa_rozmir-910","10":"pa_rozmir-912","11":"pa_rozmir-914","12":"pa_rozmir-915","13":"pa_rozmir-916","14":"pa_rozmir-917","15":"pa_rozmir-918","16":"pa_rozmir-919","17":"pa_rozmir-920","18":"pa_rozmir-921","19":"pa_rozmir-922","21":"first","22":"onbackorder","23":"purchasable","24":"product-type-variable"},"_links":{"self":[{"href":"https:\/\/nextsnkr.com\/lv\/wp-json\/wp\/v2\/product\/715074","targetHints":{"allow":["GET"]}}],"collection":[{"href":"https:\/\/nextsnkr.com\/lv\/wp-json\/wp\/v2\/product"}],"about":[{"href":"https:\/\/nextsnkr.com\/lv\/wp-json\/wp\/v2\/types\/product"}],"replies":[{"embeddable":true,"href":"https:\/\/nextsnkr.com\/lv\/wp-json\/wp\/v2\/comments?post=715074"}],"version-history":[{"count":0,"href":"https:\/\/nextsnkr.com\/lv\/wp-json\/wp\/v2\/product\/715074\/revisions"}],"wp:featuredmedia":[{"embeddable":true,"href":"https:\/\/nextsnkr.com\/lv\/wp-json\/wp\/v2\/media\/715078"}],"wp:attachment":[{"href":"https:\/\/nextsnkr.com\/lv\/wp-json\/wp\/v2\/media?parent=715074"}],"wp:term":[{"taxonomy":"product_brand","embeddable":true,"href":"https:\/\/nextsnkr.com\/lv\/wp-json\/wp\/v2\/product_brand?post=715074"},{"taxonomy":"product_cat","embeddable":true,"href":"https:\/\/nextsnkr.com\/lv\/wp-json\/wp\/v2\/product_cat?post=715074"},{"taxonomy":"product_tag","embeddable":true,"href":"https:\/\/nextsnkr.com\/lv\/wp-json\/wp\/v2\/product_tag?post=715074"}],"curies":[{"name":"wp","href":"https:\/\/api.w.org\/{rel}","templated":true}]}}