{"id":714408,"date":"2025-06-16T21:14:58","date_gmt":"2025-06-16T18:14:58","guid":{"rendered":"https:\/\/nextsnkr.com\/product\/loro-piano-beige\/"},"modified":"2026-02-02T14:17:54","modified_gmt":"2026-02-02T11:17:54","slug":"loro-piano-beige","status":"publish","type":"product","link":"https:\/\/nextsnkr.com\/lv\/product\/loro-piano-beige\/","title":{"rendered":"Loafers Loro Piano Beige &#8211; zam\u0161\u0101das Sievie\u0161u stil\u012bgs"},"content":{"rendered":"<h2>Loafers Loro Piano Beige &#8211; zam\u0161\u0101das Sievie\u0161u stil\u012bgs<\/h2>\n<p>&nbsp;<\/p>\n<p>Loro Piano Beige ir eleganti sievie\u0161u klaipi, kas izgatavoti no augstas kvalit\u0101tes zam\u0161\u0101das, apvienojot komfortu, stilu un iztur\u012bbu. Gai\u0161i smil\u0161kr\u0101sas nokr\u0101sa padara modeli daudzpus\u012bgu un viegli savienojamu ar da\u017e\u0101diem izskatiem, s\u0101kot no ikdienas l\u012bdz biznesa. Ra\u017eoti Vjetnam\u0101, Loro Piano klavier\u0113m ir iztur\u012bga zole, \u0113rta piegul\u0161ana uz k\u0101jas un veikls deta\u013cu izpild\u012bjums. Ide\u0101la izv\u0113le tiem, kas nov\u0113rt\u0113 augst\u0101k\u0101s kvalit\u0101tes apavu moderno dizainu, komfortu un kvalit\u0101ti.<\/p>\n","protected":false},"excerpt":{"rendered":"<p>Loro Piano Beige ir eleganti sievie\u0161u klaipi, kas izgatavoti no augstas kvalit\u0101tes zam\u0161\u0101das, apvienojot komfortu, stilu un iztur\u012bbu. Gai\u0161i smil\u0161kr\u0101sas nokr\u0101sa padara modeli daudzpus\u012bgu un viegli savienojamu ar da\u017e\u0101diem izskatiem, s\u0101kot no ikdienas l\u012bdz biznesa. Ra\u017eoti Vjetnam\u0101, Loro Piano klavier\u0113m ir iztur\u012bga zole, \u0113rta piegul\u0161ana uz k\u0101jas un veikls deta\u013cu izpild\u012bjums. Ide\u0101la izv\u0113le tiem, kas nov\u0113rt\u0113 augst\u0101k\u0101s kvalit\u0101tes apavu moderno dizainu, komfortu un kvalit\u0101ti.<\/p>\n","protected":false},"featured_media":714411,"comment_status":"open","ping_status":"open","template":"","meta":[],"product_brand":[],"product_cat":[3251,4244],"product_tag":[],"class_list":{"0":"post-714408","1":"product","2":"type-product","3":"status-publish","4":"has-post-thumbnail","6":"product_cat-all-product","7":"product_cat-lofery","8":"pa_rozmir-910","9":"pa_rozmir-912","10":"pa_rozmir-914","11":"pa_rozmir-915","12":"pa_rozmir-916","13":"pa_rozmir-917","14":"pa_rozmir-918","15":"pa_rozmir-919","16":"pa_rozmir-920","17":"pa_rozmir-921","18":"pa_rozmir-922","20":"first","21":"onbackorder","22":"purchasable","23":"product-type-variable"},"_links":{"self":[{"href":"https:\/\/nextsnkr.com\/lv\/wp-json\/wp\/v2\/product\/714408","targetHints":{"allow":["GET"]}}],"collection":[{"href":"https:\/\/nextsnkr.com\/lv\/wp-json\/wp\/v2\/product"}],"about":[{"href":"https:\/\/nextsnkr.com\/lv\/wp-json\/wp\/v2\/types\/product"}],"replies":[{"embeddable":true,"href":"https:\/\/nextsnkr.com\/lv\/wp-json\/wp\/v2\/comments?post=714408"}],"version-history":[{"count":0,"href":"https:\/\/nextsnkr.com\/lv\/wp-json\/wp\/v2\/product\/714408\/revisions"}],"wp:featuredmedia":[{"embeddable":true,"href":"https:\/\/nextsnkr.com\/lv\/wp-json\/wp\/v2\/media\/714411"}],"wp:attachment":[{"href":"https:\/\/nextsnkr.com\/lv\/wp-json\/wp\/v2\/media?parent=714408"}],"wp:term":[{"taxonomy":"product_brand","embeddable":true,"href":"https:\/\/nextsnkr.com\/lv\/wp-json\/wp\/v2\/product_brand?post=714408"},{"taxonomy":"product_cat","embeddable":true,"href":"https:\/\/nextsnkr.com\/lv\/wp-json\/wp\/v2\/product_cat?post=714408"},{"taxonomy":"product_tag","embeddable":true,"href":"https:\/\/nextsnkr.com\/lv\/wp-json\/wp\/v2\/product_tag?post=714408"}],"curies":[{"name":"wp","href":"https:\/\/api.w.org\/{rel}","templated":true}]}}