{"id":714379,"date":"2025-06-14T17:20:03","date_gmt":"2025-06-14T14:20:03","guid":{"rendered":"https:\/\/nextsnkr.com\/product\/air-jordan-retro-1-nyc-to-paris-premium\/"},"modified":"2026-02-02T14:17:50","modified_gmt":"2026-02-02T11:17:50","slug":"air-jordan-retro-1-nyc-to-paris-premium","status":"publish","type":"product","link":"https:\/\/nextsnkr.com\/lv\/product\/air-jordan-retro-1-nyc-to-paris-premium\/","title":{"rendered":"AIR jordan retro 1&#8243; NYC to PARIS &#8221; premium \u0101das \u010d\u012bbas"},"content":{"rendered":"<h2>AIR jordan retro 1&#8243; NYC to PARIS &#8221; premium \u0101das \u010d\u012bbas<\/h2>\n<p>&nbsp;<\/p>\n<p>AIR JORDAN retro 1&#8243; NYC to PARIS &#8221; augst\u0101k\u0101s klases \u010d\u012bbas ir izgatavotas no augstas kvalit\u0101tes \u0101das, kas nodro\u0161ina komfortu, iztur\u012bbu un stil\u012bgu izskatu. Modelis apvieno le\u0123end\u0101ro Air Jordan dizainu ar izcilu est\u0113tiku, ko iedvesmoju\u0161i ce\u013cojumi no \u0145ujorkas uz Par\u012bzi. \u0160\u012bs \u010d\u012bbas, kas ra\u017eotas Vjetnam\u0101, ir ide\u0101li piem\u0113rotas ikdienas valk\u0101\u0161anai, akt\u012bvai pils\u0113tas dz\u012bvei un modes un kolekcion\u0113jamu apavu cien\u012bt\u0101jiem.<\/p>\n","protected":false},"excerpt":{"rendered":"<p>AIR JORDAN retro 1&#8243; NYC to PARIS &#8221; augst\u0101k\u0101s klases \u010d\u012bbas ir izgatavotas no augstas kvalit\u0101tes \u0101das, kas nodro\u0161ina komfortu, iztur\u012bbu un stil\u012bgu izskatu. Modelis apvieno le\u0123end\u0101ro Air Jordan dizainu ar izcilu est\u0113tiku, ko iedvesmoju\u0161i ce\u013cojumi no \u0145ujorkas uz Par\u012bzi. \u0160\u012bs \u010d\u012bbas, kas ra\u017eotas Vjetnam\u0101, ir ide\u0101li piem\u0113rotas ikdienas valk\u0101\u0161anai, akt\u012bvai pils\u0113tas dz\u012bvei un modes un kolekcion\u0113jamu apavu cien\u012bt\u0101jiem.<\/p>\n","protected":false},"featured_media":714381,"comment_status":"open","ping_status":"open","template":"","meta":[],"product_brand":[],"product_cat":[3387,3251,3322],"product_tag":[],"class_list":{"0":"post-714379","1":"product","2":"type-product","3":"status-publish","4":"has-post-thumbnail","6":"product_cat-nike-jordan","7":"product_cat-all-product","8":"product_cat-kedy","9":"pa_rozmir-910","10":"pa_rozmir-912","11":"pa_rozmir-914","12":"pa_rozmir-38-5","13":"pa_rozmir-916","14":"pa_rozmir-917","15":"pa_rozmir-918","16":"pa_rozmir-919","17":"pa_rozmir-920","18":"pa_rozmir-921","19":"pa_rozmir-922","21":"first","22":"instock","23":"purchasable","24":"product-type-variable"},"_links":{"self":[{"href":"https:\/\/nextsnkr.com\/lv\/wp-json\/wp\/v2\/product\/714379","targetHints":{"allow":["GET"]}}],"collection":[{"href":"https:\/\/nextsnkr.com\/lv\/wp-json\/wp\/v2\/product"}],"about":[{"href":"https:\/\/nextsnkr.com\/lv\/wp-json\/wp\/v2\/types\/product"}],"replies":[{"embeddable":true,"href":"https:\/\/nextsnkr.com\/lv\/wp-json\/wp\/v2\/comments?post=714379"}],"version-history":[{"count":0,"href":"https:\/\/nextsnkr.com\/lv\/wp-json\/wp\/v2\/product\/714379\/revisions"}],"wp:featuredmedia":[{"embeddable":true,"href":"https:\/\/nextsnkr.com\/lv\/wp-json\/wp\/v2\/media\/714381"}],"wp:attachment":[{"href":"https:\/\/nextsnkr.com\/lv\/wp-json\/wp\/v2\/media?parent=714379"}],"wp:term":[{"taxonomy":"product_brand","embeddable":true,"href":"https:\/\/nextsnkr.com\/lv\/wp-json\/wp\/v2\/product_brand?post=714379"},{"taxonomy":"product_cat","embeddable":true,"href":"https:\/\/nextsnkr.com\/lv\/wp-json\/wp\/v2\/product_cat?post=714379"},{"taxonomy":"product_tag","embeddable":true,"href":"https:\/\/nextsnkr.com\/lv\/wp-json\/wp\/v2\/product_tag?post=714379"}],"curies":[{"name":"wp","href":"https:\/\/api.w.org\/{rel}","templated":true}]}}