{"id":713314,"date":"2025-06-14T17:22:23","date_gmt":"2025-06-14T14:22:23","guid":{"rendered":"https:\/\/nextsnkr.com\/product\/mini-bailey-bow-leather\/"},"modified":"2026-02-02T14:17:14","modified_gmt":"2026-02-02T11:17:14","slug":"mini-bailey-bow-leather","status":"publish","type":"product","link":"https:\/\/nextsnkr.com\/lv\/product\/mini-bailey-bow-leather\/","title":{"rendered":"UGG Mini Bailey Bow Leather-zam\u0161\u0101das sievie\u0161u uggs ar loku"},"content":{"rendered":"<h2>UGG Mini Bailey Bow Leather-zam\u0161\u0101das sievie\u0161u uggs ar loku<\/h2>\n<p>&nbsp;<\/p>\n<p>UGG Mini Bailey Bow Leather ir stil\u012bgs un silts sievie\u0161u uggs, kas izgatavots no augstas kvalit\u0101tes zam\u0161\u0101das. Polster\u0113t\u0101 zole nodro\u0161ina \u0113rtu un vieglu gaitu, savuk\u0101rt dekorat\u012bvais loks pie\u0161\u0137ir izskatam izsmalcin\u0101tu akcentu. Ra\u017eoti \u0136\u012bn\u0101, piev\u0113r\u0161ot uzman\u012bbu deta\u013c\u0101m, \u0161ie uggs garant\u0113 iztur\u012bbu un nodilumiztur\u012bbu. Ide\u0101li piem\u0113rots ikdienas lieto\u0161anai aukst\u0101 laik\u0101, UGG Mini Bailey Bow Leather apvieno komfortu, praktiskumu un modernu, elegantu stilu.<\/p>\n","protected":false},"excerpt":{"rendered":"<p>UGG Mini Bailey Bow Leather ir stil\u012bgs un silts sievie\u0161u uggs, kas izgatavots no augstas kvalit\u0101tes zam\u0161\u0101das. Polster\u0113t\u0101 zole nodro\u0161ina \u0113rtu un vieglu gaitu, savuk\u0101rt dekorat\u012bvais loks pie\u0161\u0137ir izskatam izsmalcin\u0101tu akcentu. Ra\u017eoti \u0136\u012bn\u0101, piev\u0113r\u0161ot uzman\u012bbu deta\u013c\u0101m, \u0161ie uggs garant\u0113 iztur\u012bbu un nodilumiztur\u012bbu. Ide\u0101li piem\u0113rots ikdienas lieto\u0161anai aukst\u0101 laik\u0101, UGG Mini Bailey Bow Leather apvieno komfortu, praktiskumu un modernu, elegantu stilu.<\/p>\n","protected":false},"featured_media":713317,"comment_status":"open","ping_status":"open","template":"","meta":[],"product_brand":[],"product_cat":[3411,3251],"product_tag":[],"class_list":{"0":"post-713314","1":"product","2":"type-product","3":"status-publish","4":"has-post-thumbnail","6":"product_cat-ugg","7":"product_cat-all-product","8":"pa_rozmir-910","9":"pa_rozmir-912","10":"pa_rozmir-914","11":"pa_rozmir-915","12":"pa_rozmir-916","13":"pa_rozmir-917","14":"pa_rozmir-918","15":"pa_rozmir-919","16":"pa_rozmir-920","17":"pa_rozmir-921","18":"pa_rozmir-922","20":"first","21":"instock","22":"purchasable","23":"product-type-variable"},"_links":{"self":[{"href":"https:\/\/nextsnkr.com\/lv\/wp-json\/wp\/v2\/product\/713314","targetHints":{"allow":["GET"]}}],"collection":[{"href":"https:\/\/nextsnkr.com\/lv\/wp-json\/wp\/v2\/product"}],"about":[{"href":"https:\/\/nextsnkr.com\/lv\/wp-json\/wp\/v2\/types\/product"}],"replies":[{"embeddable":true,"href":"https:\/\/nextsnkr.com\/lv\/wp-json\/wp\/v2\/comments?post=713314"}],"version-history":[{"count":0,"href":"https:\/\/nextsnkr.com\/lv\/wp-json\/wp\/v2\/product\/713314\/revisions"}],"wp:featuredmedia":[{"embeddable":true,"href":"https:\/\/nextsnkr.com\/lv\/wp-json\/wp\/v2\/media\/713317"}],"wp:attachment":[{"href":"https:\/\/nextsnkr.com\/lv\/wp-json\/wp\/v2\/media?parent=713314"}],"wp:term":[{"taxonomy":"product_brand","embeddable":true,"href":"https:\/\/nextsnkr.com\/lv\/wp-json\/wp\/v2\/product_brand?post=713314"},{"taxonomy":"product_cat","embeddable":true,"href":"https:\/\/nextsnkr.com\/lv\/wp-json\/wp\/v2\/product_cat?post=713314"},{"taxonomy":"product_tag","embeddable":true,"href":"https:\/\/nextsnkr.com\/lv\/wp-json\/wp\/v2\/product_tag?post=713314"}],"curies":[{"name":"wp","href":"https:\/\/api.w.org\/{rel}","templated":true}]}}