{"id":713089,"date":"2025-06-16T21:18:14","date_gmt":"2025-06-16T18:18:14","guid":{"rendered":"https:\/\/nextsnkr.com\/product\/loro-piana-beige-premium\/"},"modified":"2026-02-02T14:17:09","modified_gmt":"2026-02-02T11:17:09","slug":"loro-piana-beige-premium","status":"publish","type":"product","link":"https:\/\/nextsnkr.com\/lv\/product\/loro-piana-beige-premium\/","title":{"rendered":"Loafers Loro Piana Beige Premium &#8211; sievie\u0161u zam\u0161\u0101das eleganti apavi"},"content":{"rendered":"<h2>Loafers Loro Piana Beige Premium &#8211; sievie\u0161u zam\u0161\u0101das eleganti apavi<\/h2>\n<p>&nbsp;<\/p>\n<p>Loro Piana Beige Premium loafers ir stil\u012bgas sievie\u0161u kurpes, kas izgatavotas no dab\u012bgas zam\u0161\u0101das, apvienojot eleganci, komfortu un augstas kvalit\u0101tes materi\u0101lus. Modelis ir ide\u0101li piem\u0113rots ikdienas valk\u0101\u0161anai, biroja stilam un \u012bpa\u0161iem gad\u012bjumiem. M\u012bkstais spilventi\u0146\u0161 nodro\u0161ina \u0113rtu pastaigu pieredzi, savuk\u0101rt klasisk\u0101 smil\u0161kr\u0101sas kr\u0101sa pie\u0161\u0137ir izskatam izsmalcin\u0101t\u012bbu un daudzpus\u012bbu. Ra\u017eo\u0161ana Vjetnam\u0101 apstiprina augstu veiktsp\u0113jas kvalit\u0101ti. Izv\u0113lieties Loro Piana Beige Premium, lai ieg\u016btu stil\u012bgu un \u0113rtu izskatu.<\/p>\n","protected":false},"excerpt":{"rendered":"<p>Loro Piana Beige Premium loafers ir stil\u012bgas sievie\u0161u kurpes, kas izgatavotas no dab\u012bgas zam\u0161\u0101das, apvienojot eleganci, komfortu un augstas kvalit\u0101tes materi\u0101lus. Modelis ir ide\u0101li piem\u0113rots ikdienas valk\u0101\u0161anai, biroja stilam un \u012bpa\u0161iem gad\u012bjumiem. M\u012bkstais spilventi\u0146\u0161 nodro\u0161ina \u0113rtu pastaigu pieredzi, savuk\u0101rt klasisk\u0101 smil\u0161kr\u0101sas kr\u0101sa pie\u0161\u0137ir izskatam izsmalcin\u0101t\u012bbu un daudzpus\u012bbu. Ra\u017eo\u0161ana Vjetnam\u0101 apstiprina augstu veiktsp\u0113jas kvalit\u0101ti. Izv\u0113lieties Loro Piana Beige Premium, lai ieg\u016btu stil\u012bgu un \u0113rtu izskatu.<\/p>\n","protected":false},"featured_media":713093,"comment_status":"open","ping_status":"open","template":"","meta":[],"product_brand":[],"product_cat":[3251,4244],"product_tag":[],"class_list":{"0":"post-713089","1":"product","2":"type-product","3":"status-publish","4":"has-post-thumbnail","6":"product_cat-all-product","7":"product_cat-lofery","8":"pa_rozmir-910","9":"pa_rozmir-912","10":"pa_rozmir-914","11":"pa_rozmir-915","12":"pa_rozmir-916","13":"pa_rozmir-917","14":"pa_rozmir-918","15":"pa_rozmir-919","16":"pa_rozmir-920","17":"pa_rozmir-921","18":"pa_rozmir-922","20":"first","21":"onbackorder","22":"purchasable","23":"product-type-variable"},"_links":{"self":[{"href":"https:\/\/nextsnkr.com\/lv\/wp-json\/wp\/v2\/product\/713089","targetHints":{"allow":["GET"]}}],"collection":[{"href":"https:\/\/nextsnkr.com\/lv\/wp-json\/wp\/v2\/product"}],"about":[{"href":"https:\/\/nextsnkr.com\/lv\/wp-json\/wp\/v2\/types\/product"}],"replies":[{"embeddable":true,"href":"https:\/\/nextsnkr.com\/lv\/wp-json\/wp\/v2\/comments?post=713089"}],"version-history":[{"count":0,"href":"https:\/\/nextsnkr.com\/lv\/wp-json\/wp\/v2\/product\/713089\/revisions"}],"wp:featuredmedia":[{"embeddable":true,"href":"https:\/\/nextsnkr.com\/lv\/wp-json\/wp\/v2\/media\/713093"}],"wp:attachment":[{"href":"https:\/\/nextsnkr.com\/lv\/wp-json\/wp\/v2\/media?parent=713089"}],"wp:term":[{"taxonomy":"product_brand","embeddable":true,"href":"https:\/\/nextsnkr.com\/lv\/wp-json\/wp\/v2\/product_brand?post=713089"},{"taxonomy":"product_cat","embeddable":true,"href":"https:\/\/nextsnkr.com\/lv\/wp-json\/wp\/v2\/product_cat?post=713089"},{"taxonomy":"product_tag","embeddable":true,"href":"https:\/\/nextsnkr.com\/lv\/wp-json\/wp\/v2\/product_tag?post=713089"}],"curies":[{"name":"wp","href":"https:\/\/api.w.org\/{rel}","templated":true}]}}