{"id":711951,"date":"2025-06-14T17:26:42","date_gmt":"2025-06-14T14:26:42","guid":{"rendered":"https:\/\/nextsnkr.com\/product\/mini-black-classic\/"},"modified":"2026-02-02T14:16:27","modified_gmt":"2026-02-02T11:16:27","slug":"mini-black-classic","status":"publish","type":"product","link":"https:\/\/nextsnkr.com\/lv\/product\/mini-black-classic\/","title":{"rendered":"UGG Mini Black Classic z\u0101baki-zam\u0161\u0101das mini roboti meln\u0101 kr\u0101s\u0101"},"content":{"rendered":"<h2>UGG Mini Black Classic z\u0101baki-zam\u0161\u0101das mini roboti meln\u0101 kr\u0101s\u0101<\/h2>\n<p>&nbsp;<\/p>\n<p>UGG Mini Black Classic z\u0101baki ir izgatavoti no kvalitat\u012bvas zam\u0161\u0101das, kas nodro\u0161ina iztur\u012bbu, komfortu un stil\u012bgu izskatu. Klasisk\u0101 meln\u0101 kr\u0101sa un \u012bsais stils padara modeli daudzpus\u012bgu ikdienas valk\u0101\u0161anai aukstaj\u0101 sezon\u0101. Viegl\u0101 zole amortiz\u0113 soli un atbalsta p\u0113du visas dienas garum\u0101. Praktiska, eleganta un silta ir ide\u0101la izv\u0113le tiem, kas nov\u0113rt\u0113 UGG komfortu un augst\u0101k\u0101s kvalit\u0101tes kvalit\u0101ti.<\/p>\n","protected":false},"excerpt":{"rendered":"<p>UGG Mini Black Classic z\u0101baki ir izgatavoti no kvalitat\u012bvas zam\u0161\u0101das, kas nodro\u0161ina iztur\u012bbu, komfortu un stil\u012bgu izskatu. Klasisk\u0101 meln\u0101 kr\u0101sa un \u012bsais stils padara modeli daudzpus\u012bgu ikdienas valk\u0101\u0161anai aukstaj\u0101 sezon\u0101. Viegl\u0101 zole amortiz\u0113 soli un atbalsta p\u0113du visas dienas garum\u0101. Praktiska, eleganta un silta ir ide\u0101la izv\u0113le tiem, kas nov\u0113rt\u0113 UGG komfortu un augst\u0101k\u0101s kvalit\u0101tes kvalit\u0101ti.<\/p>\n","protected":false},"featured_media":711955,"comment_status":"open","ping_status":"open","template":"","meta":[],"product_brand":[],"product_cat":[3411,3251],"product_tag":[],"class_list":{"0":"post-711951","1":"product","2":"type-product","3":"status-publish","4":"has-post-thumbnail","6":"product_cat-ugg","7":"product_cat-all-product","8":"pa_rozmir-910","9":"pa_rozmir-912","10":"pa_rozmir-914","11":"pa_rozmir-915","12":"pa_rozmir-916","13":"pa_rozmir-917","14":"pa_rozmir-918","15":"pa_rozmir-919","16":"pa_rozmir-920","17":"pa_rozmir-921","18":"pa_rozmir-922","20":"first","21":"onbackorder","22":"purchasable","23":"product-type-variable"},"_links":{"self":[{"href":"https:\/\/nextsnkr.com\/lv\/wp-json\/wp\/v2\/product\/711951","targetHints":{"allow":["GET"]}}],"collection":[{"href":"https:\/\/nextsnkr.com\/lv\/wp-json\/wp\/v2\/product"}],"about":[{"href":"https:\/\/nextsnkr.com\/lv\/wp-json\/wp\/v2\/types\/product"}],"replies":[{"embeddable":true,"href":"https:\/\/nextsnkr.com\/lv\/wp-json\/wp\/v2\/comments?post=711951"}],"version-history":[{"count":0,"href":"https:\/\/nextsnkr.com\/lv\/wp-json\/wp\/v2\/product\/711951\/revisions"}],"wp:featuredmedia":[{"embeddable":true,"href":"https:\/\/nextsnkr.com\/lv\/wp-json\/wp\/v2\/media\/711955"}],"wp:attachment":[{"href":"https:\/\/nextsnkr.com\/lv\/wp-json\/wp\/v2\/media?parent=711951"}],"wp:term":[{"taxonomy":"product_brand","embeddable":true,"href":"https:\/\/nextsnkr.com\/lv\/wp-json\/wp\/v2\/product_brand?post=711951"},{"taxonomy":"product_cat","embeddable":true,"href":"https:\/\/nextsnkr.com\/lv\/wp-json\/wp\/v2\/product_cat?post=711951"},{"taxonomy":"product_tag","embeddable":true,"href":"https:\/\/nextsnkr.com\/lv\/wp-json\/wp\/v2\/product_tag?post=711951"}],"curies":[{"name":"wp","href":"https:\/\/api.w.org\/{rel}","templated":true}]}}