{"id":711390,"date":"2025-06-16T21:22:20","date_gmt":"2025-06-16T18:22:20","guid":{"rendered":"https:\/\/nextsnkr.com\/product\/sale-nike-air-force-1-high-fur-black\/"},"modified":"2026-02-02T14:16:09","modified_gmt":"2026-02-02T11:16:09","slug":"sale-nike-air-force-1-high-fur-black","status":"publish","type":"product","link":"https:\/\/nextsnkr.com\/lv\/product\/sale-nike-air-force-1-high-fur-black\/","title":{"rendered":"Nike Air Force 1 High Fur Black \u010d\u012bbas-zam\u0161\u0101das-ka\u017eok\u0101das augstie krosi"},"content":{"rendered":"<h2>Nike Air Force 1 High Fur Black \u010d\u012bbas-zam\u0161\u0101das-ka\u017eok\u0101das augstie krosi<\/h2>\n<p>&nbsp;<\/p>\n<p>Nike Air Force 1 High Fur &#8220;Black&#8221; \u010d\u012bbas ir stil\u012bgs un silts aukst\u0101 laika modelis. Izgatavoti no augstas kvalit\u0101tes zam\u0161\u0101das un ka\u017eok\u0101das, tie nodro\u0161ina komfortu, siltumu un nodilumiztur\u012bbu. Mode\u013ca augstais dizains nodro\u0161ina pot\u012btes atbalstu un papildina m\u016bsdienu Urban stila izskatu. Meln\u0101 kr\u0101sa padara \u010d\u012bbas daudzpus\u012bgas un viegli savienojamas ar jebkuru ap\u0123\u0113rbu. \u0160ie krusti, kas ra\u017eoti Vjetnam\u0101, apvieno izcilu kvalit\u0101ti, stilu un praktiskumu. Izv\u0113lieties Nike Air Force 1 High Fur-komfortu un tenden\u010du izskatu katr\u0101 sol\u012b.<\/p>\n","protected":false},"excerpt":{"rendered":"<p>Nike Air Force 1 High Fur &#8220;Black&#8221; \u010d\u012bbas ir stil\u012bgs un silts aukst\u0101 laika modelis. Izgatavoti no augstas kvalit\u0101tes zam\u0161\u0101das un ka\u017eok\u0101das, tie nodro\u0161ina komfortu, siltumu un nodilumiztur\u012bbu. Mode\u013ca augstais dizains nodro\u0161ina pot\u012btes atbalstu un papildina m\u016bsdienu Urban stila izskatu. Meln\u0101 kr\u0101sa padara \u010d\u012bbas daudzpus\u012bgas un viegli savienojamas ar jebkuru ap\u0123\u0113rbu. \u0160ie krusti, kas ra\u017eoti Vjetnam\u0101, apvieno izcilu kvalit\u0101ti, stilu un praktiskumu. Izv\u0113lieties Nike Air Force 1 High Fur-komfortu un tenden\u010du izskatu katr\u0101 sol\u012b.<\/p>\n","protected":false},"featured_media":711394,"comment_status":"open","ping_status":"open","template":"","meta":[],"product_brand":[],"product_cat":[3251,3322],"product_tag":[],"class_list":{"0":"post-711390","1":"product","2":"type-product","3":"status-publish","4":"has-post-thumbnail","6":"product_cat-all-product","7":"product_cat-kedy","8":"pa_rozmir-910","9":"pa_rozmir-912","10":"pa_rozmir-914","11":"pa_rozmir-915","12":"pa_rozmir-916","13":"pa_rozmir-917","14":"pa_rozmir-918","15":"pa_rozmir-919","16":"pa_rozmir-920","17":"pa_rozmir-921","18":"pa_rozmir-922","20":"first","21":"onbackorder","22":"purchasable","23":"product-type-variable"},"_links":{"self":[{"href":"https:\/\/nextsnkr.com\/lv\/wp-json\/wp\/v2\/product\/711390","targetHints":{"allow":["GET"]}}],"collection":[{"href":"https:\/\/nextsnkr.com\/lv\/wp-json\/wp\/v2\/product"}],"about":[{"href":"https:\/\/nextsnkr.com\/lv\/wp-json\/wp\/v2\/types\/product"}],"replies":[{"embeddable":true,"href":"https:\/\/nextsnkr.com\/lv\/wp-json\/wp\/v2\/comments?post=711390"}],"version-history":[{"count":0,"href":"https:\/\/nextsnkr.com\/lv\/wp-json\/wp\/v2\/product\/711390\/revisions"}],"wp:featuredmedia":[{"embeddable":true,"href":"https:\/\/nextsnkr.com\/lv\/wp-json\/wp\/v2\/media\/711394"}],"wp:attachment":[{"href":"https:\/\/nextsnkr.com\/lv\/wp-json\/wp\/v2\/media?parent=711390"}],"wp:term":[{"taxonomy":"product_brand","embeddable":true,"href":"https:\/\/nextsnkr.com\/lv\/wp-json\/wp\/v2\/product_brand?post=711390"},{"taxonomy":"product_cat","embeddable":true,"href":"https:\/\/nextsnkr.com\/lv\/wp-json\/wp\/v2\/product_cat?post=711390"},{"taxonomy":"product_tag","embeddable":true,"href":"https:\/\/nextsnkr.com\/lv\/wp-json\/wp\/v2\/product_tag?post=711390"}],"curies":[{"name":"wp","href":"https:\/\/api.w.org\/{rel}","templated":true}]}}