{"id":711275,"date":"2025-06-14T17:28:09","date_gmt":"2025-06-14T14:28:09","guid":{"rendered":"https:\/\/nextsnkr.com\/product\/neumel-black-2\/"},"modified":"2026-02-02T14:16:04","modified_gmt":"2026-02-02T11:16:04","slug":"neumel-black-2","status":"publish","type":"product","link":"https:\/\/nextsnkr.com\/lv\/product\/neumel-black-2\/","title":{"rendered":"UGG Neumel Black z\u0101baki-zam\u0161\u0101das ar ait\u0101du komfortam"},"content":{"rendered":"<h2>UGG Neumel Black z\u0101baki-zam\u0161\u0101das ar ait\u0101du komfortam<\/h2>\n<p>&nbsp;<\/p>\n<p>UGG Neumel Black z\u0101baki ir stil\u012bgi un silti apavi ikdienas lieto\u0161anai. Izgatavoti no augstas kvalit\u0101tes zam\u0161\u0101das un izol\u0113ti ar dab\u012bgu ait\u0101du, tie nodro\u0161ina komfortu, siltumu un ilgu kalpo\u0161anas laiku. Klasiskais melnais dizains ir viegli savienojams ar jebkuru izskatu, un viegl\u0101 un elast\u012bg\u0101 zole nodro\u0161ina \u0113rt\u012bbas pastaigu laik\u0101. Izv\u0113lieties UGG Neumel-elegances, siltuma un uzticam\u012bbas kombin\u0101cija ikdienas valk\u0101\u0161anai.<\/p>\n","protected":false},"excerpt":{"rendered":"<p>UGG Neumel Black z\u0101baki ir stil\u012bgi un silti apavi ikdienas lieto\u0161anai. Izgatavoti no augstas kvalit\u0101tes zam\u0161\u0101das un izol\u0113ti ar dab\u012bgu ait\u0101du, tie nodro\u0161ina komfortu, siltumu un ilgu kalpo\u0161anas laiku. Klasiskais melnais dizains ir viegli savienojams ar jebkuru izskatu, un viegl\u0101 un elast\u012bg\u0101 zole nodro\u0161ina \u0113rt\u012bbas pastaigu laik\u0101. Izv\u0113lieties UGG Neumel-elegances, siltuma un uzticam\u012bbas kombin\u0101cija ikdienas valk\u0101\u0161anai.<\/p>\n","protected":false},"featured_media":711278,"comment_status":"open","ping_status":"open","template":"","meta":[],"product_brand":[],"product_cat":[3411,3251],"product_tag":[],"class_list":{"0":"post-711275","1":"product","2":"type-product","3":"status-publish","4":"has-post-thumbnail","6":"product_cat-ugg","7":"product_cat-all-product","8":"pa_rozmir-910","9":"pa_rozmir-912","10":"pa_rozmir-914","11":"pa_rozmir-915","12":"pa_rozmir-916","13":"pa_rozmir-917","14":"pa_rozmir-918","15":"pa_rozmir-919","16":"pa_rozmir-920","17":"pa_rozmir-921","18":"pa_rozmir-922","20":"first","21":"instock","22":"purchasable","23":"product-type-variable"},"_links":{"self":[{"href":"https:\/\/nextsnkr.com\/lv\/wp-json\/wp\/v2\/product\/711275","targetHints":{"allow":["GET"]}}],"collection":[{"href":"https:\/\/nextsnkr.com\/lv\/wp-json\/wp\/v2\/product"}],"about":[{"href":"https:\/\/nextsnkr.com\/lv\/wp-json\/wp\/v2\/types\/product"}],"replies":[{"embeddable":true,"href":"https:\/\/nextsnkr.com\/lv\/wp-json\/wp\/v2\/comments?post=711275"}],"version-history":[{"count":0,"href":"https:\/\/nextsnkr.com\/lv\/wp-json\/wp\/v2\/product\/711275\/revisions"}],"wp:featuredmedia":[{"embeddable":true,"href":"https:\/\/nextsnkr.com\/lv\/wp-json\/wp\/v2\/media\/711278"}],"wp:attachment":[{"href":"https:\/\/nextsnkr.com\/lv\/wp-json\/wp\/v2\/media?parent=711275"}],"wp:term":[{"taxonomy":"product_brand","embeddable":true,"href":"https:\/\/nextsnkr.com\/lv\/wp-json\/wp\/v2\/product_brand?post=711275"},{"taxonomy":"product_cat","embeddable":true,"href":"https:\/\/nextsnkr.com\/lv\/wp-json\/wp\/v2\/product_cat?post=711275"},{"taxonomy":"product_tag","embeddable":true,"href":"https:\/\/nextsnkr.com\/lv\/wp-json\/wp\/v2\/product_tag?post=711275"}],"curies":[{"name":"wp","href":"https:\/\/api.w.org\/{rel}","templated":true}]}}