{"id":710935,"date":"2025-06-14T17:28:39","date_gmt":"2025-06-14T14:28:39","guid":{"rendered":"https:\/\/nextsnkr.com\/product\/mini-zip-grey\/"},"modified":"2026-02-02T14:15:55","modified_gmt":"2026-02-02T11:15:55","slug":"mini-zip-grey","status":"publish","type":"product","link":"https:\/\/nextsnkr.com\/lv\/product\/mini-zip-grey\/","title":{"rendered":"UGG Mini ZIP pel\u0113ks-pel\u0113ks sievie\u0161u zam\u0161\u0101das uggs"},"content":{"rendered":"<h2>UGG Mini ZIP pel\u0113ks-pel\u0113ks sievie\u0161u zam\u0161\u0101das uggs<\/h2>\n<p>&nbsp;<\/p>\n<p>UGG Mini ZIP Grey ir stil\u012bgs un \u0113rts Sievie\u0161u uggs, kas izgatavots no m\u012bkstas zam\u0161\u0101das, kas nodro\u0161ina siltumu un \u0113rtu piem\u0113rot\u012bbu. Modelis ir apr\u012bkots ar praktisku r\u0101v\u0113jsl\u0113dz\u0113ju viegliem apaviem un no\u0146emamu zoli papildu komfortam. Pel\u0113k\u0101 kr\u0101sa viegli sapl\u016bst ar jebkuru dr\u0113bju skapi, pievienojot eleganci ikdienas izskatam. \u0160ie uggs, kas ra\u017eoti \u0136\u012bn\u0101, apvieno kvalit\u0101ti, iztur\u012bbu un modernu dizainu, kas ir ide\u0101li piem\u0113roti aukst\u0101m por\u0101m un akt\u012bvai pils\u0113tas dz\u012bvei.<\/p>\n","protected":false},"excerpt":{"rendered":"<p>UGG Mini ZIP Grey ir stil\u012bgs un \u0113rts Sievie\u0161u uggs, kas izgatavots no m\u012bkstas zam\u0161\u0101das, kas nodro\u0161ina siltumu un \u0113rtu piem\u0113rot\u012bbu. Modelis ir apr\u012bkots ar praktisku r\u0101v\u0113jsl\u0113dz\u0113ju viegliem apaviem un no\u0146emamu zoli papildu komfortam. Pel\u0113k\u0101 kr\u0101sa viegli sapl\u016bst ar jebkuru dr\u0113bju skapi, pievienojot eleganci ikdienas izskatam. \u0160ie uggs, kas ra\u017eoti \u0136\u012bn\u0101, apvieno kvalit\u0101ti, iztur\u012bbu un modernu dizainu, kas ir ide\u0101li piem\u0113roti aukst\u0101m por\u0101m un akt\u012bvai pils\u0113tas dz\u012bvei.<\/p>\n","protected":false},"featured_media":710939,"comment_status":"open","ping_status":"open","template":"","meta":[],"product_brand":[],"product_cat":[3411,3251],"product_tag":[],"class_list":{"0":"post-710935","1":"product","2":"type-product","3":"status-publish","4":"has-post-thumbnail","6":"product_cat-ugg","7":"product_cat-all-product","8":"pa_rozmir-910","9":"pa_rozmir-912","10":"pa_rozmir-914","11":"pa_rozmir-915","12":"pa_rozmir-916","13":"pa_rozmir-917","14":"pa_rozmir-918","15":"pa_rozmir-919","16":"pa_rozmir-920","17":"pa_rozmir-921","18":"pa_rozmir-922","20":"first","21":"instock","22":"purchasable","23":"product-type-variable"},"_links":{"self":[{"href":"https:\/\/nextsnkr.com\/lv\/wp-json\/wp\/v2\/product\/710935","targetHints":{"allow":["GET"]}}],"collection":[{"href":"https:\/\/nextsnkr.com\/lv\/wp-json\/wp\/v2\/product"}],"about":[{"href":"https:\/\/nextsnkr.com\/lv\/wp-json\/wp\/v2\/types\/product"}],"replies":[{"embeddable":true,"href":"https:\/\/nextsnkr.com\/lv\/wp-json\/wp\/v2\/comments?post=710935"}],"version-history":[{"count":0,"href":"https:\/\/nextsnkr.com\/lv\/wp-json\/wp\/v2\/product\/710935\/revisions"}],"wp:featuredmedia":[{"embeddable":true,"href":"https:\/\/nextsnkr.com\/lv\/wp-json\/wp\/v2\/media\/710939"}],"wp:attachment":[{"href":"https:\/\/nextsnkr.com\/lv\/wp-json\/wp\/v2\/media?parent=710935"}],"wp:term":[{"taxonomy":"product_brand","embeddable":true,"href":"https:\/\/nextsnkr.com\/lv\/wp-json\/wp\/v2\/product_brand?post=710935"},{"taxonomy":"product_cat","embeddable":true,"href":"https:\/\/nextsnkr.com\/lv\/wp-json\/wp\/v2\/product_cat?post=710935"},{"taxonomy":"product_tag","embeddable":true,"href":"https:\/\/nextsnkr.com\/lv\/wp-json\/wp\/v2\/product_tag?post=710935"}],"curies":[{"name":"wp","href":"https:\/\/api.w.org\/{rel}","templated":true}]}}