{"id":709543,"date":"2025-06-16T21:27:14","date_gmt":"2025-06-16T18:27:14","guid":{"rendered":"https:\/\/nextsnkr.com\/product\/nike-m2k-tekno-pure-platinum\/"},"modified":"2026-02-02T14:15:07","modified_gmt":"2026-02-02T11:15:07","slug":"nike-m2k-tekno-pure-platinum","status":"publish","type":"product","link":"https:\/\/nextsnkr.com\/lv\/product\/nike-m2k-tekno-pure-platinum\/","title":{"rendered":"Nike m2K Tekno Pure Platinum kedas &#8211; \u0101das stil\u012bgas kedas"},"content":{"rendered":"<h2>Nike m2K Tekno Pure Platinum kedas &#8211; \u0101das stil\u012bgas kedas<\/h2>\n<p>&nbsp;<\/p>\n<p>Nike m2K Tekno Pure Platinum \u010d\u012bbas ir izgatavotas no augstas kvalit\u0101tes \u0101das, un t\u0101m ir putu zole un nodilumiztur\u012bga gumija, kas nodro\u0161ina komfortu, vieglumu un uzticamu amortiz\u0101ciju. Modelis apvieno modernu dizainu un klasisko stilu, piem\u0113rots ikdienas valk\u0101\u0161anai un pils\u0113tas akt\u012bvai dz\u012bvei. Ra\u017eoti Vjetnam\u0101, \u010d\u012bbas tiek pieg\u0101d\u0101tas Nike firmas kast\u0113 ar z\u012bmolu iepakojumu un dokumentiem. Nike m2K Tekno Pure Platinum ir ide\u0101la izv\u0113le tiem, kas nov\u0113rt\u0113 z\u012bmola stilu, komfortu un augst\u0101k\u0101s kvalit\u0101tes kvalit\u0101ti.<\/p>\n","protected":false},"excerpt":{"rendered":"<p>Nike m2K Tekno Pure Platinum \u010d\u012bbas ir izgatavotas no augstas kvalit\u0101tes \u0101das, un t\u0101m ir putu zole un nodilumiztur\u012bga gumija, kas nodro\u0161ina komfortu, vieglumu un uzticamu amortiz\u0101ciju. Modelis apvieno modernu dizainu un klasisko stilu, piem\u0113rots ikdienas valk\u0101\u0161anai un pils\u0113tas akt\u012bvai dz\u012bvei. Ra\u017eoti Vjetnam\u0101, \u010d\u012bbas tiek pieg\u0101d\u0101tas Nike firmas kast\u0113 ar z\u012bmolu iepakojumu un dokumentiem. Nike m2K Tekno Pure Platinum ir ide\u0101la izv\u0113le tiem, kas nov\u0113rt\u0113 z\u012bmola stilu, komfortu un augst\u0101k\u0101s kvalit\u0101tes kvalit\u0101ti.<\/p>\n","protected":false},"featured_media":709544,"comment_status":"open","ping_status":"open","template":"","meta":[],"product_brand":[],"product_cat":[3251,3252],"product_tag":[],"class_list":{"0":"post-709543","1":"product","2":"type-product","3":"status-publish","4":"has-post-thumbnail","6":"product_cat-all-product","7":"product_cat-krosivky","8":"pa_rozmir-910","9":"pa_rozmir-912","10":"pa_rozmir-914","11":"pa_rozmir-915","12":"pa_rozmir-916","13":"pa_rozmir-917","14":"pa_rozmir-918","15":"pa_rozmir-919","16":"pa_rozmir-920","17":"pa_rozmir-921","18":"pa_rozmir-922","20":"first","21":"onbackorder","22":"purchasable","23":"product-type-variable"},"_links":{"self":[{"href":"https:\/\/nextsnkr.com\/lv\/wp-json\/wp\/v2\/product\/709543","targetHints":{"allow":["GET"]}}],"collection":[{"href":"https:\/\/nextsnkr.com\/lv\/wp-json\/wp\/v2\/product"}],"about":[{"href":"https:\/\/nextsnkr.com\/lv\/wp-json\/wp\/v2\/types\/product"}],"replies":[{"embeddable":true,"href":"https:\/\/nextsnkr.com\/lv\/wp-json\/wp\/v2\/comments?post=709543"}],"version-history":[{"count":0,"href":"https:\/\/nextsnkr.com\/lv\/wp-json\/wp\/v2\/product\/709543\/revisions"}],"wp:featuredmedia":[{"embeddable":true,"href":"https:\/\/nextsnkr.com\/lv\/wp-json\/wp\/v2\/media\/709544"}],"wp:attachment":[{"href":"https:\/\/nextsnkr.com\/lv\/wp-json\/wp\/v2\/media?parent=709543"}],"wp:term":[{"taxonomy":"product_brand","embeddable":true,"href":"https:\/\/nextsnkr.com\/lv\/wp-json\/wp\/v2\/product_brand?post=709543"},{"taxonomy":"product_cat","embeddable":true,"href":"https:\/\/nextsnkr.com\/lv\/wp-json\/wp\/v2\/product_cat?post=709543"},{"taxonomy":"product_tag","embeddable":true,"href":"https:\/\/nextsnkr.com\/lv\/wp-json\/wp\/v2\/product_tag?post=709543"}],"curies":[{"name":"wp","href":"https:\/\/api.w.org\/{rel}","templated":true}]}}