{"id":708680,"date":"2025-06-16T21:31:22","date_gmt":"2025-06-16T18:31:22","guid":{"rendered":"https:\/\/nextsnkr.com\/product\/nike-air-jordan-1-retro-high-og-unc-chicago\/"},"modified":"2026-02-02T14:14:44","modified_gmt":"2026-02-02T11:14:44","slug":"nike-air-jordan-1-retro-high-og-unc-chicago","status":"publish","type":"product","link":"https:\/\/nextsnkr.com\/lv\/product\/nike-air-jordan-1-retro-high-og-unc-chicago\/","title":{"rendered":"Nike Air jordan 1 Retro High OG UNC Chicago \u010d\u012bbas-klasisk\u0101s augst\u0101s kedas"},"content":{"rendered":"<h2>Nike Air jordan 1 Retro High OG UNC Chicago \u010d\u012bbas-klasisk\u0101s augst\u0101s kedas<\/h2>\n<p>&nbsp;<\/p>\n<p>Nike Air Jordan 1 Retro High OG UNC Chicago \u010d\u012bbas ir le\u0123end\u0101rs augsto \u010d\u012bbu modelis, kas apvieno stilu un komfortu ikdienas valk\u0101\u0161anai. Klasiskais dizains ar kontrast\u0113jo\u0161\u0101m UNC un \u010cik\u0101gas nokr\u0101s\u0101m izce\u013c person\u012bbu un padara \u010d\u012bbas daudzpus\u012bgas jebkuram izskatam. Augsts profils nodro\u0161ina pot\u012btes atbalstu, un kvalitat\u012bva veiktsp\u0113ja garant\u0113 iztur\u012bbu un nodilumiztur\u012bbu. Nike Air Jordan 1 Retro High OG ir izv\u0113le tiem, kas nov\u0113rt\u0113 stilu, komfortu un sportisko est\u0113tiku.<\/p>\n","protected":false},"excerpt":{"rendered":"<p>Nike Air Jordan 1 Retro High OG UNC Chicago \u010d\u012bbas ir le\u0123end\u0101rs augsto \u010d\u012bbu modelis, kas apvieno stilu un komfortu ikdienas valk\u0101\u0161anai. Klasiskais dizains ar kontrast\u0113jo\u0161\u0101m UNC un \u010cik\u0101gas nokr\u0101s\u0101m izce\u013c person\u012bbu un padara \u010d\u012bbas daudzpus\u012bgas jebkuram izskatam. Augsts profils nodro\u0161ina pot\u012btes atbalstu, un kvalitat\u012bva veiktsp\u0113ja garant\u0113 iztur\u012bbu un nodilumiztur\u012bbu. Nike Air Jordan 1 Retro High OG ir izv\u0113le tiem, kas nov\u0113rt\u0113 stilu, komfortu un sportisko est\u0113tiku.<\/p>\n","protected":false},"featured_media":708681,"comment_status":"open","ping_status":"open","template":"","meta":[],"product_brand":[],"product_cat":[3387,3251,3322],"product_tag":[],"class_list":{"0":"post-708680","1":"product","2":"type-product","3":"status-publish","4":"has-post-thumbnail","6":"product_cat-nike-jordan","7":"product_cat-all-product","8":"product_cat-kedy","9":"pa_rozmir-910","10":"pa_rozmir-912","11":"pa_rozmir-914","12":"pa_rozmir-915","13":"pa_rozmir-916","14":"pa_rozmir-917","15":"pa_rozmir-918","16":"pa_rozmir-919","17":"pa_rozmir-920","18":"pa_rozmir-921","19":"pa_rozmir-922","21":"first","22":"onbackorder","23":"purchasable","24":"product-type-variable"},"_links":{"self":[{"href":"https:\/\/nextsnkr.com\/lv\/wp-json\/wp\/v2\/product\/708680","targetHints":{"allow":["GET"]}}],"collection":[{"href":"https:\/\/nextsnkr.com\/lv\/wp-json\/wp\/v2\/product"}],"about":[{"href":"https:\/\/nextsnkr.com\/lv\/wp-json\/wp\/v2\/types\/product"}],"replies":[{"embeddable":true,"href":"https:\/\/nextsnkr.com\/lv\/wp-json\/wp\/v2\/comments?post=708680"}],"version-history":[{"count":0,"href":"https:\/\/nextsnkr.com\/lv\/wp-json\/wp\/v2\/product\/708680\/revisions"}],"wp:featuredmedia":[{"embeddable":true,"href":"https:\/\/nextsnkr.com\/lv\/wp-json\/wp\/v2\/media\/708681"}],"wp:attachment":[{"href":"https:\/\/nextsnkr.com\/lv\/wp-json\/wp\/v2\/media?parent=708680"}],"wp:term":[{"taxonomy":"product_brand","embeddable":true,"href":"https:\/\/nextsnkr.com\/lv\/wp-json\/wp\/v2\/product_brand?post=708680"},{"taxonomy":"product_cat","embeddable":true,"href":"https:\/\/nextsnkr.com\/lv\/wp-json\/wp\/v2\/product_cat?post=708680"},{"taxonomy":"product_tag","embeddable":true,"href":"https:\/\/nextsnkr.com\/lv\/wp-json\/wp\/v2\/product_tag?post=708680"}],"curies":[{"name":"wp","href":"https:\/\/api.w.org\/{rel}","templated":true}]}}